{"id":827,"date":"2020-11-15T13:23:30","date_gmt":"2020-11-15T13:23:30","guid":{"rendered":"https:\/\/www.diapro.is\/?post_type=product&#038;p=827"},"modified":"2025-02-21T14:05:52","modified_gmt":"2025-02-21T14:05:52","slug":"dc-2900","status":"publish","type":"product","link":"https:\/\/www.diapro.is\/en\/product\/dc-2900\/","title":{"rendered":"Dustcontrol DC 2900auto"},"content":{"rendered":"<p>The DC 2900 is our most popular dust extractor. It is suitable for vacuum cleaning and source extraction from handheld power tools (with up to 5\u201d suction casings) and small table saws.<\/p>\n<p>The DC 2900 has a sturdy steel chassis with big wheels, but is still lightweight and portable. The DC 2900 can be ordered with a plastic bag (DC 2900c) or with a steel container (DC 2900H a). Collection in a steel container makes the DC 2900H a ideal for use with sharp items such as metal chips.<\/p>\n<p><strong>DC 2900c Autostart*:<\/strong>\u00a0Connect the subject electric tool to the electrical outlet on unit. Set the selector switch to the AUTO position. The unit will start automatically when the subject tool is started.<\/p>\n<p><strong>The DC 2900c Antistatic is delivered with the following hose set:<\/strong><\/p>\n<p>Antistatic hose set\u00a0 \u00d8 1.5\u201d\/38 mm x 15\u2019\/5m (Part No 2012+2108+2114)<\/p>\n<p><strong>The DC 2900c\u00a0is delivered with the following:<\/strong><\/p>\n<ul>\n<li>Suction hose (\u00d8 38) 5 m (Part No 2105)<\/li>\n<li>Aluminium floor tool\u00a0 B 370\u00a0<span class=\"s2\">\u00d8<\/span>1.5\u201d \/38mm (Part No 7235)<\/li>\n<li>Chrome steel suction pipe \u00d8 1.5\u201d\/38 mm\u00a0(Part No 7257)<\/li>\n<li><em>intelli<\/em>bag(Part No 42702,\u00a010 pcs bags)<\/li>\n<li>Fine filter, cellulose (Part No 42029)<\/li>\n<li>HEPA filter (Part No 42027)<\/li>\n<\/ul>\n","protected":false},"excerpt":{"rendered":"<p>DC 2900 er i\u00f0na\u00f0arryksuga sem hentar i mj\u00f6g m\u00f6rg verk og m\u00e1 nota i asbest og myglu.\u00deessi er s\u00fa vins\u00e6lasta framleitt i Sv\u00ed\u00fej\u00f3\u00f0<\/p>\n","protected":false},"featured_media":1976,"template":"","meta":[],"product_brand":[],"product_cat":[95],"product_tag":[],"class_list":{"0":"post-827","1":"product","2":"type-product","3":"status-publish","4":"has-post-thumbnail","6":"product_cat-dustcontrol-vorur","8":"first","9":"instock","10":"sale","11":"taxable","12":"shipping-taxable","13":"purchasable","14":"product-type-simple"},"yoast_head":"<!-- This site is optimized with the Yoast SEO plugin v26.6 - https:\/\/yoast.com\/wordpress\/plugins\/seo\/ -->\n<title>Dustcontrol DC 2900auto | Diapro<\/title>\n<meta name=\"description\" content=\"DC 2900 er i\u00f0na\u00f0arryksuga sem hentar i mj\u00f6g m\u00f6rg verk og m\u00e1 nota i asbest og myglu.\u00deessi er s\u00fa vins\u00e6lasta framleitt i Sv\u00ed\u00fej\u00f3\u00f0\" \/>\n<meta name=\"robots\" content=\"index, follow, max-snippet:-1, max-image-preview:large, max-video-preview:-1\" \/>\n<link rel=\"canonical\" href=\"https:\/\/www.diapro.is\/vara\/dc-2900\/\" \/>\n<meta property=\"og:locale\" content=\"en_US\" \/>\n<meta property=\"og:type\" content=\"article\" \/>\n<meta property=\"og:title\" content=\"Dustcontrol DC 2900auto | Diapro\" \/>\n<meta property=\"og:description\" content=\"DC 2900 er i\u00f0na\u00f0arryksuga sem hentar i mj\u00f6g m\u00f6rg verk og m\u00e1 nota i asbest og myglu.\u00deessi er s\u00fa vins\u00e6lasta framleitt i Sv\u00ed\u00fej\u00f3\u00f0\" \/>\n<meta property=\"og:url\" content=\"https:\/\/www.diapro.is\/vara\/dc-2900\/\" \/>\n<meta property=\"og:site_name\" content=\"Diapro\" \/>\n<meta property=\"article:modified_time\" content=\"2025-02-21T14:05:52+00:00\" \/>\n<meta property=\"og:image\" content=\"https:\/\/www.diapro.is\/wp-content\/uploads\/2020\/11\/dc2900-800x800-1.jpg\" \/>\n\t<meta property=\"og:image:width\" content=\"800\" \/>\n\t<meta property=\"og:image:height\" content=\"800\" \/>\n\t<meta property=\"og:image:type\" content=\"image\/jpeg\" \/>\n<meta name=\"twitter:card\" content=\"summary_large_image\" \/>\n<meta name=\"twitter:label1\" content=\"Est. reading time\" \/>\n\t<meta name=\"twitter:data1\" content=\"2 minutes\" \/>\n<script type=\"application\/ld+json\" class=\"yoast-schema-graph\">{\"@context\":\"https:\/\/schema.org\",\"@graph\":[{\"@type\":\"WebPage\",\"@id\":\"https:\/\/www.diapro.is\/vara\/dc-2900\/\",\"url\":\"https:\/\/www.diapro.is\/vara\/dc-2900\/\",\"name\":\"Dustcontrol DC 2900auto | Diapro\",\"isPartOf\":{\"@id\":\"https:\/\/www.diapro.is\/#website\"},\"primaryImageOfPage\":{\"@id\":\"https:\/\/www.diapro.is\/vara\/dc-2900\/#primaryimage\"},\"image\":{\"@id\":\"https:\/\/www.diapro.is\/vara\/dc-2900\/#primaryimage\"},\"thumbnailUrl\":\"https:\/\/www.diapro.is\/wp-content\/uploads\/2020\/11\/dc2900-800x800-1.jpg\",\"datePublished\":\"2020-11-15T13:23:30+00:00\",\"dateModified\":\"2025-02-21T14:05:52+00:00\",\"description\":\"DC 2900 er i\u00f0na\u00f0arryksuga sem hentar i mj\u00f6g m\u00f6rg verk og m\u00e1 nota i asbest og myglu.\u00deessi er s\u00fa vins\u00e6lasta framleitt i Sv\u00ed\u00fej\u00f3\u00f0\",\"breadcrumb\":{\"@id\":\"https:\/\/www.diapro.is\/vara\/dc-2900\/#breadcrumb\"},\"inLanguage\":\"en-US\",\"potentialAction\":[{\"@type\":\"ReadAction\",\"target\":[\"https:\/\/www.diapro.is\/vara\/dc-2900\/\"]}]},{\"@type\":\"ImageObject\",\"inLanguage\":\"en-US\",\"@id\":\"https:\/\/www.diapro.is\/vara\/dc-2900\/#primaryimage\",\"url\":\"https:\/\/www.diapro.is\/wp-content\/uploads\/2020\/11\/dc2900-800x800-1.jpg\",\"contentUrl\":\"https:\/\/www.diapro.is\/wp-content\/uploads\/2020\/11\/dc2900-800x800-1.jpg\",\"width\":800,\"height\":800,\"caption\":\"DC2900\"},{\"@type\":\"BreadcrumbList\",\"@id\":\"https:\/\/www.diapro.is\/vara\/dc-2900\/#breadcrumb\",\"itemListElement\":[{\"@type\":\"ListItem\",\"position\":1,\"name\":\"Home\",\"item\":\"https:\/\/www.diapro.is\/en\/\"},{\"@type\":\"ListItem\",\"position\":2,\"name\":\"Shop\",\"item\":\"https:\/\/www.diapro.is\/en\/\"},{\"@type\":\"ListItem\",\"position\":3,\"name\":\"Dustcontrol DC 2900auto\"}]},{\"@type\":\"WebSite\",\"@id\":\"https:\/\/www.diapro.is\/#website\",\"url\":\"https:\/\/www.diapro.is\/\",\"name\":\"Diapro\",\"description\":\"Diapro\",\"publisher\":{\"@id\":\"https:\/\/www.diapro.is\/#organization\"},\"potentialAction\":[{\"@type\":\"SearchAction\",\"target\":{\"@type\":\"EntryPoint\",\"urlTemplate\":\"https:\/\/www.diapro.is\/?s={search_term_string}\"},\"query-input\":{\"@type\":\"PropertyValueSpecification\",\"valueRequired\":true,\"valueName\":\"search_term_string\"}}],\"inLanguage\":\"en-US\"},{\"@type\":\"Organization\",\"@id\":\"https:\/\/www.diapro.is\/#organization\",\"name\":\"Diapro\",\"url\":\"https:\/\/www.diapro.is\/\",\"logo\":{\"@type\":\"ImageObject\",\"inLanguage\":\"en-US\",\"@id\":\"https:\/\/www.diapro.is\/#\/schema\/logo\/image\/\",\"url\":\"https:\/\/www.diapro.is\/wp-content\/uploads\/2021\/09\/BORSmal_Logo.png\",\"contentUrl\":\"https:\/\/www.diapro.is\/wp-content\/uploads\/2021\/09\/BORSmal_Logo.png\",\"width\":100,\"height\":100,\"caption\":\"Diapro\"},\"image\":{\"@id\":\"https:\/\/www.diapro.is\/#\/schema\/logo\/image\/\"}}]}<\/script>\n<!-- \/ Yoast SEO plugin. -->","yoast_head_json":{"title":"Dustcontrol DC 2900auto | Diapro","description":"DC 2900 er i\u00f0na\u00f0arryksuga sem hentar i mj\u00f6g m\u00f6rg verk og m\u00e1 nota i asbest og myglu.\u00deessi er s\u00fa vins\u00e6lasta framleitt i Sv\u00ed\u00fej\u00f3\u00f0","robots":{"index":"index","follow":"follow","max-snippet":"max-snippet:-1","max-image-preview":"max-image-preview:large","max-video-preview":"max-video-preview:-1"},"canonical":"https:\/\/www.diapro.is\/vara\/dc-2900\/","og_locale":"en_US","og_type":"article","og_title":"Dustcontrol DC 2900auto | Diapro","og_description":"DC 2900 er i\u00f0na\u00f0arryksuga sem hentar i mj\u00f6g m\u00f6rg verk og m\u00e1 nota i asbest og myglu.\u00deessi er s\u00fa vins\u00e6lasta framleitt i Sv\u00ed\u00fej\u00f3\u00f0","og_url":"https:\/\/www.diapro.is\/vara\/dc-2900\/","og_site_name":"Diapro","article_modified_time":"2025-02-21T14:05:52+00:00","og_image":[{"width":800,"height":800,"url":"https:\/\/www.diapro.is\/wp-content\/uploads\/2020\/11\/dc2900-800x800-1.jpg","type":"image\/jpeg"}],"twitter_card":"summary_large_image","twitter_misc":{"Est. reading time":"2 minutes"},"schema":{"@context":"https:\/\/schema.org","@graph":[{"@type":"WebPage","@id":"https:\/\/www.diapro.is\/vara\/dc-2900\/","url":"https:\/\/www.diapro.is\/vara\/dc-2900\/","name":"Dustcontrol DC 2900auto | Diapro","isPartOf":{"@id":"https:\/\/www.diapro.is\/#website"},"primaryImageOfPage":{"@id":"https:\/\/www.diapro.is\/vara\/dc-2900\/#primaryimage"},"image":{"@id":"https:\/\/www.diapro.is\/vara\/dc-2900\/#primaryimage"},"thumbnailUrl":"https:\/\/www.diapro.is\/wp-content\/uploads\/2020\/11\/dc2900-800x800-1.jpg","datePublished":"2020-11-15T13:23:30+00:00","dateModified":"2025-02-21T14:05:52+00:00","description":"DC 2900 er i\u00f0na\u00f0arryksuga sem hentar i mj\u00f6g m\u00f6rg verk og m\u00e1 nota i asbest og myglu.\u00deessi er s\u00fa vins\u00e6lasta framleitt i Sv\u00ed\u00fej\u00f3\u00f0","breadcrumb":{"@id":"https:\/\/www.diapro.is\/vara\/dc-2900\/#breadcrumb"},"inLanguage":"en-US","potentialAction":[{"@type":"ReadAction","target":["https:\/\/www.diapro.is\/vara\/dc-2900\/"]}]},{"@type":"ImageObject","inLanguage":"en-US","@id":"https:\/\/www.diapro.is\/vara\/dc-2900\/#primaryimage","url":"https:\/\/www.diapro.is\/wp-content\/uploads\/2020\/11\/dc2900-800x800-1.jpg","contentUrl":"https:\/\/www.diapro.is\/wp-content\/uploads\/2020\/11\/dc2900-800x800-1.jpg","width":800,"height":800,"caption":"DC2900"},{"@type":"BreadcrumbList","@id":"https:\/\/www.diapro.is\/vara\/dc-2900\/#breadcrumb","itemListElement":[{"@type":"ListItem","position":1,"name":"Home","item":"https:\/\/www.diapro.is\/en\/"},{"@type":"ListItem","position":2,"name":"Shop","item":"https:\/\/www.diapro.is\/en\/"},{"@type":"ListItem","position":3,"name":"Dustcontrol DC 2900auto"}]},{"@type":"WebSite","@id":"https:\/\/www.diapro.is\/#website","url":"https:\/\/www.diapro.is\/","name":"Diapro","description":"Diapro","publisher":{"@id":"https:\/\/www.diapro.is\/#organization"},"potentialAction":[{"@type":"SearchAction","target":{"@type":"EntryPoint","urlTemplate":"https:\/\/www.diapro.is\/?s={search_term_string}"},"query-input":{"@type":"PropertyValueSpecification","valueRequired":true,"valueName":"search_term_string"}}],"inLanguage":"en-US"},{"@type":"Organization","@id":"https:\/\/www.diapro.is\/#organization","name":"Diapro","url":"https:\/\/www.diapro.is\/","logo":{"@type":"ImageObject","inLanguage":"en-US","@id":"https:\/\/www.diapro.is\/#\/schema\/logo\/image\/","url":"https:\/\/www.diapro.is\/wp-content\/uploads\/2021\/09\/BORSmal_Logo.png","contentUrl":"https:\/\/www.diapro.is\/wp-content\/uploads\/2021\/09\/BORSmal_Logo.png","width":100,"height":100,"caption":"Diapro"},"image":{"@id":"https:\/\/www.diapro.is\/#\/schema\/logo\/image\/"}}]}},"_links":{"self":[{"href":"https:\/\/www.diapro.is\/en\/wp-json\/wp\/v2\/product\/827","targetHints":{"allow":["GET"]}}],"collection":[{"href":"https:\/\/www.diapro.is\/en\/wp-json\/wp\/v2\/product"}],"about":[{"href":"https:\/\/www.diapro.is\/en\/wp-json\/wp\/v2\/types\/product"}],"wp:featuredmedia":[{"embeddable":true,"href":"https:\/\/www.diapro.is\/en\/wp-json\/wp\/v2\/media\/1976"}],"wp:attachment":[{"href":"https:\/\/www.diapro.is\/en\/wp-json\/wp\/v2\/media?parent=827"}],"wp:term":[{"taxonomy":"product_brand","embeddable":true,"href":"https:\/\/www.diapro.is\/en\/wp-json\/wp\/v2\/product_brand?post=827"},{"taxonomy":"product_cat","embeddable":true,"href":"https:\/\/www.diapro.is\/en\/wp-json\/wp\/v2\/product_cat?post=827"},{"taxonomy":"product_tag","embeddable":true,"href":"https:\/\/www.diapro.is\/en\/wp-json\/wp\/v2\/product_tag?post=827"}],"curies":[{"name":"wp","href":"https:\/\/api.w.org\/{rel}","templated":true}]}}