{"id":773,"date":"2020-11-15T12:24:19","date_gmt":"2020-11-15T12:24:19","guid":{"rendered":"https:\/\/www.diapro.is\/?post_type=product&#038;p=773"},"modified":"2022-03-23T09:10:31","modified_gmt":"2022-03-23T09:10:31","slug":"kjarnabor","status":"publish","type":"product","link":"https:\/\/www.diapro.is\/en\/product\/kjarnabor\/","title":{"rendered":"Kjarnabor fyrir fagmenn h\u00e1g\u00e6\u00f0a demantar   Gengjur  1 1\/4"},"content":{"rendered":"","protected":false},"excerpt":{"rendered":"<p>Kjarnabor fyrir fagmenn.<\/p>\n<p>Eigum allar st\u00e6r\u00f0ir til.<\/p>\n<p>Kjarnaborar fyrir venjulega steypu og miki\u00f0 j\u00e1rbenta steypu !!!!<\/p>\n<p>Me\u00f0 12mm h\u00e1um h\u00e1g\u00e6\u00f0a demanti !!!!!<\/p>\n","protected":false},"featured_media":1988,"template":"","meta":[],"product_brand":[],"product_cat":[94],"product_tag":[],"class_list":{"0":"post-773","1":"product","2":"type-product","3":"status-publish","4":"has-post-thumbnail","6":"product_cat-borar","8":"first","9":"instock","10":"taxable","11":"shipping-taxable","12":"product-type-simple"},"yoast_head":"<!-- This site is optimized with the Yoast SEO plugin v26.6 - https:\/\/yoast.com\/wordpress\/plugins\/seo\/ -->\n<title>Kjarnabor fyrir fagmenn h\u00e1g\u00e6\u00f0a demantar  Gengjur 1 1\/4 | Diapro<\/title>\n<meta name=\"description\" content=\"Kjarnabor fyrir fagmenn.  Eigum allar st\u00e6r\u00f0ir til.  Kjarnaborar fyrir venjulega steypu og miki\u00f0 j\u00e1rbenta steypu !!!!  Me\u00f0 12mm h\u00e1um h\u00e1g\u00e6\u00f0a demanti !!!!!\" \/>\n<meta name=\"robots\" content=\"index, follow, max-snippet:-1, max-image-preview:large, max-video-preview:-1\" \/>\n<link rel=\"canonical\" href=\"https:\/\/www.diapro.is\/vara\/kjarnabor\/\" \/>\n<meta property=\"og:locale\" content=\"en_US\" \/>\n<meta property=\"og:type\" content=\"article\" \/>\n<meta property=\"og:title\" content=\"Kjarnabor fyrir fagmenn h\u00e1g\u00e6\u00f0a demantar  Gengjur 1 1\/4 | Diapro\" \/>\n<meta property=\"og:description\" content=\"Kjarnabor fyrir fagmenn.  Eigum allar st\u00e6r\u00f0ir til.  Kjarnaborar fyrir venjulega steypu og miki\u00f0 j\u00e1rbenta steypu !!!!  Me\u00f0 12mm h\u00e1um h\u00e1g\u00e6\u00f0a demanti !!!!!\" \/>\n<meta property=\"og:url\" content=\"https:\/\/www.diapro.is\/vara\/kjarnabor\/\" \/>\n<meta property=\"og:site_name\" content=\"Diapro\" \/>\n<meta property=\"article:modified_time\" content=\"2022-03-23T09:10:31+00:00\" \/>\n<meta property=\"og:image\" content=\"https:\/\/www.diapro.is\/wp-content\/uploads\/2020\/11\/kjarnabor-vefsida-800x800-1.jpg\" \/>\n\t<meta property=\"og:image:width\" content=\"800\" \/>\n\t<meta property=\"og:image:height\" content=\"800\" \/>\n\t<meta property=\"og:image:type\" content=\"image\/jpeg\" \/>\n<meta name=\"twitter:card\" content=\"summary_large_image\" \/>\n<script type=\"application\/ld+json\" class=\"yoast-schema-graph\">{\"@context\":\"https:\/\/schema.org\",\"@graph\":[{\"@type\":\"WebPage\",\"@id\":\"https:\/\/www.diapro.is\/vara\/kjarnabor\/\",\"url\":\"https:\/\/www.diapro.is\/vara\/kjarnabor\/\",\"name\":\"Kjarnabor fyrir fagmenn h\u00e1g\u00e6\u00f0a demantar Gengjur 1 1\/4 | Diapro\",\"isPartOf\":{\"@id\":\"https:\/\/www.diapro.is\/#website\"},\"primaryImageOfPage\":{\"@id\":\"https:\/\/www.diapro.is\/vara\/kjarnabor\/#primaryimage\"},\"image\":{\"@id\":\"https:\/\/www.diapro.is\/vara\/kjarnabor\/#primaryimage\"},\"thumbnailUrl\":\"https:\/\/www.diapro.is\/wp-content\/uploads\/2020\/11\/kjarnabor-vefsida-800x800-1.jpg\",\"datePublished\":\"2020-11-15T12:24:19+00:00\",\"dateModified\":\"2022-03-23T09:10:31+00:00\",\"description\":\"Kjarnabor fyrir fagmenn. Eigum allar st\u00e6r\u00f0ir til. Kjarnaborar fyrir venjulega steypu og miki\u00f0 j\u00e1rbenta steypu !!!! Me\u00f0 12mm h\u00e1um h\u00e1g\u00e6\u00f0a demanti !!!!!\",\"breadcrumb\":{\"@id\":\"https:\/\/www.diapro.is\/vara\/kjarnabor\/#breadcrumb\"},\"inLanguage\":\"en-US\",\"potentialAction\":[{\"@type\":\"ReadAction\",\"target\":[\"https:\/\/www.diapro.is\/vara\/kjarnabor\/\"]}]},{\"@type\":\"ImageObject\",\"inLanguage\":\"en-US\",\"@id\":\"https:\/\/www.diapro.is\/vara\/kjarnabor\/#primaryimage\",\"url\":\"https:\/\/www.diapro.is\/wp-content\/uploads\/2020\/11\/kjarnabor-vefsida-800x800-1.jpg\",\"contentUrl\":\"https:\/\/www.diapro.is\/wp-content\/uploads\/2020\/11\/kjarnabor-vefsida-800x800-1.jpg\",\"width\":800,\"height\":800},{\"@type\":\"BreadcrumbList\",\"@id\":\"https:\/\/www.diapro.is\/vara\/kjarnabor\/#breadcrumb\",\"itemListElement\":[{\"@type\":\"ListItem\",\"position\":1,\"name\":\"Home\",\"item\":\"https:\/\/www.diapro.is\/en\/\"},{\"@type\":\"ListItem\",\"position\":2,\"name\":\"Shop\",\"item\":\"https:\/\/www.diapro.is\/en\/\"},{\"@type\":\"ListItem\",\"position\":3,\"name\":\"Kjarnabor fyrir fagmenn h\u00e1g\u00e6\u00f0a demantar Gengjur 1 1\/4\"}]},{\"@type\":\"WebSite\",\"@id\":\"https:\/\/www.diapro.is\/#website\",\"url\":\"https:\/\/www.diapro.is\/\",\"name\":\"Diapro\",\"description\":\"Diapro\",\"publisher\":{\"@id\":\"https:\/\/www.diapro.is\/#organization\"},\"potentialAction\":[{\"@type\":\"SearchAction\",\"target\":{\"@type\":\"EntryPoint\",\"urlTemplate\":\"https:\/\/www.diapro.is\/?s={search_term_string}\"},\"query-input\":{\"@type\":\"PropertyValueSpecification\",\"valueRequired\":true,\"valueName\":\"search_term_string\"}}],\"inLanguage\":\"en-US\"},{\"@type\":\"Organization\",\"@id\":\"https:\/\/www.diapro.is\/#organization\",\"name\":\"Diapro\",\"url\":\"https:\/\/www.diapro.is\/\",\"logo\":{\"@type\":\"ImageObject\",\"inLanguage\":\"en-US\",\"@id\":\"https:\/\/www.diapro.is\/#\/schema\/logo\/image\/\",\"url\":\"https:\/\/www.diapro.is\/wp-content\/uploads\/2021\/09\/BORSmal_Logo.png\",\"contentUrl\":\"https:\/\/www.diapro.is\/wp-content\/uploads\/2021\/09\/BORSmal_Logo.png\",\"width\":100,\"height\":100,\"caption\":\"Diapro\"},\"image\":{\"@id\":\"https:\/\/www.diapro.is\/#\/schema\/logo\/image\/\"}}]}<\/script>\n<!-- \/ Yoast SEO plugin. -->","yoast_head_json":{"title":"Kjarnabor fyrir fagmenn h\u00e1g\u00e6\u00f0a demantar  Gengjur 1 1\/4 | Diapro","description":"Kjarnabor fyrir fagmenn.  Eigum allar st\u00e6r\u00f0ir til.  Kjarnaborar fyrir venjulega steypu og miki\u00f0 j\u00e1rbenta steypu !!!!  Me\u00f0 12mm h\u00e1um h\u00e1g\u00e6\u00f0a demanti !!!!!","robots":{"index":"index","follow":"follow","max-snippet":"max-snippet:-1","max-image-preview":"max-image-preview:large","max-video-preview":"max-video-preview:-1"},"canonical":"https:\/\/www.diapro.is\/vara\/kjarnabor\/","og_locale":"en_US","og_type":"article","og_title":"Kjarnabor fyrir fagmenn h\u00e1g\u00e6\u00f0a demantar  Gengjur 1 1\/4 | Diapro","og_description":"Kjarnabor fyrir fagmenn.  Eigum allar st\u00e6r\u00f0ir til.  Kjarnaborar fyrir venjulega steypu og miki\u00f0 j\u00e1rbenta steypu !!!!  Me\u00f0 12mm h\u00e1um h\u00e1g\u00e6\u00f0a demanti !!!!!","og_url":"https:\/\/www.diapro.is\/vara\/kjarnabor\/","og_site_name":"Diapro","article_modified_time":"2022-03-23T09:10:31+00:00","og_image":[{"width":800,"height":800,"url":"https:\/\/www.diapro.is\/wp-content\/uploads\/2020\/11\/kjarnabor-vefsida-800x800-1.jpg","type":"image\/jpeg"}],"twitter_card":"summary_large_image","schema":{"@context":"https:\/\/schema.org","@graph":[{"@type":"WebPage","@id":"https:\/\/www.diapro.is\/vara\/kjarnabor\/","url":"https:\/\/www.diapro.is\/vara\/kjarnabor\/","name":"Kjarnabor fyrir fagmenn h\u00e1g\u00e6\u00f0a demantar Gengjur 1 1\/4 | Diapro","isPartOf":{"@id":"https:\/\/www.diapro.is\/#website"},"primaryImageOfPage":{"@id":"https:\/\/www.diapro.is\/vara\/kjarnabor\/#primaryimage"},"image":{"@id":"https:\/\/www.diapro.is\/vara\/kjarnabor\/#primaryimage"},"thumbnailUrl":"https:\/\/www.diapro.is\/wp-content\/uploads\/2020\/11\/kjarnabor-vefsida-800x800-1.jpg","datePublished":"2020-11-15T12:24:19+00:00","dateModified":"2022-03-23T09:10:31+00:00","description":"Kjarnabor fyrir fagmenn. Eigum allar st\u00e6r\u00f0ir til. Kjarnaborar fyrir venjulega steypu og miki\u00f0 j\u00e1rbenta steypu !!!! Me\u00f0 12mm h\u00e1um h\u00e1g\u00e6\u00f0a demanti !!!!!","breadcrumb":{"@id":"https:\/\/www.diapro.is\/vara\/kjarnabor\/#breadcrumb"},"inLanguage":"en-US","potentialAction":[{"@type":"ReadAction","target":["https:\/\/www.diapro.is\/vara\/kjarnabor\/"]}]},{"@type":"ImageObject","inLanguage":"en-US","@id":"https:\/\/www.diapro.is\/vara\/kjarnabor\/#primaryimage","url":"https:\/\/www.diapro.is\/wp-content\/uploads\/2020\/11\/kjarnabor-vefsida-800x800-1.jpg","contentUrl":"https:\/\/www.diapro.is\/wp-content\/uploads\/2020\/11\/kjarnabor-vefsida-800x800-1.jpg","width":800,"height":800},{"@type":"BreadcrumbList","@id":"https:\/\/www.diapro.is\/vara\/kjarnabor\/#breadcrumb","itemListElement":[{"@type":"ListItem","position":1,"name":"Home","item":"https:\/\/www.diapro.is\/en\/"},{"@type":"ListItem","position":2,"name":"Shop","item":"https:\/\/www.diapro.is\/en\/"},{"@type":"ListItem","position":3,"name":"Kjarnabor fyrir fagmenn h\u00e1g\u00e6\u00f0a demantar Gengjur 1 1\/4"}]},{"@type":"WebSite","@id":"https:\/\/www.diapro.is\/#website","url":"https:\/\/www.diapro.is\/","name":"Diapro","description":"Diapro","publisher":{"@id":"https:\/\/www.diapro.is\/#organization"},"potentialAction":[{"@type":"SearchAction","target":{"@type":"EntryPoint","urlTemplate":"https:\/\/www.diapro.is\/?s={search_term_string}"},"query-input":{"@type":"PropertyValueSpecification","valueRequired":true,"valueName":"search_term_string"}}],"inLanguage":"en-US"},{"@type":"Organization","@id":"https:\/\/www.diapro.is\/#organization","name":"Diapro","url":"https:\/\/www.diapro.is\/","logo":{"@type":"ImageObject","inLanguage":"en-US","@id":"https:\/\/www.diapro.is\/#\/schema\/logo\/image\/","url":"https:\/\/www.diapro.is\/wp-content\/uploads\/2021\/09\/BORSmal_Logo.png","contentUrl":"https:\/\/www.diapro.is\/wp-content\/uploads\/2021\/09\/BORSmal_Logo.png","width":100,"height":100,"caption":"Diapro"},"image":{"@id":"https:\/\/www.diapro.is\/#\/schema\/logo\/image\/"}}]}},"_links":{"self":[{"href":"https:\/\/www.diapro.is\/en\/wp-json\/wp\/v2\/product\/773","targetHints":{"allow":["GET"]}}],"collection":[{"href":"https:\/\/www.diapro.is\/en\/wp-json\/wp\/v2\/product"}],"about":[{"href":"https:\/\/www.diapro.is\/en\/wp-json\/wp\/v2\/types\/product"}],"wp:featuredmedia":[{"embeddable":true,"href":"https:\/\/www.diapro.is\/en\/wp-json\/wp\/v2\/media\/1988"}],"wp:attachment":[{"href":"https:\/\/www.diapro.is\/en\/wp-json\/wp\/v2\/media?parent=773"}],"wp:term":[{"taxonomy":"product_brand","embeddable":true,"href":"https:\/\/www.diapro.is\/en\/wp-json\/wp\/v2\/product_brand?post=773"},{"taxonomy":"product_cat","embeddable":true,"href":"https:\/\/www.diapro.is\/en\/wp-json\/wp\/v2\/product_cat?post=773"},{"taxonomy":"product_tag","embeddable":true,"href":"https:\/\/www.diapro.is\/en\/wp-json\/wp\/v2\/product_tag?post=773"}],"curies":[{"name":"wp","href":"https:\/\/api.w.org\/{rel}","templated":true}]}}