{"id":764,"date":"2020-11-15T12:21:49","date_gmt":"2020-11-15T12:21:49","guid":{"rendered":"https:\/\/www.diapro.is\/?post_type=product&#038;p=764"},"modified":"2025-03-27T13:58:53","modified_gmt":"2025-03-27T13:58:53","slug":"vagn","status":"publish","type":"product","link":"https:\/\/www.diapro.is\/en\/product\/vagn\/","title":{"rendered":"Sterki Vagninn"},"content":{"rendered":"<h3><strong>CREATE A CLEANER, SAFER WORKPLACE<\/strong><\/h3>\n<p><em>Our Waste Bin or Rubble Truck makes it easier to collect waste\u00a0materials for recycling. Get a cleaner and safer workplace with less risk of accidents, while streamlining your workflow.<\/em><\/p>\n<p>The Waste Bin\u00a0also known a Rubble truck, box truck or industrial waste bin, along with other products in our range, creates a smoother and safer workflow. The Waste Bin is robust and durable \u2013 something you will notice if you compare it with cheaper \u201ccopies\u201d. It manoeuvres and fits everywhere thanks to a mobile design with locking swivel castor and large puncture proof wheels.<\/p>\n<p><strong>Scope of use<\/strong><\/p>\n<p>The Waste Bin\u00a0simplifies the task of keeping the workplace clean and safe. It can easily be used in buildings and the rubber edge trim is non marking.<\/p>\n<p>The welded lifting eyes enadble the bin to be crane lifted, and using the Waste Bin creates a cleaner, safer and efficient workplace.<\/p>\n<div class=\"flickup-content\">\n<p class=\"lead alt-font\"><em><strong><span class=\"toggle-flickup action-button\">Technical specification<\/span><\/strong><\/em><\/p>\n<div class=\"flickup-content\">\n<table>\n<tbody>\n<tr>\n<td>Articel number:<\/td>\n<td>14000<\/td>\n<td>25000<\/td>\n<\/tr>\n<tr>\n<td>H\u00e1marks\u00feyngd:<\/td>\n<td>750 kg<\/td>\n<td>500 kg<\/td>\n<\/tr>\n<tr>\n<td>Breidd:<\/td>\n<td>750 mm<\/td>\n<td>610 mm<\/td>\n<\/tr>\n<tr>\n<td>Breidd:<\/td>\n<td>1530 mm<\/td>\n<td>1160 mm<\/td>\n<\/tr>\n<tr>\n<td>H\u00e6\u00f0:<\/td>\n<td>930 mm<\/td>\n<td>890 mm<\/td>\n<\/tr>\n<tr>\n<td>\u00deyngd:<\/td>\n<td>67 kg<\/td>\n<td>50 kg<\/td>\n<\/tr>\n<tr>\n<td>SRA-code:<\/td>\n<td>161122<\/td>\n<td>161122<\/td>\n<\/tr>\n<tr>\n<td>Optional:<\/td>\n<td>Lockable lid, PU-hjul, ERGOwheel<\/td>\n<td>PU-hjul<\/td>\n<\/tr>\n<tr>\n<td>R\u00fdmd:<\/td>\n<td>400L<\/td>\n<td>200L<\/td>\n<\/tr>\n<\/tbody>\n<\/table>\n<\/div>\n<\/div>\n<div class=\"flickup-container\">\n<div class=\"flickup-outer\">\n<div class=\"flickup\"><\/div>\n<\/div>\n<\/div>\n","protected":false},"excerpt":{"rendered":"<p>Fj\u00f6lnota vagn sem er tilvalinn til a\u00f0 flytja rusl, flokka \u00fargang, keyra m\u00f6l, m\u00farbrot og e\u00f0a anna\u00f0 sem \u00fe\u00e9r dettur \u00ed hug. Fr\u00e1b\u00e6r vagn sem \u00e1 heima \u00e1 hverjum verksta\u00f0.<\/p>\n<ul>\n<li>L\u00f6ggilth\u00edfingar augu<\/li>\n<li>Handfang<\/li>\n<li>400 l\u00edtra<\/li>\n<li>700kg Bur\u00f0argeta<\/li>\n<\/ul>\n","protected":false},"featured_media":2031,"template":"","meta":[],"product_brand":[],"product_cat":[75],"product_tag":[],"class_list":{"0":"post-764","1":"product","2":"type-product","3":"status-publish","4":"has-post-thumbnail","6":"product_cat-oflokkad","8":"first","9":"instock","10":"sale","11":"taxable","12":"shipping-taxable","13":"purchasable","14":"product-type-simple"},"yoast_head":"<!-- This site is optimized with the Yoast SEO plugin v26.6 - https:\/\/yoast.com\/wordpress\/plugins\/seo\/ -->\n<title>Sterki Vagninn | Diapro<\/title>\n<meta name=\"description\" content=\"Fj\u00f6lnota vagn sem er tilvalinn til a\u00f0 flytja rusl, flokka \u00fargang, keyra m\u00f6l, m\u00farbrot og e\u00f0a anna\u00f0 sem \u00fe\u00e9r dettur \u00ed hug. Fr\u00e1b\u00e6r vagn sem \u00e1 heima \u00e1 hverjum verksta\u00f0.   L\u00f6ggilth\u00edfingar augu  Handfang  400 l\u00edtra  700kg Bur\u00f0argeta\" \/>\n<meta name=\"robots\" content=\"index, follow, max-snippet:-1, max-image-preview:large, max-video-preview:-1\" \/>\n<link rel=\"canonical\" href=\"https:\/\/www.diapro.is\/vara\/vagn\/\" \/>\n<meta property=\"og:locale\" content=\"en_US\" \/>\n<meta property=\"og:type\" content=\"article\" \/>\n<meta property=\"og:title\" content=\"Sterki Vagninn | Diapro\" \/>\n<meta property=\"og:description\" content=\"Fj\u00f6lnota vagn sem er tilvalinn til a\u00f0 flytja rusl, flokka \u00fargang, keyra m\u00f6l, m\u00farbrot og e\u00f0a anna\u00f0 sem \u00fe\u00e9r dettur \u00ed hug. Fr\u00e1b\u00e6r vagn sem \u00e1 heima \u00e1 hverjum verksta\u00f0.   L\u00f6ggilth\u00edfingar augu  Handfang  400 l\u00edtra  700kg Bur\u00f0argeta\" \/>\n<meta property=\"og:url\" content=\"https:\/\/www.diapro.is\/vara\/vagn\/\" \/>\n<meta property=\"og:site_name\" content=\"Diapro\" \/>\n<meta property=\"article:modified_time\" content=\"2025-03-27T13:58:53+00:00\" \/>\n<meta property=\"og:image\" content=\"https:\/\/www.diapro.is\/wp-content\/uploads\/2020\/11\/Starke-A.-Produktbild-Fodervagn-ERGO-832x440-1.png\" \/>\n\t<meta property=\"og:image:width\" content=\"832\" \/>\n\t<meta property=\"og:image:height\" content=\"440\" \/>\n\t<meta property=\"og:image:type\" content=\"image\/png\" \/>\n<meta name=\"twitter:card\" content=\"summary_large_image\" \/>\n<meta name=\"twitter:label1\" content=\"Est. reading time\" \/>\n\t<meta name=\"twitter:data1\" content=\"2 minutes\" \/>\n<script type=\"application\/ld+json\" class=\"yoast-schema-graph\">{\"@context\":\"https:\/\/schema.org\",\"@graph\":[{\"@type\":\"WebPage\",\"@id\":\"https:\/\/www.diapro.is\/vara\/vagn\/\",\"url\":\"https:\/\/www.diapro.is\/vara\/vagn\/\",\"name\":\"Sterki Vagninn | Diapro\",\"isPartOf\":{\"@id\":\"https:\/\/www.diapro.is\/#website\"},\"primaryImageOfPage\":{\"@id\":\"https:\/\/www.diapro.is\/vara\/vagn\/#primaryimage\"},\"image\":{\"@id\":\"https:\/\/www.diapro.is\/vara\/vagn\/#primaryimage\"},\"thumbnailUrl\":\"https:\/\/www.diapro.is\/wp-content\/uploads\/2020\/11\/Starke-A.-Produktbild-Fodervagn-ERGO-832x440-1.png\",\"datePublished\":\"2020-11-15T12:21:49+00:00\",\"dateModified\":\"2025-03-27T13:58:53+00:00\",\"description\":\"Fj\u00f6lnota vagn sem er tilvalinn til a\u00f0 flytja rusl, flokka \u00fargang, keyra m\u00f6l, m\u00farbrot og e\u00f0a anna\u00f0 sem \u00fe\u00e9r dettur \u00ed hug. Fr\u00e1b\u00e6r vagn sem \u00e1 heima \u00e1 hverjum verksta\u00f0. L\u00f6ggilth\u00edfingar augu Handfang 400 l\u00edtra 700kg Bur\u00f0argeta\",\"breadcrumb\":{\"@id\":\"https:\/\/www.diapro.is\/vara\/vagn\/#breadcrumb\"},\"inLanguage\":\"en-US\",\"potentialAction\":[{\"@type\":\"ReadAction\",\"target\":[\"https:\/\/www.diapro.is\/vara\/vagn\/\"]}]},{\"@type\":\"ImageObject\",\"inLanguage\":\"en-US\",\"@id\":\"https:\/\/www.diapro.is\/vara\/vagn\/#primaryimage\",\"url\":\"https:\/\/www.diapro.is\/wp-content\/uploads\/2020\/11\/Starke-A.-Produktbild-Fodervagn-ERGO-832x440-1.png\",\"contentUrl\":\"https:\/\/www.diapro.is\/wp-content\/uploads\/2020\/11\/Starke-A.-Produktbild-Fodervagn-ERGO-832x440-1.png\",\"width\":832,\"height\":440,\"caption\":\"Starke Arvid vagn\"},{\"@type\":\"BreadcrumbList\",\"@id\":\"https:\/\/www.diapro.is\/vara\/vagn\/#breadcrumb\",\"itemListElement\":[{\"@type\":\"ListItem\",\"position\":1,\"name\":\"Home\",\"item\":\"https:\/\/www.diapro.is\/en\/\"},{\"@type\":\"ListItem\",\"position\":2,\"name\":\"Shop\",\"item\":\"https:\/\/www.diapro.is\/en\/\"},{\"@type\":\"ListItem\",\"position\":3,\"name\":\"Sterki Vagninn\"}]},{\"@type\":\"WebSite\",\"@id\":\"https:\/\/www.diapro.is\/#website\",\"url\":\"https:\/\/www.diapro.is\/\",\"name\":\"Diapro\",\"description\":\"Diapro\",\"publisher\":{\"@id\":\"https:\/\/www.diapro.is\/#organization\"},\"potentialAction\":[{\"@type\":\"SearchAction\",\"target\":{\"@type\":\"EntryPoint\",\"urlTemplate\":\"https:\/\/www.diapro.is\/?s={search_term_string}\"},\"query-input\":{\"@type\":\"PropertyValueSpecification\",\"valueRequired\":true,\"valueName\":\"search_term_string\"}}],\"inLanguage\":\"en-US\"},{\"@type\":\"Organization\",\"@id\":\"https:\/\/www.diapro.is\/#organization\",\"name\":\"Diapro\",\"url\":\"https:\/\/www.diapro.is\/\",\"logo\":{\"@type\":\"ImageObject\",\"inLanguage\":\"en-US\",\"@id\":\"https:\/\/www.diapro.is\/#\/schema\/logo\/image\/\",\"url\":\"https:\/\/www.diapro.is\/wp-content\/uploads\/2021\/09\/BORSmal_Logo.png\",\"contentUrl\":\"https:\/\/www.diapro.is\/wp-content\/uploads\/2021\/09\/BORSmal_Logo.png\",\"width\":100,\"height\":100,\"caption\":\"Diapro\"},\"image\":{\"@id\":\"https:\/\/www.diapro.is\/#\/schema\/logo\/image\/\"}}]}<\/script>\n<!-- \/ Yoast SEO plugin. -->","yoast_head_json":{"title":"Sterki Vagninn | Diapro","description":"Fj\u00f6lnota vagn sem er tilvalinn til a\u00f0 flytja rusl, flokka \u00fargang, keyra m\u00f6l, m\u00farbrot og e\u00f0a anna\u00f0 sem \u00fe\u00e9r dettur \u00ed hug. Fr\u00e1b\u00e6r vagn sem \u00e1 heima \u00e1 hverjum verksta\u00f0.   L\u00f6ggilth\u00edfingar augu  Handfang  400 l\u00edtra  700kg Bur\u00f0argeta","robots":{"index":"index","follow":"follow","max-snippet":"max-snippet:-1","max-image-preview":"max-image-preview:large","max-video-preview":"max-video-preview:-1"},"canonical":"https:\/\/www.diapro.is\/vara\/vagn\/","og_locale":"en_US","og_type":"article","og_title":"Sterki Vagninn | Diapro","og_description":"Fj\u00f6lnota vagn sem er tilvalinn til a\u00f0 flytja rusl, flokka \u00fargang, keyra m\u00f6l, m\u00farbrot og e\u00f0a anna\u00f0 sem \u00fe\u00e9r dettur \u00ed hug. Fr\u00e1b\u00e6r vagn sem \u00e1 heima \u00e1 hverjum verksta\u00f0.   L\u00f6ggilth\u00edfingar augu  Handfang  400 l\u00edtra  700kg Bur\u00f0argeta","og_url":"https:\/\/www.diapro.is\/vara\/vagn\/","og_site_name":"Diapro","article_modified_time":"2025-03-27T13:58:53+00:00","og_image":[{"width":832,"height":440,"url":"https:\/\/www.diapro.is\/wp-content\/uploads\/2020\/11\/Starke-A.-Produktbild-Fodervagn-ERGO-832x440-1.png","type":"image\/png"}],"twitter_card":"summary_large_image","twitter_misc":{"Est. reading time":"2 minutes"},"schema":{"@context":"https:\/\/schema.org","@graph":[{"@type":"WebPage","@id":"https:\/\/www.diapro.is\/vara\/vagn\/","url":"https:\/\/www.diapro.is\/vara\/vagn\/","name":"Sterki Vagninn | Diapro","isPartOf":{"@id":"https:\/\/www.diapro.is\/#website"},"primaryImageOfPage":{"@id":"https:\/\/www.diapro.is\/vara\/vagn\/#primaryimage"},"image":{"@id":"https:\/\/www.diapro.is\/vara\/vagn\/#primaryimage"},"thumbnailUrl":"https:\/\/www.diapro.is\/wp-content\/uploads\/2020\/11\/Starke-A.-Produktbild-Fodervagn-ERGO-832x440-1.png","datePublished":"2020-11-15T12:21:49+00:00","dateModified":"2025-03-27T13:58:53+00:00","description":"Fj\u00f6lnota vagn sem er tilvalinn til a\u00f0 flytja rusl, flokka \u00fargang, keyra m\u00f6l, m\u00farbrot og e\u00f0a anna\u00f0 sem \u00fe\u00e9r dettur \u00ed hug. Fr\u00e1b\u00e6r vagn sem \u00e1 heima \u00e1 hverjum verksta\u00f0. L\u00f6ggilth\u00edfingar augu Handfang 400 l\u00edtra 700kg Bur\u00f0argeta","breadcrumb":{"@id":"https:\/\/www.diapro.is\/vara\/vagn\/#breadcrumb"},"inLanguage":"en-US","potentialAction":[{"@type":"ReadAction","target":["https:\/\/www.diapro.is\/vara\/vagn\/"]}]},{"@type":"ImageObject","inLanguage":"en-US","@id":"https:\/\/www.diapro.is\/vara\/vagn\/#primaryimage","url":"https:\/\/www.diapro.is\/wp-content\/uploads\/2020\/11\/Starke-A.-Produktbild-Fodervagn-ERGO-832x440-1.png","contentUrl":"https:\/\/www.diapro.is\/wp-content\/uploads\/2020\/11\/Starke-A.-Produktbild-Fodervagn-ERGO-832x440-1.png","width":832,"height":440,"caption":"Starke Arvid vagn"},{"@type":"BreadcrumbList","@id":"https:\/\/www.diapro.is\/vara\/vagn\/#breadcrumb","itemListElement":[{"@type":"ListItem","position":1,"name":"Home","item":"https:\/\/www.diapro.is\/en\/"},{"@type":"ListItem","position":2,"name":"Shop","item":"https:\/\/www.diapro.is\/en\/"},{"@type":"ListItem","position":3,"name":"Sterki Vagninn"}]},{"@type":"WebSite","@id":"https:\/\/www.diapro.is\/#website","url":"https:\/\/www.diapro.is\/","name":"Diapro","description":"Diapro","publisher":{"@id":"https:\/\/www.diapro.is\/#organization"},"potentialAction":[{"@type":"SearchAction","target":{"@type":"EntryPoint","urlTemplate":"https:\/\/www.diapro.is\/?s={search_term_string}"},"query-input":{"@type":"PropertyValueSpecification","valueRequired":true,"valueName":"search_term_string"}}],"inLanguage":"en-US"},{"@type":"Organization","@id":"https:\/\/www.diapro.is\/#organization","name":"Diapro","url":"https:\/\/www.diapro.is\/","logo":{"@type":"ImageObject","inLanguage":"en-US","@id":"https:\/\/www.diapro.is\/#\/schema\/logo\/image\/","url":"https:\/\/www.diapro.is\/wp-content\/uploads\/2021\/09\/BORSmal_Logo.png","contentUrl":"https:\/\/www.diapro.is\/wp-content\/uploads\/2021\/09\/BORSmal_Logo.png","width":100,"height":100,"caption":"Diapro"},"image":{"@id":"https:\/\/www.diapro.is\/#\/schema\/logo\/image\/"}}]}},"_links":{"self":[{"href":"https:\/\/www.diapro.is\/en\/wp-json\/wp\/v2\/product\/764","targetHints":{"allow":["GET"]}}],"collection":[{"href":"https:\/\/www.diapro.is\/en\/wp-json\/wp\/v2\/product"}],"about":[{"href":"https:\/\/www.diapro.is\/en\/wp-json\/wp\/v2\/types\/product"}],"wp:featuredmedia":[{"embeddable":true,"href":"https:\/\/www.diapro.is\/en\/wp-json\/wp\/v2\/media\/2031"}],"wp:attachment":[{"href":"https:\/\/www.diapro.is\/en\/wp-json\/wp\/v2\/media?parent=764"}],"wp:term":[{"taxonomy":"product_brand","embeddable":true,"href":"https:\/\/www.diapro.is\/en\/wp-json\/wp\/v2\/product_brand?post=764"},{"taxonomy":"product_cat","embeddable":true,"href":"https:\/\/www.diapro.is\/en\/wp-json\/wp\/v2\/product_cat?post=764"},{"taxonomy":"product_tag","embeddable":true,"href":"https:\/\/www.diapro.is\/en\/wp-json\/wp\/v2\/product_tag?post=764"}],"curies":[{"name":"wp","href":"https:\/\/api.w.org\/{rel}","templated":true}]}}