{"id":2256,"date":"2025-09-25T10:07:47","date_gmt":"2025-09-25T10:07:47","guid":{"rendered":"https:\/\/www.diapro.is\/?post_type=product&#038;p=2256"},"modified":"2025-09-25T10:24:46","modified_gmt":"2025-09-25T10:24:46","slug":"weka-fu6d-power-box-tidnibreytir","status":"publish","type":"product","link":"https:\/\/www.diapro.is\/en\/product\/weka-fu6d-power-box-tidnibreytir\/","title":{"rendered":"WEKA FU6D Power Box \/ T\u00ed\u00f0nibreytir"},"content":{"rendered":"<p>Helstu eiginleikar<\/p>\n<p>H\u00e1t\u00ed\u00f0ni-st\u00fdribox \u00far \u00e1li me\u00f0 skj\u00e1 fyrir sk\u00fdra yfirs\u00fdn<\/p>\n<p>Vatnsk\u00e6lt kerfi sem tryggir \u00e1rei\u00f0anlega og st\u00f6\u00f0uga notkun<\/p>\n<p>Sj\u00e1lfvirk spennugreining \u2013 a\u00f0lagar sig a\u00f0 tengdum spennuvalkostum<\/p>\n<p>\u00d6ryggisv\u00f6rn \u2013 st\u00f6\u00f0ug v\u00f6ktun \u00e1 hitastigi, slekkur sj\u00e1lfkrafa ef k\u00e6ling er \u00f3fulln\u00e6gjandi e\u00f0a \u00e1lag ver\u00f0ur of miki\u00f0<\/p>\n<p>LED-v\u00edsar s\u00fdna rekstrarst\u00f6\u00f0u og villuskilabo\u00f0<\/p>\n<p>T\u00e6knil\u00fdsing<\/p>\n<p>Afl: 6,5 kW vi\u00f0 400V (3 fasa) \/ 3,7 kW vi\u00f0 230V (1 fasa)<\/p>\n<p>\u00deyngd: 9,5 kg<\/p>\n","protected":false},"excerpt":{"rendered":"<p>WEKA FU6D Power Box er \u00f6flugt h\u00e1t\u00ed\u00f0ni-st\u00fdribox sem \u00fej\u00f3nar sem orkugjafi fyrir h\u00e1t\u00ed\u00f0nisagir fr\u00e1 WEKA. \u00dea\u00f0 er hanna\u00f0 til a\u00f0 keyra WEKA v\u00e9lar eins og hrings\u00f6g TR40 og <a href=\"https:\/\/www.diapro.is\/vara\/weka-ts40-hatidni-steypusog\/\">steypus\u00f6g TS40<\/a>.<\/p>\n","protected":false},"featured_media":2257,"template":"","meta":[],"product_brand":[],"product_cat":[102],"product_tag":[],"class_list":{"0":"post-2256","1":"product","2":"type-product","3":"status-publish","4":"has-post-thumbnail","6":"product_cat-steypusagir","8":"first","9":"instock","10":"taxable","11":"shipping-taxable","12":"purchasable","13":"product-type-simple"},"yoast_head":"<!-- This site is optimized with the Yoast SEO plugin v26.6 - https:\/\/yoast.com\/wordpress\/plugins\/seo\/ -->\n<title>WEKA FU6D Power Box \/ T\u00ed\u00f0nibreytir | Diapro<\/title>\n<meta name=\"description\" content=\"Helstu eiginleikar: H\u00e1t\u00ed\u00f0ni-st\u00fdribox \u00far \u00e1li me\u00f0 skj\u00e1 fyrir sk\u00fdra yfirs\u00fdn. Vatnsk\u00e6lt kerfi sem tryggir \u00e1rei\u00f0anlega og st\u00f6\u00f0uga notkun. Sj\u00e1lfvirk spennugreining \u2013 a\u00f0lagar sig a\u00f0 tengdum spennuvalkostum. \u00d6ryggisv\u00f6rn \u2013 st\u00f6\u00f0ug v\u00f6ktun \u00e1 hitastigi, slekkur sj\u00e1lfkrafa ef k\u00e6ling er \u00f3fulln\u00e6gjandi e\u00f0a \u00e1lag ver\u00f0ur of miki\u00f0. LED-v\u00edsar s\u00fdna rekstrarst\u00f6\u00f0u og villuskilabo\u00f0T\u00e6knil\u00fdsing. Afl: 6,5 kW vi\u00f0 400V (3 fasa) \/ 3,7 kW vi\u00f0 230V (1 fasa). \u00deyngd: 9,5 kg\" \/>\n<meta name=\"robots\" content=\"index, follow, max-snippet:-1, max-image-preview:large, max-video-preview:-1\" \/>\n<link rel=\"canonical\" href=\"https:\/\/www.diapro.is\/vara\/weka-fu6d-power-box-tidnibreytir\/\" \/>\n<meta property=\"og:locale\" content=\"en_US\" \/>\n<meta property=\"og:type\" content=\"article\" \/>\n<meta property=\"og:title\" content=\"WEKA FU6D Power Box \/ T\u00ed\u00f0nibreytir | Diapro\" \/>\n<meta property=\"og:description\" content=\"Helstu eiginleikar: H\u00e1t\u00ed\u00f0ni-st\u00fdribox \u00far \u00e1li me\u00f0 skj\u00e1 fyrir sk\u00fdra yfirs\u00fdn. Vatnsk\u00e6lt kerfi sem tryggir \u00e1rei\u00f0anlega og st\u00f6\u00f0uga notkun. Sj\u00e1lfvirk spennugreining \u2013 a\u00f0lagar sig a\u00f0 tengdum spennuvalkostum. \u00d6ryggisv\u00f6rn \u2013 st\u00f6\u00f0ug v\u00f6ktun \u00e1 hitastigi, slekkur sj\u00e1lfkrafa ef k\u00e6ling er \u00f3fulln\u00e6gjandi e\u00f0a \u00e1lag ver\u00f0ur of miki\u00f0. LED-v\u00edsar s\u00fdna rekstrarst\u00f6\u00f0u og villuskilabo\u00f0T\u00e6knil\u00fdsing. Afl: 6,5 kW vi\u00f0 400V (3 fasa) \/ 3,7 kW vi\u00f0 230V (1 fasa). \u00deyngd: 9,5 kg\" \/>\n<meta property=\"og:url\" content=\"https:\/\/www.diapro.is\/vara\/weka-fu6d-power-box-tidnibreytir\/\" \/>\n<meta property=\"og:site_name\" content=\"Diapro\" \/>\n<meta property=\"article:modified_time\" content=\"2025-09-25T10:24:46+00:00\" \/>\n<meta property=\"og:image\" content=\"https:\/\/www.diapro.is\/wp-content\/uploads\/2025\/09\/fu6d-mbomo-weka-fu6d-hydro-tec.de_.webp\" \/>\n\t<meta property=\"og:image:width\" content=\"785\" \/>\n\t<meta property=\"og:image:height\" content=\"785\" \/>\n\t<meta property=\"og:image:type\" content=\"image\/webp\" \/>\n<meta name=\"twitter:card\" content=\"summary_large_image\" \/>\n<meta name=\"twitter:label1\" content=\"Est. reading time\" \/>\n\t<meta name=\"twitter:data1\" content=\"1 minute\" \/>\n<script type=\"application\/ld+json\" class=\"yoast-schema-graph\">{\"@context\":\"https:\/\/schema.org\",\"@graph\":[{\"@type\":\"WebPage\",\"@id\":\"https:\/\/www.diapro.is\/vara\/weka-fu6d-power-box-tidnibreytir\/\",\"url\":\"https:\/\/www.diapro.is\/vara\/weka-fu6d-power-box-tidnibreytir\/\",\"name\":\"WEKA FU6D Power Box \/ T\u00ed\u00f0nibreytir | Diapro\",\"isPartOf\":{\"@id\":\"https:\/\/www.diapro.is\/#website\"},\"primaryImageOfPage\":{\"@id\":\"https:\/\/www.diapro.is\/vara\/weka-fu6d-power-box-tidnibreytir\/#primaryimage\"},\"image\":{\"@id\":\"https:\/\/www.diapro.is\/vara\/weka-fu6d-power-box-tidnibreytir\/#primaryimage\"},\"thumbnailUrl\":\"https:\/\/www.diapro.is\/wp-content\/uploads\/2025\/09\/fu6d-mbomo-weka-fu6d-hydro-tec.de_.webp\",\"datePublished\":\"2025-09-25T10:07:47+00:00\",\"dateModified\":\"2025-09-25T10:24:46+00:00\",\"description\":\"Helstu eiginleikar: H\u00e1t\u00ed\u00f0ni-st\u00fdribox \u00far \u00e1li me\u00f0 skj\u00e1 fyrir sk\u00fdra yfirs\u00fdn. Vatnsk\u00e6lt kerfi sem tryggir \u00e1rei\u00f0anlega og st\u00f6\u00f0uga notkun. Sj\u00e1lfvirk spennugreining \u2013 a\u00f0lagar sig a\u00f0 tengdum spennuvalkostum. \u00d6ryggisv\u00f6rn \u2013 st\u00f6\u00f0ug v\u00f6ktun \u00e1 hitastigi, slekkur sj\u00e1lfkrafa ef k\u00e6ling er \u00f3fulln\u00e6gjandi e\u00f0a \u00e1lag ver\u00f0ur of miki\u00f0. LED-v\u00edsar s\u00fdna rekstrarst\u00f6\u00f0u og villuskilabo\u00f0T\u00e6knil\u00fdsing. Afl: 6,5 kW vi\u00f0 400V (3 fasa) \/ 3,7 kW vi\u00f0 230V (1 fasa). \u00deyngd: 9,5 kg\",\"breadcrumb\":{\"@id\":\"https:\/\/www.diapro.is\/vara\/weka-fu6d-power-box-tidnibreytir\/#breadcrumb\"},\"inLanguage\":\"en-US\",\"potentialAction\":[{\"@type\":\"ReadAction\",\"target\":[\"https:\/\/www.diapro.is\/vara\/weka-fu6d-power-box-tidnibreytir\/\"]}]},{\"@type\":\"ImageObject\",\"inLanguage\":\"en-US\",\"@id\":\"https:\/\/www.diapro.is\/vara\/weka-fu6d-power-box-tidnibreytir\/#primaryimage\",\"url\":\"https:\/\/www.diapro.is\/wp-content\/uploads\/2025\/09\/fu6d-mbomo-weka-fu6d-hydro-tec.de_.webp\",\"contentUrl\":\"https:\/\/www.diapro.is\/wp-content\/uploads\/2025\/09\/fu6d-mbomo-weka-fu6d-hydro-tec.de_.webp\",\"width\":785,\"height\":785},{\"@type\":\"BreadcrumbList\",\"@id\":\"https:\/\/www.diapro.is\/vara\/weka-fu6d-power-box-tidnibreytir\/#breadcrumb\",\"itemListElement\":[{\"@type\":\"ListItem\",\"position\":1,\"name\":\"Home\",\"item\":\"https:\/\/www.diapro.is\/en\/\"},{\"@type\":\"ListItem\",\"position\":2,\"name\":\"Shop\",\"item\":\"https:\/\/www.diapro.is\/en\/\"},{\"@type\":\"ListItem\",\"position\":3,\"name\":\"WEKA FU6D Power Box \/ T\u00ed\u00f0nibreytir\"}]},{\"@type\":\"WebSite\",\"@id\":\"https:\/\/www.diapro.is\/#website\",\"url\":\"https:\/\/www.diapro.is\/\",\"name\":\"Diapro\",\"description\":\"Diapro\",\"publisher\":{\"@id\":\"https:\/\/www.diapro.is\/#organization\"},\"potentialAction\":[{\"@type\":\"SearchAction\",\"target\":{\"@type\":\"EntryPoint\",\"urlTemplate\":\"https:\/\/www.diapro.is\/?s={search_term_string}\"},\"query-input\":{\"@type\":\"PropertyValueSpecification\",\"valueRequired\":true,\"valueName\":\"search_term_string\"}}],\"inLanguage\":\"en-US\"},{\"@type\":\"Organization\",\"@id\":\"https:\/\/www.diapro.is\/#organization\",\"name\":\"Diapro\",\"url\":\"https:\/\/www.diapro.is\/\",\"logo\":{\"@type\":\"ImageObject\",\"inLanguage\":\"en-US\",\"@id\":\"https:\/\/www.diapro.is\/#\/schema\/logo\/image\/\",\"url\":\"https:\/\/www.diapro.is\/wp-content\/uploads\/2021\/09\/BORSmal_Logo.png\",\"contentUrl\":\"https:\/\/www.diapro.is\/wp-content\/uploads\/2021\/09\/BORSmal_Logo.png\",\"width\":100,\"height\":100,\"caption\":\"Diapro\"},\"image\":{\"@id\":\"https:\/\/www.diapro.is\/#\/schema\/logo\/image\/\"}}]}<\/script>\n<!-- \/ Yoast SEO plugin. -->","yoast_head_json":{"title":"WEKA FU6D Power Box \/ T\u00ed\u00f0nibreytir | Diapro","description":"Helstu eiginleikar: H\u00e1t\u00ed\u00f0ni-st\u00fdribox \u00far \u00e1li me\u00f0 skj\u00e1 fyrir sk\u00fdra yfirs\u00fdn. Vatnsk\u00e6lt kerfi sem tryggir \u00e1rei\u00f0anlega og st\u00f6\u00f0uga notkun. Sj\u00e1lfvirk spennugreining \u2013 a\u00f0lagar sig a\u00f0 tengdum spennuvalkostum. \u00d6ryggisv\u00f6rn \u2013 st\u00f6\u00f0ug v\u00f6ktun \u00e1 hitastigi, slekkur sj\u00e1lfkrafa ef k\u00e6ling er \u00f3fulln\u00e6gjandi e\u00f0a \u00e1lag ver\u00f0ur of miki\u00f0. LED-v\u00edsar s\u00fdna rekstrarst\u00f6\u00f0u og villuskilabo\u00f0T\u00e6knil\u00fdsing. Afl: 6,5 kW vi\u00f0 400V (3 fasa) \/ 3,7 kW vi\u00f0 230V (1 fasa). \u00deyngd: 9,5 kg","robots":{"index":"index","follow":"follow","max-snippet":"max-snippet:-1","max-image-preview":"max-image-preview:large","max-video-preview":"max-video-preview:-1"},"canonical":"https:\/\/www.diapro.is\/vara\/weka-fu6d-power-box-tidnibreytir\/","og_locale":"en_US","og_type":"article","og_title":"WEKA FU6D Power Box \/ T\u00ed\u00f0nibreytir | Diapro","og_description":"Helstu eiginleikar: H\u00e1t\u00ed\u00f0ni-st\u00fdribox \u00far \u00e1li me\u00f0 skj\u00e1 fyrir sk\u00fdra yfirs\u00fdn. Vatnsk\u00e6lt kerfi sem tryggir \u00e1rei\u00f0anlega og st\u00f6\u00f0uga notkun. Sj\u00e1lfvirk spennugreining \u2013 a\u00f0lagar sig a\u00f0 tengdum spennuvalkostum. \u00d6ryggisv\u00f6rn \u2013 st\u00f6\u00f0ug v\u00f6ktun \u00e1 hitastigi, slekkur sj\u00e1lfkrafa ef k\u00e6ling er \u00f3fulln\u00e6gjandi e\u00f0a \u00e1lag ver\u00f0ur of miki\u00f0. LED-v\u00edsar s\u00fdna rekstrarst\u00f6\u00f0u og villuskilabo\u00f0T\u00e6knil\u00fdsing. Afl: 6,5 kW vi\u00f0 400V (3 fasa) \/ 3,7 kW vi\u00f0 230V (1 fasa). \u00deyngd: 9,5 kg","og_url":"https:\/\/www.diapro.is\/vara\/weka-fu6d-power-box-tidnibreytir\/","og_site_name":"Diapro","article_modified_time":"2025-09-25T10:24:46+00:00","og_image":[{"width":785,"height":785,"url":"https:\/\/www.diapro.is\/wp-content\/uploads\/2025\/09\/fu6d-mbomo-weka-fu6d-hydro-tec.de_.webp","type":"image\/webp"}],"twitter_card":"summary_large_image","twitter_misc":{"Est. reading time":"1 minute"},"schema":{"@context":"https:\/\/schema.org","@graph":[{"@type":"WebPage","@id":"https:\/\/www.diapro.is\/vara\/weka-fu6d-power-box-tidnibreytir\/","url":"https:\/\/www.diapro.is\/vara\/weka-fu6d-power-box-tidnibreytir\/","name":"WEKA FU6D Power Box \/ T\u00ed\u00f0nibreytir | Diapro","isPartOf":{"@id":"https:\/\/www.diapro.is\/#website"},"primaryImageOfPage":{"@id":"https:\/\/www.diapro.is\/vara\/weka-fu6d-power-box-tidnibreytir\/#primaryimage"},"image":{"@id":"https:\/\/www.diapro.is\/vara\/weka-fu6d-power-box-tidnibreytir\/#primaryimage"},"thumbnailUrl":"https:\/\/www.diapro.is\/wp-content\/uploads\/2025\/09\/fu6d-mbomo-weka-fu6d-hydro-tec.de_.webp","datePublished":"2025-09-25T10:07:47+00:00","dateModified":"2025-09-25T10:24:46+00:00","description":"Helstu eiginleikar: H\u00e1t\u00ed\u00f0ni-st\u00fdribox \u00far \u00e1li me\u00f0 skj\u00e1 fyrir sk\u00fdra yfirs\u00fdn. Vatnsk\u00e6lt kerfi sem tryggir \u00e1rei\u00f0anlega og st\u00f6\u00f0uga notkun. Sj\u00e1lfvirk spennugreining \u2013 a\u00f0lagar sig a\u00f0 tengdum spennuvalkostum. \u00d6ryggisv\u00f6rn \u2013 st\u00f6\u00f0ug v\u00f6ktun \u00e1 hitastigi, slekkur sj\u00e1lfkrafa ef k\u00e6ling er \u00f3fulln\u00e6gjandi e\u00f0a \u00e1lag ver\u00f0ur of miki\u00f0. LED-v\u00edsar s\u00fdna rekstrarst\u00f6\u00f0u og villuskilabo\u00f0T\u00e6knil\u00fdsing. Afl: 6,5 kW vi\u00f0 400V (3 fasa) \/ 3,7 kW vi\u00f0 230V (1 fasa). \u00deyngd: 9,5 kg","breadcrumb":{"@id":"https:\/\/www.diapro.is\/vara\/weka-fu6d-power-box-tidnibreytir\/#breadcrumb"},"inLanguage":"en-US","potentialAction":[{"@type":"ReadAction","target":["https:\/\/www.diapro.is\/vara\/weka-fu6d-power-box-tidnibreytir\/"]}]},{"@type":"ImageObject","inLanguage":"en-US","@id":"https:\/\/www.diapro.is\/vara\/weka-fu6d-power-box-tidnibreytir\/#primaryimage","url":"https:\/\/www.diapro.is\/wp-content\/uploads\/2025\/09\/fu6d-mbomo-weka-fu6d-hydro-tec.de_.webp","contentUrl":"https:\/\/www.diapro.is\/wp-content\/uploads\/2025\/09\/fu6d-mbomo-weka-fu6d-hydro-tec.de_.webp","width":785,"height":785},{"@type":"BreadcrumbList","@id":"https:\/\/www.diapro.is\/vara\/weka-fu6d-power-box-tidnibreytir\/#breadcrumb","itemListElement":[{"@type":"ListItem","position":1,"name":"Home","item":"https:\/\/www.diapro.is\/en\/"},{"@type":"ListItem","position":2,"name":"Shop","item":"https:\/\/www.diapro.is\/en\/"},{"@type":"ListItem","position":3,"name":"WEKA FU6D Power Box \/ T\u00ed\u00f0nibreytir"}]},{"@type":"WebSite","@id":"https:\/\/www.diapro.is\/#website","url":"https:\/\/www.diapro.is\/","name":"Diapro","description":"Diapro","publisher":{"@id":"https:\/\/www.diapro.is\/#organization"},"potentialAction":[{"@type":"SearchAction","target":{"@type":"EntryPoint","urlTemplate":"https:\/\/www.diapro.is\/?s={search_term_string}"},"query-input":{"@type":"PropertyValueSpecification","valueRequired":true,"valueName":"search_term_string"}}],"inLanguage":"en-US"},{"@type":"Organization","@id":"https:\/\/www.diapro.is\/#organization","name":"Diapro","url":"https:\/\/www.diapro.is\/","logo":{"@type":"ImageObject","inLanguage":"en-US","@id":"https:\/\/www.diapro.is\/#\/schema\/logo\/image\/","url":"https:\/\/www.diapro.is\/wp-content\/uploads\/2021\/09\/BORSmal_Logo.png","contentUrl":"https:\/\/www.diapro.is\/wp-content\/uploads\/2021\/09\/BORSmal_Logo.png","width":100,"height":100,"caption":"Diapro"},"image":{"@id":"https:\/\/www.diapro.is\/#\/schema\/logo\/image\/"}}]}},"_links":{"self":[{"href":"https:\/\/www.diapro.is\/en\/wp-json\/wp\/v2\/product\/2256","targetHints":{"allow":["GET"]}}],"collection":[{"href":"https:\/\/www.diapro.is\/en\/wp-json\/wp\/v2\/product"}],"about":[{"href":"https:\/\/www.diapro.is\/en\/wp-json\/wp\/v2\/types\/product"}],"wp:featuredmedia":[{"embeddable":true,"href":"https:\/\/www.diapro.is\/en\/wp-json\/wp\/v2\/media\/2257"}],"wp:attachment":[{"href":"https:\/\/www.diapro.is\/en\/wp-json\/wp\/v2\/media?parent=2256"}],"wp:term":[{"taxonomy":"product_brand","embeddable":true,"href":"https:\/\/www.diapro.is\/en\/wp-json\/wp\/v2\/product_brand?post=2256"},{"taxonomy":"product_cat","embeddable":true,"href":"https:\/\/www.diapro.is\/en\/wp-json\/wp\/v2\/product_cat?post=2256"},{"taxonomy":"product_tag","embeddable":true,"href":"https:\/\/www.diapro.is\/en\/wp-json\/wp\/v2\/product_tag?post=2256"}],"curies":[{"name":"wp","href":"https:\/\/api.w.org\/{rel}","templated":true}]}}