{"id":2232,"date":"2025-07-02T18:39:25","date_gmt":"2025-07-02T18:39:25","guid":{"rendered":"https:\/\/www.diapro.is\/?post_type=product&#038;p=2232"},"modified":"2025-07-02T18:42:45","modified_gmt":"2025-07-02T18:42:45","slug":"samedia-utm-125mmx22-23","status":"publish","type":"product","link":"https:\/\/www.diapro.is\/en\/product\/samedia-utm-125mmx22-23\/","title":{"rendered":"Samedia UTM 125MMx22.23"},"content":{"rendered":"<p class=\"cvGsUA direction-ltr align-start para-style-body\"><span class=\"OYPEnA font-feature-liga-off font-feature-clig-off font-feature-calt-off text-decoration-none text-strikethrough-none\">Our new MASTER UTM diamond blade offers exceptional longevity combined with rare versatility. An excellent compromise between speed, efficiency and safety. We offer it in 5 models. Availability: since january 2021.<\/span><\/p>\n<p class=\"cvGsUA direction-ltr align-start para-style-body\"><span class=\"OYPEnA font-feature-liga-off font-feature-clig-off font-feature-calt-off text-decoration-none text-strikethrough-none\">Assets:<\/span><\/p>\n<ul>\n<li><span class=\"OYPEnA font-feature-liga-off font-feature-clig-off font-feature-calt-off text-decoration-none text-strikethrough-none\">vacuum-brazed Premium diamond cutting disc for metal application<\/span><\/li>\n<li><span class=\"OYPEnA font-feature-liga-off font-feature-clig-off font-feature-calt-off text-decoration-none text-strikethrough-none\">extra-thin execution for a fast and clean cut<\/span><\/li>\n<li><span class=\"OYPEnA font-feature-liga-off font-feature-clig-off font-feature-calt-off text-decoration-none text-strikethrough-none\">more power, up to 1000 cuts = 30 x more lifetime in comparison to corundum discs<\/span><\/li>\n<li><span class=\"OYPEnA font-feature-liga-off font-feature-clig-off font-feature-calt-off text-decoration-none text-strikethrough-none\">more comfortable because of constant cutting depth<\/span><\/li>\n<li><span class=\"OYPEnA font-feature-liga-off font-feature-clig-off font-feature-calt-off text-decoration-none text-strikethrough-none\">no reduction of diameter possible<\/span><\/li>\n<li><span class=\"OYPEnA font-feature-liga-off font-feature-clig-off font-feature-calt-off text-decoration-none text-strikethrough-none\">less flying sparks = safer<\/span><\/li>\n<\/ul>\n<p>&nbsp;<\/p>\n<div>\n<div>\n<div>\n<p>Application for:<\/p>\n<\/div>\n<ul>\n<li>Metal<\/li>\n<li>Iron<\/li>\n<li>Cast iron<\/li>\n<li>Inox<\/li>\n<\/ul>\n<\/div>\n<\/div>\n","protected":false},"excerpt":{"rendered":"<h3 data-start=\"0\" data-end=\"65\" data-animate=\"fadeIn\">Hendum g\u00f6mlu sl\u00edpirokka bl\u00f6\u00f0unum. \u00deau eru st\u00f3r h\u00e6ttuleg, endast ekki og ey\u00f0ast flj\u00f3tt upp svo \u00fe\u00fa n\u00e6r\u00f0 ekki dj\u00fapum j\u00f6fnum skur\u00f0i. Pr\u00f3fa\u00f0u \u00feetta bla\u00f0 og \u00fe\u00fa snyr\u00f0 ekki aftur vi\u00f0!<\/h3>\n","protected":false},"featured_media":2233,"template":"","meta":[],"product_brand":[],"product_cat":[96],"product_tag":[],"class_list":{"0":"post-2232","1":"product","2":"type-product","3":"status-publish","4":"has-post-thumbnail","6":"product_cat-sagarblod","8":"first","9":"instock","10":"sale","11":"taxable","12":"shipping-taxable","13":"purchasable","14":"product-type-variable"},"yoast_head":"<!-- This site is optimized with the Yoast SEO plugin v26.6 - https:\/\/yoast.com\/wordpress\/plugins\/seo\/ -->\n<title>Samedia UTM 125MMx22.23 | Diapro<\/title>\n<meta name=\"description\" content=\"Our new MASTER UTM diamond blade offers exceptional longevity combined with rare versatility. An excellent compromise between speed, efficiency and safety. We offer it in 5 models. Availability: since january 2021.Assets:vacuum-brazed Premium diamond cutting disc for metal applicationextra-thin execution for a fast and clean cutmore power, up to 1000 cuts = 30 x more lifetime in comparison to corundum discsmore comfortable because of constant cutting depthno reduction of diameter possibleless flying sparks = safer\" \/>\n<meta name=\"robots\" content=\"index, follow, max-snippet:-1, max-image-preview:large, max-video-preview:-1\" \/>\n<link rel=\"canonical\" href=\"https:\/\/www.diapro.is\/vara\/samedia-utm-125mmx22-23\/\" \/>\n<meta property=\"og:locale\" content=\"en_US\" \/>\n<meta property=\"og:type\" content=\"article\" \/>\n<meta property=\"og:title\" content=\"Samedia UTM 125MMx22.23 | Diapro\" \/>\n<meta property=\"og:description\" content=\"Our new MASTER UTM diamond blade offers exceptional longevity combined with rare versatility. An excellent compromise between speed, efficiency and safety. We offer it in 5 models. Availability: since january 2021.Assets:vacuum-brazed Premium diamond cutting disc for metal applicationextra-thin execution for a fast and clean cutmore power, up to 1000 cuts = 30 x more lifetime in comparison to corundum discsmore comfortable because of constant cutting depthno reduction of diameter possibleless flying sparks = safer\" \/>\n<meta property=\"og:url\" content=\"https:\/\/www.diapro.is\/vara\/samedia-utm-125mmx22-23\/\" \/>\n<meta property=\"og:site_name\" content=\"Diapro\" \/>\n<meta property=\"article:modified_time\" content=\"2025-07-02T18:42:45+00:00\" \/>\n<meta property=\"og:image\" content=\"https:\/\/www.diapro.is\/wp-content\/uploads\/2025\/02\/MASTER_UTM_O125.jpg\" \/>\n\t<meta property=\"og:image:width\" content=\"1183\" \/>\n\t<meta property=\"og:image:height\" content=\"1183\" \/>\n\t<meta property=\"og:image:type\" content=\"image\/jpeg\" \/>\n<meta name=\"twitter:card\" content=\"summary_large_image\" \/>\n<meta name=\"twitter:label1\" content=\"Est. reading time\" \/>\n\t<meta name=\"twitter:data1\" content=\"1 minute\" \/>\n<script type=\"application\/ld+json\" class=\"yoast-schema-graph\">{\"@context\":\"https:\/\/schema.org\",\"@graph\":[{\"@type\":\"WebPage\",\"@id\":\"https:\/\/www.diapro.is\/vara\/samedia-utm-125mmx22-23\/\",\"url\":\"https:\/\/www.diapro.is\/vara\/samedia-utm-125mmx22-23\/\",\"name\":\"Samedia UTM 125MMx22.23 | Diapro\",\"isPartOf\":{\"@id\":\"https:\/\/www.diapro.is\/#website\"},\"primaryImageOfPage\":{\"@id\":\"https:\/\/www.diapro.is\/vara\/samedia-utm-125mmx22-23\/#primaryimage\"},\"image\":{\"@id\":\"https:\/\/www.diapro.is\/vara\/samedia-utm-125mmx22-23\/#primaryimage\"},\"thumbnailUrl\":\"https:\/\/www.diapro.is\/wp-content\/uploads\/2025\/02\/MASTER_UTM_O125.jpg\",\"datePublished\":\"2025-07-02T18:39:25+00:00\",\"dateModified\":\"2025-07-02T18:42:45+00:00\",\"description\":\"Our new MASTER UTM diamond blade offers exceptional longevity combined with rare versatility. An excellent compromise between speed, efficiency and safety. We offer it in 5 models. Availability: since january 2021.Assets:vacuum-brazed Premium diamond cutting disc for metal applicationextra-thin execution for a fast and clean cutmore power, up to 1000 cuts = 30 x more lifetime in comparison to corundum discsmore comfortable because of constant cutting depthno reduction of diameter possibleless flying sparks = safer\",\"breadcrumb\":{\"@id\":\"https:\/\/www.diapro.is\/vara\/samedia-utm-125mmx22-23\/#breadcrumb\"},\"inLanguage\":\"en-US\",\"potentialAction\":[{\"@type\":\"ReadAction\",\"target\":[\"https:\/\/www.diapro.is\/vara\/samedia-utm-125mmx22-23\/\"]}]},{\"@type\":\"ImageObject\",\"inLanguage\":\"en-US\",\"@id\":\"https:\/\/www.diapro.is\/vara\/samedia-utm-125mmx22-23\/#primaryimage\",\"url\":\"https:\/\/www.diapro.is\/wp-content\/uploads\/2025\/02\/MASTER_UTM_O125.jpg\",\"contentUrl\":\"https:\/\/www.diapro.is\/wp-content\/uploads\/2025\/02\/MASTER_UTM_O125.jpg\",\"width\":1183,\"height\":1183},{\"@type\":\"BreadcrumbList\",\"@id\":\"https:\/\/www.diapro.is\/vara\/samedia-utm-125mmx22-23\/#breadcrumb\",\"itemListElement\":[{\"@type\":\"ListItem\",\"position\":1,\"name\":\"Home\",\"item\":\"https:\/\/www.diapro.is\/en\/\"},{\"@type\":\"ListItem\",\"position\":2,\"name\":\"Shop\",\"item\":\"https:\/\/www.diapro.is\/en\/\"},{\"@type\":\"ListItem\",\"position\":3,\"name\":\"Samedia UTM 125MMx22.23\"}]},{\"@type\":\"WebSite\",\"@id\":\"https:\/\/www.diapro.is\/#website\",\"url\":\"https:\/\/www.diapro.is\/\",\"name\":\"Diapro\",\"description\":\"Diapro\",\"publisher\":{\"@id\":\"https:\/\/www.diapro.is\/#organization\"},\"potentialAction\":[{\"@type\":\"SearchAction\",\"target\":{\"@type\":\"EntryPoint\",\"urlTemplate\":\"https:\/\/www.diapro.is\/?s={search_term_string}\"},\"query-input\":{\"@type\":\"PropertyValueSpecification\",\"valueRequired\":true,\"valueName\":\"search_term_string\"}}],\"inLanguage\":\"en-US\"},{\"@type\":\"Organization\",\"@id\":\"https:\/\/www.diapro.is\/#organization\",\"name\":\"Diapro\",\"url\":\"https:\/\/www.diapro.is\/\",\"logo\":{\"@type\":\"ImageObject\",\"inLanguage\":\"en-US\",\"@id\":\"https:\/\/www.diapro.is\/#\/schema\/logo\/image\/\",\"url\":\"https:\/\/www.diapro.is\/wp-content\/uploads\/2021\/09\/BORSmal_Logo.png\",\"contentUrl\":\"https:\/\/www.diapro.is\/wp-content\/uploads\/2021\/09\/BORSmal_Logo.png\",\"width\":100,\"height\":100,\"caption\":\"Diapro\"},\"image\":{\"@id\":\"https:\/\/www.diapro.is\/#\/schema\/logo\/image\/\"}}]}<\/script>\n<!-- \/ Yoast SEO plugin. -->","yoast_head_json":{"title":"Samedia UTM 125MMx22.23 | Diapro","description":"Our new MASTER UTM diamond blade offers exceptional longevity combined with rare versatility. An excellent compromise between speed, efficiency and safety. We offer it in 5 models. Availability: since january 2021.Assets:vacuum-brazed Premium diamond cutting disc for metal applicationextra-thin execution for a fast and clean cutmore power, up to 1000 cuts = 30 x more lifetime in comparison to corundum discsmore comfortable because of constant cutting depthno reduction of diameter possibleless flying sparks = safer","robots":{"index":"index","follow":"follow","max-snippet":"max-snippet:-1","max-image-preview":"max-image-preview:large","max-video-preview":"max-video-preview:-1"},"canonical":"https:\/\/www.diapro.is\/vara\/samedia-utm-125mmx22-23\/","og_locale":"en_US","og_type":"article","og_title":"Samedia UTM 125MMx22.23 | Diapro","og_description":"Our new MASTER UTM diamond blade offers exceptional longevity combined with rare versatility. An excellent compromise between speed, efficiency and safety. We offer it in 5 models. Availability: since january 2021.Assets:vacuum-brazed Premium diamond cutting disc for metal applicationextra-thin execution for a fast and clean cutmore power, up to 1000 cuts = 30 x more lifetime in comparison to corundum discsmore comfortable because of constant cutting depthno reduction of diameter possibleless flying sparks = safer","og_url":"https:\/\/www.diapro.is\/vara\/samedia-utm-125mmx22-23\/","og_site_name":"Diapro","article_modified_time":"2025-07-02T18:42:45+00:00","og_image":[{"width":1183,"height":1183,"url":"https:\/\/www.diapro.is\/wp-content\/uploads\/2025\/02\/MASTER_UTM_O125.jpg","type":"image\/jpeg"}],"twitter_card":"summary_large_image","twitter_misc":{"Est. reading time":"1 minute"},"schema":{"@context":"https:\/\/schema.org","@graph":[{"@type":"WebPage","@id":"https:\/\/www.diapro.is\/vara\/samedia-utm-125mmx22-23\/","url":"https:\/\/www.diapro.is\/vara\/samedia-utm-125mmx22-23\/","name":"Samedia UTM 125MMx22.23 | Diapro","isPartOf":{"@id":"https:\/\/www.diapro.is\/#website"},"primaryImageOfPage":{"@id":"https:\/\/www.diapro.is\/vara\/samedia-utm-125mmx22-23\/#primaryimage"},"image":{"@id":"https:\/\/www.diapro.is\/vara\/samedia-utm-125mmx22-23\/#primaryimage"},"thumbnailUrl":"https:\/\/www.diapro.is\/wp-content\/uploads\/2025\/02\/MASTER_UTM_O125.jpg","datePublished":"2025-07-02T18:39:25+00:00","dateModified":"2025-07-02T18:42:45+00:00","description":"Our new MASTER UTM diamond blade offers exceptional longevity combined with rare versatility. An excellent compromise between speed, efficiency and safety. We offer it in 5 models. Availability: since january 2021.Assets:vacuum-brazed Premium diamond cutting disc for metal applicationextra-thin execution for a fast and clean cutmore power, up to 1000 cuts = 30 x more lifetime in comparison to corundum discsmore comfortable because of constant cutting depthno reduction of diameter possibleless flying sparks = safer","breadcrumb":{"@id":"https:\/\/www.diapro.is\/vara\/samedia-utm-125mmx22-23\/#breadcrumb"},"inLanguage":"en-US","potentialAction":[{"@type":"ReadAction","target":["https:\/\/www.diapro.is\/vara\/samedia-utm-125mmx22-23\/"]}]},{"@type":"ImageObject","inLanguage":"en-US","@id":"https:\/\/www.diapro.is\/vara\/samedia-utm-125mmx22-23\/#primaryimage","url":"https:\/\/www.diapro.is\/wp-content\/uploads\/2025\/02\/MASTER_UTM_O125.jpg","contentUrl":"https:\/\/www.diapro.is\/wp-content\/uploads\/2025\/02\/MASTER_UTM_O125.jpg","width":1183,"height":1183},{"@type":"BreadcrumbList","@id":"https:\/\/www.diapro.is\/vara\/samedia-utm-125mmx22-23\/#breadcrumb","itemListElement":[{"@type":"ListItem","position":1,"name":"Home","item":"https:\/\/www.diapro.is\/en\/"},{"@type":"ListItem","position":2,"name":"Shop","item":"https:\/\/www.diapro.is\/en\/"},{"@type":"ListItem","position":3,"name":"Samedia UTM 125MMx22.23"}]},{"@type":"WebSite","@id":"https:\/\/www.diapro.is\/#website","url":"https:\/\/www.diapro.is\/","name":"Diapro","description":"Diapro","publisher":{"@id":"https:\/\/www.diapro.is\/#organization"},"potentialAction":[{"@type":"SearchAction","target":{"@type":"EntryPoint","urlTemplate":"https:\/\/www.diapro.is\/?s={search_term_string}"},"query-input":{"@type":"PropertyValueSpecification","valueRequired":true,"valueName":"search_term_string"}}],"inLanguage":"en-US"},{"@type":"Organization","@id":"https:\/\/www.diapro.is\/#organization","name":"Diapro","url":"https:\/\/www.diapro.is\/","logo":{"@type":"ImageObject","inLanguage":"en-US","@id":"https:\/\/www.diapro.is\/#\/schema\/logo\/image\/","url":"https:\/\/www.diapro.is\/wp-content\/uploads\/2021\/09\/BORSmal_Logo.png","contentUrl":"https:\/\/www.diapro.is\/wp-content\/uploads\/2021\/09\/BORSmal_Logo.png","width":100,"height":100,"caption":"Diapro"},"image":{"@id":"https:\/\/www.diapro.is\/#\/schema\/logo\/image\/"}}]}},"_links":{"self":[{"href":"https:\/\/www.diapro.is\/en\/wp-json\/wp\/v2\/product\/2232","targetHints":{"allow":["GET"]}}],"collection":[{"href":"https:\/\/www.diapro.is\/en\/wp-json\/wp\/v2\/product"}],"about":[{"href":"https:\/\/www.diapro.is\/en\/wp-json\/wp\/v2\/types\/product"}],"wp:featuredmedia":[{"embeddable":true,"href":"https:\/\/www.diapro.is\/en\/wp-json\/wp\/v2\/media\/2233"}],"wp:attachment":[{"href":"https:\/\/www.diapro.is\/en\/wp-json\/wp\/v2\/media?parent=2232"}],"wp:term":[{"taxonomy":"product_brand","embeddable":true,"href":"https:\/\/www.diapro.is\/en\/wp-json\/wp\/v2\/product_brand?post=2232"},{"taxonomy":"product_cat","embeddable":true,"href":"https:\/\/www.diapro.is\/en\/wp-json\/wp\/v2\/product_cat?post=2232"},{"taxonomy":"product_tag","embeddable":true,"href":"https:\/\/www.diapro.is\/en\/wp-json\/wp\/v2\/product_tag?post=2232"}],"curies":[{"name":"wp","href":"https:\/\/api.w.org\/{rel}","templated":true}]}}