{"id":2227,"date":"2025-02-19T17:30:00","date_gmt":"2025-02-19T17:30:00","guid":{"rendered":"https:\/\/www.diapro.is\/?post_type=product&#038;p=2227"},"modified":"2025-02-19T17:48:08","modified_gmt":"2025-02-19T17:48:08","slug":"aspen-bio-kedjuolia","status":"publish","type":"product","link":"https:\/\/www.diapro.is\/en\/product\/aspen-bio-kedjuolia\/","title":{"rendered":"Aspen bio Ke\u00f0juol\u00eda"},"content":{"rendered":"<p class=\"lead\" data-animate=\"fadeIn\">Aspen bio Ke\u00f0juol\u00eda er f\u00e1anleg \u00ed <strong>1L og 20L <\/strong>einingum.<\/p>\n<div class=\"et_pb_module et_pb_image et_pb_image_1\"><\/div>\n","protected":false},"excerpt":{"rendered":"<h3 data-start=\"0\" data-end=\"71\"><strong data-start=\"4\" data-end=\"69\">Aspen Bio Chain Oil \u2013 Umhverfisv\u00e6n ke\u00f0juol\u00eda fyrir ke\u00f0jusagir<\/strong><\/h3>\n<p data-start=\"73\" data-end=\"429\">Aspen Bio Chain Oil er <strong data-start=\"96\" data-end=\"142\">h\u00e1g\u00e6\u00f0a ke\u00f0juol\u00eda sem smyr og k\u00e6lir ke\u00f0juna<\/strong>, svo h\u00fan helst beitt lengur og endist betur. Ol\u00edan er <strong data-start=\"197\" data-end=\"233\">100% l\u00edfbrj\u00f3tanleg innan 14 daga<\/strong>, sem \u00fe\u00fd\u00f0ir a\u00f0 h\u00fan brotnar hratt ni\u00f0ur \u00ed n\u00e1tt\u00farunni og mengar hvorki jar\u00f0veg n\u00e9 grunnvatn. H\u00fan hentar fyrir allar tegundir ke\u00f0jusaga og vinnur jafn vel \u00ed <strong data-start=\"387\" data-end=\"426\">sumar sem vetur, allt ni\u00f0ur \u00ed -20\u00b0C<\/strong>.<\/p>\n<h3 data-start=\"431\" data-end=\"470\"><strong data-start=\"435\" data-end=\"468\">Helstu eiginleikar og kostir:<\/strong><\/h3>\n<p data-start=\"471\" data-end=\"848\">\u2705 <strong data-start=\"473\" data-end=\"504\">Ger\u00f0 \u00far pl\u00f6ntubundnum ol\u00edum<\/strong> \u2013 umhverfisv\u00e6n og l\u00edfbrj\u00f3tanleg<br data-start=\"536\" data-end=\"539\" \/>\u2705 <strong data-start=\"541\" data-end=\"562\">Mj\u00f6g g\u00f3\u00f0 vi\u00f0lo\u00f0un<\/strong> \u2013 sparneytin \u00ed notkun og gefur betri smurningu<br data-start=\"609\" data-end=\"612\" \/>\u2705 <strong data-start=\"614\" data-end=\"650\">Minnkar slit \u00e1 ke\u00f0ju og s\u00f6gbla\u00f0i<\/strong> \u2013 kemur \u00ed veg fyrir t\u00e6ringu<br data-start=\"678\" data-end=\"681\" \/>\u2705 <strong data-start=\"683\" data-end=\"737\">Hentar \u00f6llum tegundum ke\u00f0jusaga og sk\u00f3garvinnuv\u00e9la<\/strong><br data-start=\"737\" data-end=\"740\" \/>\u2705 <strong data-start=\"742\" data-end=\"796\">Endingarg\u00f3\u00f0 \u2013 geymist \u00ed a\u00f0 minnsta kosti 18 m\u00e1nu\u00f0i<\/strong><br data-start=\"796\" data-end=\"799\" \/>\u2705 <strong data-start=\"801\" data-end=\"846\">Au\u00f0velt a\u00f0 fylla \u00e1 me\u00f0 \u00fatdraganlegum st\u00fat<\/strong><\/p>\n<h3 data-start=\"850\" data-end=\"895\"><strong data-start=\"854\" data-end=\"893\">Af hverju a\u00f0 velja Aspen Bio Chain?<\/strong><\/h3>\n<p data-start=\"896\" data-end=\"1237\">Aspen Bio Chain verndar v\u00e9lar og b\u00fana\u00f0 gegn sliti og tryggir h\u00e1marks afk\u00f6st, jafnvel vi\u00f0 krefjandi a\u00f0st\u00e6\u00f0ur. H\u00fan heldur virkni sinni vi\u00f0 <strong data-start=\"1033\" data-end=\"1092\">l\u00e1gt hitastig (allt ni\u00f0ur \u00ed -20\u00b0C) og mikinn ke\u00f0juhra\u00f0a<\/strong>. \u00dear sem ol\u00edan er l\u00edfbrj\u00f3tanleg hefur h\u00fan <strong data-start=\"1135\" data-end=\"1171\">engin neikv\u00e6\u00f0 \u00e1hrif \u00e1 vistkerfi\u00f0<\/strong> og hj\u00e1lpar til vi\u00f0 a\u00f0 vi\u00f0halda jafnv\u00e6gi l\u00edfr\u00edkisins \u00ed sk\u00f3ginum.<\/p>\n<p data-start=\"1239\" data-end=\"1367\">Til a\u00f0 tryggja h\u00e1marksendingu skal <strong data-start=\"1274\" data-end=\"1364\">geyma Aspen Bio Chain \u00ed loku\u00f0um umb\u00fa\u00f0um \u00e1 \u00feurrum sta\u00f0 vi\u00f0 hitastig fr\u00e1 -20\u00b0C til +30\u00b0C<\/strong>.<\/p>\n<p data-start=\"1369\" data-end=\"1465\" data-is-last-node=\"\"><strong data-start=\"1369\" data-end=\"1465\" data-is-last-node=\"\">Aspen Bio Chain Oil er fr\u00e1b\u00e6rt val fyrir \u00fe\u00e1 sem vilja hugsa vel um b\u00e6\u00f0i v\u00e9lina og umhverfi\u00f0!<\/strong><\/p>\n<div class=\"et_pb_module et_pb_image et_pb_image_1\">\n<div class=\"et_pb_module et_pb_image et_pb_image_1\"><\/div>\n<\/div>\n","protected":false},"featured_media":2230,"template":"","meta":[],"product_brand":[],"product_cat":[97],"product_tag":[],"class_list":{"0":"post-2227","1":"product","2":"type-product","3":"status-publish","4":"has-post-thumbnail","6":"product_cat-aspenfuel","8":"first","9":"instock","10":"taxable","11":"shipping-taxable","12":"purchasable","13":"product-type-simple"},"yoast_head":"<!-- This site is optimized with the Yoast SEO plugin v26.6 - https:\/\/yoast.com\/wordpress\/plugins\/seo\/ -->\n<title>Aspen bio Ke\u00f0juol\u00eda | Diapro<\/title>\n<meta name=\"description\" content=\"Aspen Bio Chain Oil \u2013 Umhverfisv\u00e6n ke\u00f0juol\u00eda fyrir ke\u00f0jusagirAspen Bio Chain Oil er h\u00e1g\u00e6\u00f0a ke\u00f0juol\u00eda sem smyr og k\u00e6lir ke\u00f0juna, svo h\u00fan helst beitt lengur og endist betur. Ol\u00edan er 100% l\u00edfbrj\u00f3tanleg innan 14 daga, sem \u00fe\u00fd\u00f0ir a\u00f0 h\u00fan brotnar hratt ni\u00f0ur \u00ed n\u00e1tt\u00farunni og mengar hvorki jar\u00f0veg n\u00e9 grunnvatn. H\u00fan hentar fyrir allar tegundir ke\u00f0jusaga og vinnur jafn vel \u00ed sumar sem vetur, allt ni\u00f0ur \u00ed -20\u00b0C.Helstu eiginleikar og kostir:\u2705 Ger\u00f0 \u00far pl\u00f6ntubundnum ol\u00edum \u2013 umhverfisv\u00e6n og l\u00edfbrj\u00f3tanleg\u2705 Mj\u00f6g g\u00f3\u00f0 vi\u00f0lo\u00f0un \u2013 sparneytin \u00ed notkun og gefur betri smurningu\u2705 Minnkar slit \u00e1 ke\u00f0ju og s\u00f6gbla\u00f0i \u2013 kemur \u00ed veg fyrir t\u00e6ringu\u2705 Hentar \u00f6llum tegundum ke\u00f0jusaga og sk\u00f3garvinnuv\u00e9la\u2705 Endingarg\u00f3\u00f0 \u2013 geymist \u00ed a\u00f0 minnsta kosti 18 m\u00e1nu\u00f0i\u2705 Au\u00f0velt a\u00f0 fylla \u00e1 me\u00f0 \u00fatdraganlegum st\u00fatAf hverju a\u00f0 velja Aspen Bio Chain?Aspen Bio Chain verndar v\u00e9lar og b\u00fana\u00f0 gegn sliti og tryggir h\u00e1marks afk\u00f6st, jafnvel vi\u00f0 krefjandi a\u00f0st\u00e6\u00f0ur. H\u00fan heldur virkni sinni vi\u00f0 l\u00e1gt hitastig (allt ni\u00f0ur \u00ed -20\u00b0C) og mikinn ke\u00f0juhra\u00f0a. \u00dear sem ol\u00edan er l\u00edfbrj\u00f3tanleg hefur h\u00fan engin neikv\u00e6\u00f0 \u00e1hrif \u00e1 vistkerfi\u00f0 og hj\u00e1lpar til vi\u00f0 a\u00f0 vi\u00f0halda jafnv\u00e6gi l\u00edfr\u00edkisins \u00ed sk\u00f3ginum.Til a\u00f0 tryggja h\u00e1marksendingu skal geyma Aspen Bio Chain \u00ed loku\u00f0um umb\u00fa\u00f0um \u00e1 \u00feurrum sta\u00f0 vi\u00f0 hitastig fr\u00e1 -20\u00b0C til +30\u00b0C.Aspen Bio Chain Oil er fr\u00e1b\u00e6rt val fyrir \u00fe\u00e1 sem vilja hugsa vel um b\u00e6\u00f0i v\u00e9lina og umhverfi\u00f0!\" \/>\n<meta name=\"robots\" content=\"index, follow, max-snippet:-1, max-image-preview:large, max-video-preview:-1\" \/>\n<link rel=\"canonical\" href=\"https:\/\/www.diapro.is\/vara\/aspen-bio-kedjuolia\/\" \/>\n<meta property=\"og:locale\" content=\"en_US\" \/>\n<meta property=\"og:type\" content=\"article\" \/>\n<meta property=\"og:title\" content=\"Aspen bio Ke\u00f0juol\u00eda | Diapro\" \/>\n<meta property=\"og:description\" content=\"Aspen Bio Chain Oil \u2013 Umhverfisv\u00e6n ke\u00f0juol\u00eda fyrir ke\u00f0jusagirAspen Bio Chain Oil er h\u00e1g\u00e6\u00f0a ke\u00f0juol\u00eda sem smyr og k\u00e6lir ke\u00f0juna, svo h\u00fan helst beitt lengur og endist betur. Ol\u00edan er 100% l\u00edfbrj\u00f3tanleg innan 14 daga, sem \u00fe\u00fd\u00f0ir a\u00f0 h\u00fan brotnar hratt ni\u00f0ur \u00ed n\u00e1tt\u00farunni og mengar hvorki jar\u00f0veg n\u00e9 grunnvatn. H\u00fan hentar fyrir allar tegundir ke\u00f0jusaga og vinnur jafn vel \u00ed sumar sem vetur, allt ni\u00f0ur \u00ed -20\u00b0C.Helstu eiginleikar og kostir:\u2705 Ger\u00f0 \u00far pl\u00f6ntubundnum ol\u00edum \u2013 umhverfisv\u00e6n og l\u00edfbrj\u00f3tanleg\u2705 Mj\u00f6g g\u00f3\u00f0 vi\u00f0lo\u00f0un \u2013 sparneytin \u00ed notkun og gefur betri smurningu\u2705 Minnkar slit \u00e1 ke\u00f0ju og s\u00f6gbla\u00f0i \u2013 kemur \u00ed veg fyrir t\u00e6ringu\u2705 Hentar \u00f6llum tegundum ke\u00f0jusaga og sk\u00f3garvinnuv\u00e9la\u2705 Endingarg\u00f3\u00f0 \u2013 geymist \u00ed a\u00f0 minnsta kosti 18 m\u00e1nu\u00f0i\u2705 Au\u00f0velt a\u00f0 fylla \u00e1 me\u00f0 \u00fatdraganlegum st\u00fatAf hverju a\u00f0 velja Aspen Bio Chain?Aspen Bio Chain verndar v\u00e9lar og b\u00fana\u00f0 gegn sliti og tryggir h\u00e1marks afk\u00f6st, jafnvel vi\u00f0 krefjandi a\u00f0st\u00e6\u00f0ur. H\u00fan heldur virkni sinni vi\u00f0 l\u00e1gt hitastig (allt ni\u00f0ur \u00ed -20\u00b0C) og mikinn ke\u00f0juhra\u00f0a. \u00dear sem ol\u00edan er l\u00edfbrj\u00f3tanleg hefur h\u00fan engin neikv\u00e6\u00f0 \u00e1hrif \u00e1 vistkerfi\u00f0 og hj\u00e1lpar til vi\u00f0 a\u00f0 vi\u00f0halda jafnv\u00e6gi l\u00edfr\u00edkisins \u00ed sk\u00f3ginum.Til a\u00f0 tryggja h\u00e1marksendingu skal geyma Aspen Bio Chain \u00ed loku\u00f0um umb\u00fa\u00f0um \u00e1 \u00feurrum sta\u00f0 vi\u00f0 hitastig fr\u00e1 -20\u00b0C til +30\u00b0C.Aspen Bio Chain Oil er fr\u00e1b\u00e6rt val fyrir \u00fe\u00e1 sem vilja hugsa vel um b\u00e6\u00f0i v\u00e9lina og umhverfi\u00f0!\" \/>\n<meta property=\"og:url\" content=\"https:\/\/www.diapro.is\/vara\/aspen-bio-kedjuolia\/\" \/>\n<meta property=\"og:site_name\" content=\"Diapro\" \/>\n<meta property=\"article:modified_time\" content=\"2025-02-19T17:48:08+00:00\" \/>\n<meta property=\"og:image\" content=\"https:\/\/www.diapro.is\/wp-content\/uploads\/2025\/02\/BioChainOil-1L-scaled-1.jpg\" \/>\n\t<meta property=\"og:image:width\" content=\"1490\" \/>\n\t<meta property=\"og:image:height\" content=\"2560\" \/>\n\t<meta property=\"og:image:type\" content=\"image\/jpeg\" \/>\n<meta name=\"twitter:card\" content=\"summary_large_image\" \/>\n<meta name=\"twitter:label1\" content=\"Est. reading time\" \/>\n\t<meta name=\"twitter:data1\" content=\"1 minute\" \/>\n<script type=\"application\/ld+json\" class=\"yoast-schema-graph\">{\"@context\":\"https:\/\/schema.org\",\"@graph\":[{\"@type\":\"WebPage\",\"@id\":\"https:\/\/www.diapro.is\/vara\/aspen-bio-kedjuolia\/\",\"url\":\"https:\/\/www.diapro.is\/vara\/aspen-bio-kedjuolia\/\",\"name\":\"Aspen bio Ke\u00f0juol\u00eda | Diapro\",\"isPartOf\":{\"@id\":\"https:\/\/www.diapro.is\/#website\"},\"primaryImageOfPage\":{\"@id\":\"https:\/\/www.diapro.is\/vara\/aspen-bio-kedjuolia\/#primaryimage\"},\"image\":{\"@id\":\"https:\/\/www.diapro.is\/vara\/aspen-bio-kedjuolia\/#primaryimage\"},\"thumbnailUrl\":\"https:\/\/www.diapro.is\/wp-content\/uploads\/2025\/02\/BioChainOil-1L-scaled-1.jpg\",\"datePublished\":\"2025-02-19T17:30:00+00:00\",\"dateModified\":\"2025-02-19T17:48:08+00:00\",\"description\":\"Aspen Bio Chain Oil \u2013 Umhverfisv\u00e6n ke\u00f0juol\u00eda fyrir ke\u00f0jusagirAspen Bio Chain Oil er h\u00e1g\u00e6\u00f0a ke\u00f0juol\u00eda sem smyr og k\u00e6lir ke\u00f0juna, svo h\u00fan helst beitt lengur og endist betur. Ol\u00edan er 100% l\u00edfbrj\u00f3tanleg innan 14 daga, sem \u00fe\u00fd\u00f0ir a\u00f0 h\u00fan brotnar hratt ni\u00f0ur \u00ed n\u00e1tt\u00farunni og mengar hvorki jar\u00f0veg n\u00e9 grunnvatn. H\u00fan hentar fyrir allar tegundir ke\u00f0jusaga og vinnur jafn vel \u00ed sumar sem vetur, allt ni\u00f0ur \u00ed -20\u00b0C.Helstu eiginleikar og kostir:\u2705 Ger\u00f0 \u00far pl\u00f6ntubundnum ol\u00edum \u2013 umhverfisv\u00e6n og l\u00edfbrj\u00f3tanleg\u2705 Mj\u00f6g g\u00f3\u00f0 vi\u00f0lo\u00f0un \u2013 sparneytin \u00ed notkun og gefur betri smurningu\u2705 Minnkar slit \u00e1 ke\u00f0ju og s\u00f6gbla\u00f0i \u2013 kemur \u00ed veg fyrir t\u00e6ringu\u2705 Hentar \u00f6llum tegundum ke\u00f0jusaga og sk\u00f3garvinnuv\u00e9la\u2705 Endingarg\u00f3\u00f0 \u2013 geymist \u00ed a\u00f0 minnsta kosti 18 m\u00e1nu\u00f0i\u2705 Au\u00f0velt a\u00f0 fylla \u00e1 me\u00f0 \u00fatdraganlegum st\u00fatAf hverju a\u00f0 velja Aspen Bio Chain?Aspen Bio Chain verndar v\u00e9lar og b\u00fana\u00f0 gegn sliti og tryggir h\u00e1marks afk\u00f6st, jafnvel vi\u00f0 krefjandi a\u00f0st\u00e6\u00f0ur. H\u00fan heldur virkni sinni vi\u00f0 l\u00e1gt hitastig (allt ni\u00f0ur \u00ed -20\u00b0C) og mikinn ke\u00f0juhra\u00f0a. \u00dear sem ol\u00edan er l\u00edfbrj\u00f3tanleg hefur h\u00fan engin neikv\u00e6\u00f0 \u00e1hrif \u00e1 vistkerfi\u00f0 og hj\u00e1lpar til vi\u00f0 a\u00f0 vi\u00f0halda jafnv\u00e6gi l\u00edfr\u00edkisins \u00ed sk\u00f3ginum.Til a\u00f0 tryggja h\u00e1marksendingu skal geyma Aspen Bio Chain \u00ed loku\u00f0um umb\u00fa\u00f0um \u00e1 \u00feurrum sta\u00f0 vi\u00f0 hitastig fr\u00e1 -20\u00b0C til +30\u00b0C.Aspen Bio Chain Oil er fr\u00e1b\u00e6rt val fyrir \u00fe\u00e1 sem vilja hugsa vel um b\u00e6\u00f0i v\u00e9lina og umhverfi\u00f0!\",\"breadcrumb\":{\"@id\":\"https:\/\/www.diapro.is\/vara\/aspen-bio-kedjuolia\/#breadcrumb\"},\"inLanguage\":\"en-US\",\"potentialAction\":[{\"@type\":\"ReadAction\",\"target\":[\"https:\/\/www.diapro.is\/vara\/aspen-bio-kedjuolia\/\"]}]},{\"@type\":\"ImageObject\",\"inLanguage\":\"en-US\",\"@id\":\"https:\/\/www.diapro.is\/vara\/aspen-bio-kedjuolia\/#primaryimage\",\"url\":\"https:\/\/www.diapro.is\/wp-content\/uploads\/2025\/02\/BioChainOil-1L-scaled-1.jpg\",\"contentUrl\":\"https:\/\/www.diapro.is\/wp-content\/uploads\/2025\/02\/BioChainOil-1L-scaled-1.jpg\",\"width\":1490,\"height\":2560},{\"@type\":\"BreadcrumbList\",\"@id\":\"https:\/\/www.diapro.is\/vara\/aspen-bio-kedjuolia\/#breadcrumb\",\"itemListElement\":[{\"@type\":\"ListItem\",\"position\":1,\"name\":\"Home\",\"item\":\"https:\/\/www.diapro.is\/en\/\"},{\"@type\":\"ListItem\",\"position\":2,\"name\":\"Shop\",\"item\":\"https:\/\/www.diapro.is\/en\/\"},{\"@type\":\"ListItem\",\"position\":3,\"name\":\"Aspen bio Ke\u00f0juol\u00eda\"}]},{\"@type\":\"WebSite\",\"@id\":\"https:\/\/www.diapro.is\/#website\",\"url\":\"https:\/\/www.diapro.is\/\",\"name\":\"Diapro\",\"description\":\"Diapro\",\"publisher\":{\"@id\":\"https:\/\/www.diapro.is\/#organization\"},\"potentialAction\":[{\"@type\":\"SearchAction\",\"target\":{\"@type\":\"EntryPoint\",\"urlTemplate\":\"https:\/\/www.diapro.is\/?s={search_term_string}\"},\"query-input\":{\"@type\":\"PropertyValueSpecification\",\"valueRequired\":true,\"valueName\":\"search_term_string\"}}],\"inLanguage\":\"en-US\"},{\"@type\":\"Organization\",\"@id\":\"https:\/\/www.diapro.is\/#organization\",\"name\":\"Diapro\",\"url\":\"https:\/\/www.diapro.is\/\",\"logo\":{\"@type\":\"ImageObject\",\"inLanguage\":\"en-US\",\"@id\":\"https:\/\/www.diapro.is\/#\/schema\/logo\/image\/\",\"url\":\"https:\/\/www.diapro.is\/wp-content\/uploads\/2021\/09\/BORSmal_Logo.png\",\"contentUrl\":\"https:\/\/www.diapro.is\/wp-content\/uploads\/2021\/09\/BORSmal_Logo.png\",\"width\":100,\"height\":100,\"caption\":\"Diapro\"},\"image\":{\"@id\":\"https:\/\/www.diapro.is\/#\/schema\/logo\/image\/\"}}]}<\/script>\n<!-- \/ Yoast SEO plugin. -->","yoast_head_json":{"title":"Aspen bio Ke\u00f0juol\u00eda | Diapro","description":"Aspen Bio Chain Oil \u2013 Umhverfisv\u00e6n ke\u00f0juol\u00eda fyrir ke\u00f0jusagirAspen Bio Chain Oil er h\u00e1g\u00e6\u00f0a ke\u00f0juol\u00eda sem smyr og k\u00e6lir ke\u00f0juna, svo h\u00fan helst beitt lengur og endist betur. Ol\u00edan er 100% l\u00edfbrj\u00f3tanleg innan 14 daga, sem \u00fe\u00fd\u00f0ir a\u00f0 h\u00fan brotnar hratt ni\u00f0ur \u00ed n\u00e1tt\u00farunni og mengar hvorki jar\u00f0veg n\u00e9 grunnvatn. H\u00fan hentar fyrir allar tegundir ke\u00f0jusaga og vinnur jafn vel \u00ed sumar sem vetur, allt ni\u00f0ur \u00ed -20\u00b0C.Helstu eiginleikar og kostir:\u2705 Ger\u00f0 \u00far pl\u00f6ntubundnum ol\u00edum \u2013 umhverfisv\u00e6n og l\u00edfbrj\u00f3tanleg\u2705 Mj\u00f6g g\u00f3\u00f0 vi\u00f0lo\u00f0un \u2013 sparneytin \u00ed notkun og gefur betri smurningu\u2705 Minnkar slit \u00e1 ke\u00f0ju og s\u00f6gbla\u00f0i \u2013 kemur \u00ed veg fyrir t\u00e6ringu\u2705 Hentar \u00f6llum tegundum ke\u00f0jusaga og sk\u00f3garvinnuv\u00e9la\u2705 Endingarg\u00f3\u00f0 \u2013 geymist \u00ed a\u00f0 minnsta kosti 18 m\u00e1nu\u00f0i\u2705 Au\u00f0velt a\u00f0 fylla \u00e1 me\u00f0 \u00fatdraganlegum st\u00fatAf hverju a\u00f0 velja Aspen Bio Chain?Aspen Bio Chain verndar v\u00e9lar og b\u00fana\u00f0 gegn sliti og tryggir h\u00e1marks afk\u00f6st, jafnvel vi\u00f0 krefjandi a\u00f0st\u00e6\u00f0ur. H\u00fan heldur virkni sinni vi\u00f0 l\u00e1gt hitastig (allt ni\u00f0ur \u00ed -20\u00b0C) og mikinn ke\u00f0juhra\u00f0a. \u00dear sem ol\u00edan er l\u00edfbrj\u00f3tanleg hefur h\u00fan engin neikv\u00e6\u00f0 \u00e1hrif \u00e1 vistkerfi\u00f0 og hj\u00e1lpar til vi\u00f0 a\u00f0 vi\u00f0halda jafnv\u00e6gi l\u00edfr\u00edkisins \u00ed sk\u00f3ginum.Til a\u00f0 tryggja h\u00e1marksendingu skal geyma Aspen Bio Chain \u00ed loku\u00f0um umb\u00fa\u00f0um \u00e1 \u00feurrum sta\u00f0 vi\u00f0 hitastig fr\u00e1 -20\u00b0C til +30\u00b0C.Aspen Bio Chain Oil er fr\u00e1b\u00e6rt val fyrir \u00fe\u00e1 sem vilja hugsa vel um b\u00e6\u00f0i v\u00e9lina og umhverfi\u00f0!","robots":{"index":"index","follow":"follow","max-snippet":"max-snippet:-1","max-image-preview":"max-image-preview:large","max-video-preview":"max-video-preview:-1"},"canonical":"https:\/\/www.diapro.is\/vara\/aspen-bio-kedjuolia\/","og_locale":"en_US","og_type":"article","og_title":"Aspen bio Ke\u00f0juol\u00eda | Diapro","og_description":"Aspen Bio Chain Oil \u2013 Umhverfisv\u00e6n ke\u00f0juol\u00eda fyrir ke\u00f0jusagirAspen Bio Chain Oil er h\u00e1g\u00e6\u00f0a ke\u00f0juol\u00eda sem smyr og k\u00e6lir ke\u00f0juna, svo h\u00fan helst beitt lengur og endist betur. Ol\u00edan er 100% l\u00edfbrj\u00f3tanleg innan 14 daga, sem \u00fe\u00fd\u00f0ir a\u00f0 h\u00fan brotnar hratt ni\u00f0ur \u00ed n\u00e1tt\u00farunni og mengar hvorki jar\u00f0veg n\u00e9 grunnvatn. H\u00fan hentar fyrir allar tegundir ke\u00f0jusaga og vinnur jafn vel \u00ed sumar sem vetur, allt ni\u00f0ur \u00ed -20\u00b0C.Helstu eiginleikar og kostir:\u2705 Ger\u00f0 \u00far pl\u00f6ntubundnum ol\u00edum \u2013 umhverfisv\u00e6n og l\u00edfbrj\u00f3tanleg\u2705 Mj\u00f6g g\u00f3\u00f0 vi\u00f0lo\u00f0un \u2013 sparneytin \u00ed notkun og gefur betri smurningu\u2705 Minnkar slit \u00e1 ke\u00f0ju og s\u00f6gbla\u00f0i \u2013 kemur \u00ed veg fyrir t\u00e6ringu\u2705 Hentar \u00f6llum tegundum ke\u00f0jusaga og sk\u00f3garvinnuv\u00e9la\u2705 Endingarg\u00f3\u00f0 \u2013 geymist \u00ed a\u00f0 minnsta kosti 18 m\u00e1nu\u00f0i\u2705 Au\u00f0velt a\u00f0 fylla \u00e1 me\u00f0 \u00fatdraganlegum st\u00fatAf hverju a\u00f0 velja Aspen Bio Chain?Aspen Bio Chain verndar v\u00e9lar og b\u00fana\u00f0 gegn sliti og tryggir h\u00e1marks afk\u00f6st, jafnvel vi\u00f0 krefjandi a\u00f0st\u00e6\u00f0ur. H\u00fan heldur virkni sinni vi\u00f0 l\u00e1gt hitastig (allt ni\u00f0ur \u00ed -20\u00b0C) og mikinn ke\u00f0juhra\u00f0a. \u00dear sem ol\u00edan er l\u00edfbrj\u00f3tanleg hefur h\u00fan engin neikv\u00e6\u00f0 \u00e1hrif \u00e1 vistkerfi\u00f0 og hj\u00e1lpar til vi\u00f0 a\u00f0 vi\u00f0halda jafnv\u00e6gi l\u00edfr\u00edkisins \u00ed sk\u00f3ginum.Til a\u00f0 tryggja h\u00e1marksendingu skal geyma Aspen Bio Chain \u00ed loku\u00f0um umb\u00fa\u00f0um \u00e1 \u00feurrum sta\u00f0 vi\u00f0 hitastig fr\u00e1 -20\u00b0C til +30\u00b0C.Aspen Bio Chain Oil er fr\u00e1b\u00e6rt val fyrir \u00fe\u00e1 sem vilja hugsa vel um b\u00e6\u00f0i v\u00e9lina og umhverfi\u00f0!","og_url":"https:\/\/www.diapro.is\/vara\/aspen-bio-kedjuolia\/","og_site_name":"Diapro","article_modified_time":"2025-02-19T17:48:08+00:00","og_image":[{"width":1490,"height":2560,"url":"https:\/\/www.diapro.is\/wp-content\/uploads\/2025\/02\/BioChainOil-1L-scaled-1.jpg","type":"image\/jpeg"}],"twitter_card":"summary_large_image","twitter_misc":{"Est. reading time":"1 minute"},"schema":{"@context":"https:\/\/schema.org","@graph":[{"@type":"WebPage","@id":"https:\/\/www.diapro.is\/vara\/aspen-bio-kedjuolia\/","url":"https:\/\/www.diapro.is\/vara\/aspen-bio-kedjuolia\/","name":"Aspen bio Ke\u00f0juol\u00eda | Diapro","isPartOf":{"@id":"https:\/\/www.diapro.is\/#website"},"primaryImageOfPage":{"@id":"https:\/\/www.diapro.is\/vara\/aspen-bio-kedjuolia\/#primaryimage"},"image":{"@id":"https:\/\/www.diapro.is\/vara\/aspen-bio-kedjuolia\/#primaryimage"},"thumbnailUrl":"https:\/\/www.diapro.is\/wp-content\/uploads\/2025\/02\/BioChainOil-1L-scaled-1.jpg","datePublished":"2025-02-19T17:30:00+00:00","dateModified":"2025-02-19T17:48:08+00:00","description":"Aspen Bio Chain Oil \u2013 Umhverfisv\u00e6n ke\u00f0juol\u00eda fyrir ke\u00f0jusagirAspen Bio Chain Oil er h\u00e1g\u00e6\u00f0a ke\u00f0juol\u00eda sem smyr og k\u00e6lir ke\u00f0juna, svo h\u00fan helst beitt lengur og endist betur. Ol\u00edan er 100% l\u00edfbrj\u00f3tanleg innan 14 daga, sem \u00fe\u00fd\u00f0ir a\u00f0 h\u00fan brotnar hratt ni\u00f0ur \u00ed n\u00e1tt\u00farunni og mengar hvorki jar\u00f0veg n\u00e9 grunnvatn. H\u00fan hentar fyrir allar tegundir ke\u00f0jusaga og vinnur jafn vel \u00ed sumar sem vetur, allt ni\u00f0ur \u00ed -20\u00b0C.Helstu eiginleikar og kostir:\u2705 Ger\u00f0 \u00far pl\u00f6ntubundnum ol\u00edum \u2013 umhverfisv\u00e6n og l\u00edfbrj\u00f3tanleg\u2705 Mj\u00f6g g\u00f3\u00f0 vi\u00f0lo\u00f0un \u2013 sparneytin \u00ed notkun og gefur betri smurningu\u2705 Minnkar slit \u00e1 ke\u00f0ju og s\u00f6gbla\u00f0i \u2013 kemur \u00ed veg fyrir t\u00e6ringu\u2705 Hentar \u00f6llum tegundum ke\u00f0jusaga og sk\u00f3garvinnuv\u00e9la\u2705 Endingarg\u00f3\u00f0 \u2013 geymist \u00ed a\u00f0 minnsta kosti 18 m\u00e1nu\u00f0i\u2705 Au\u00f0velt a\u00f0 fylla \u00e1 me\u00f0 \u00fatdraganlegum st\u00fatAf hverju a\u00f0 velja Aspen Bio Chain?Aspen Bio Chain verndar v\u00e9lar og b\u00fana\u00f0 gegn sliti og tryggir h\u00e1marks afk\u00f6st, jafnvel vi\u00f0 krefjandi a\u00f0st\u00e6\u00f0ur. H\u00fan heldur virkni sinni vi\u00f0 l\u00e1gt hitastig (allt ni\u00f0ur \u00ed -20\u00b0C) og mikinn ke\u00f0juhra\u00f0a. \u00dear sem ol\u00edan er l\u00edfbrj\u00f3tanleg hefur h\u00fan engin neikv\u00e6\u00f0 \u00e1hrif \u00e1 vistkerfi\u00f0 og hj\u00e1lpar til vi\u00f0 a\u00f0 vi\u00f0halda jafnv\u00e6gi l\u00edfr\u00edkisins \u00ed sk\u00f3ginum.Til a\u00f0 tryggja h\u00e1marksendingu skal geyma Aspen Bio Chain \u00ed loku\u00f0um umb\u00fa\u00f0um \u00e1 \u00feurrum sta\u00f0 vi\u00f0 hitastig fr\u00e1 -20\u00b0C til +30\u00b0C.Aspen Bio Chain Oil er fr\u00e1b\u00e6rt val fyrir \u00fe\u00e1 sem vilja hugsa vel um b\u00e6\u00f0i v\u00e9lina og umhverfi\u00f0!","breadcrumb":{"@id":"https:\/\/www.diapro.is\/vara\/aspen-bio-kedjuolia\/#breadcrumb"},"inLanguage":"en-US","potentialAction":[{"@type":"ReadAction","target":["https:\/\/www.diapro.is\/vara\/aspen-bio-kedjuolia\/"]}]},{"@type":"ImageObject","inLanguage":"en-US","@id":"https:\/\/www.diapro.is\/vara\/aspen-bio-kedjuolia\/#primaryimage","url":"https:\/\/www.diapro.is\/wp-content\/uploads\/2025\/02\/BioChainOil-1L-scaled-1.jpg","contentUrl":"https:\/\/www.diapro.is\/wp-content\/uploads\/2025\/02\/BioChainOil-1L-scaled-1.jpg","width":1490,"height":2560},{"@type":"BreadcrumbList","@id":"https:\/\/www.diapro.is\/vara\/aspen-bio-kedjuolia\/#breadcrumb","itemListElement":[{"@type":"ListItem","position":1,"name":"Home","item":"https:\/\/www.diapro.is\/en\/"},{"@type":"ListItem","position":2,"name":"Shop","item":"https:\/\/www.diapro.is\/en\/"},{"@type":"ListItem","position":3,"name":"Aspen bio Ke\u00f0juol\u00eda"}]},{"@type":"WebSite","@id":"https:\/\/www.diapro.is\/#website","url":"https:\/\/www.diapro.is\/","name":"Diapro","description":"Diapro","publisher":{"@id":"https:\/\/www.diapro.is\/#organization"},"potentialAction":[{"@type":"SearchAction","target":{"@type":"EntryPoint","urlTemplate":"https:\/\/www.diapro.is\/?s={search_term_string}"},"query-input":{"@type":"PropertyValueSpecification","valueRequired":true,"valueName":"search_term_string"}}],"inLanguage":"en-US"},{"@type":"Organization","@id":"https:\/\/www.diapro.is\/#organization","name":"Diapro","url":"https:\/\/www.diapro.is\/","logo":{"@type":"ImageObject","inLanguage":"en-US","@id":"https:\/\/www.diapro.is\/#\/schema\/logo\/image\/","url":"https:\/\/www.diapro.is\/wp-content\/uploads\/2021\/09\/BORSmal_Logo.png","contentUrl":"https:\/\/www.diapro.is\/wp-content\/uploads\/2021\/09\/BORSmal_Logo.png","width":100,"height":100,"caption":"Diapro"},"image":{"@id":"https:\/\/www.diapro.is\/#\/schema\/logo\/image\/"}}]}},"_links":{"self":[{"href":"https:\/\/www.diapro.is\/en\/wp-json\/wp\/v2\/product\/2227","targetHints":{"allow":["GET"]}}],"collection":[{"href":"https:\/\/www.diapro.is\/en\/wp-json\/wp\/v2\/product"}],"about":[{"href":"https:\/\/www.diapro.is\/en\/wp-json\/wp\/v2\/types\/product"}],"wp:featuredmedia":[{"embeddable":true,"href":"https:\/\/www.diapro.is\/en\/wp-json\/wp\/v2\/media\/2230"}],"wp:attachment":[{"href":"https:\/\/www.diapro.is\/en\/wp-json\/wp\/v2\/media?parent=2227"}],"wp:term":[{"taxonomy":"product_brand","embeddable":true,"href":"https:\/\/www.diapro.is\/en\/wp-json\/wp\/v2\/product_brand?post=2227"},{"taxonomy":"product_cat","embeddable":true,"href":"https:\/\/www.diapro.is\/en\/wp-json\/wp\/v2\/product_cat?post=2227"},{"taxonomy":"product_tag","embeddable":true,"href":"https:\/\/www.diapro.is\/en\/wp-json\/wp\/v2\/product_tag?post=2227"}],"curies":[{"name":"wp","href":"https:\/\/api.w.org\/{rel}","templated":true}]}}