{"id":2219,"date":"2025-02-19T16:30:09","date_gmt":"2025-02-19T16:30:09","guid":{"rendered":"https:\/\/www.diapro.is\/?post_type=product&#038;p=2219"},"modified":"2025-02-19T16:47:03","modified_gmt":"2025-02-19T16:47:03","slug":"aspen-d","status":"publish","type":"product","link":"https:\/\/www.diapro.is\/en\/product\/aspen-d\/","title":{"rendered":"ASPEN D D\u00edsel"},"content":{"rendered":"<p class=\"lead\" data-animate=\"fadeIn\">Aspen D er f\u00e1anlegt \u00ed <strong data-start=\"22\" data-end=\"45\">5L og 25L <\/strong>einingum.<\/p>\n<div class=\"et_pb_module et_pb_image et_pb_image_1\"><\/div>\n","protected":false},"excerpt":{"rendered":"<h3 data-start=\"0\" data-end=\"57\" data-animate=\"fadeIn\"><strong data-start=\"0\" data-end=\"55\">Aspen D \u2013 H\u00e1g\u00e6\u00f0a d\u00edsel<\/strong><\/h3>\n<p data-start=\"59\" data-end=\"276\" data-animate=\"fadeIn\">Aspen D er s\u00e9r\u00fer\u00f3a\u00f0 d\u00edsel sem samanstendur af allt a\u00f0 <strong data-start=\"113\" data-end=\"146\">100% endurn\u00fdjanlegu eldsneyti<\/strong>. Nafni\u00f0 Aspen D stendur fyrir <strong data-start=\"177\" data-end=\"186\">d\u00edsel<\/strong>, og eldsneyti\u00f0 er hanna\u00f0 fyrir notendur sem vilja vernda b\u00e6\u00f0i f\u00f3lk, v\u00e9lar og umhverfi\u00f0.<\/p>\n<p data-start=\"278\" data-end=\"568\" data-animate=\"fadeIn\">Aspen D hefur <strong data-start=\"292\" data-end=\"330\">allt a\u00f0 fj\u00f3rfalt lengri geymslu\u00feol<\/strong> en hef\u00f0bundi\u00f0 evr\u00f3pskt d\u00edsel. \u00deetta eykur rekstrar\u00f6ryggi og minnkar h\u00e6ttuna \u00e1 st\u00edflu\u00f0um s\u00edum og v\u00e9larbilunum. Auk \u00feess er Aspen D <strong data-start=\"483\" data-end=\"528\">algj\u00f6rlega laust vi\u00f0 RME<\/strong>, sem getur valdi\u00f0 vandam\u00e1lum \u00ed v\u00e9lum.<\/p>\n<p data-start=\"570\" data-end=\"925\" data-animate=\"fadeIn\">Aspen D er s\u00e9rstaklega framleitt fyrir <strong data-start=\"609\" data-end=\"630\">litlar d\u00edselv\u00e9lar<\/strong> sem hafa einf\u00f6ld e\u00f0a engin \u00fatbl\u00e1sturshreinsikerfi. Eldsneyti\u00f0 hentar me\u00f0al annars fyrir:<\/p>\n<p data-animate=\"fadeIn\">\u2705 B\u00e1ta\u2705 Sm\u00e1gr\u00f6fur\u2705 Rafst\u00f6\u00f0var\u2705 Loftpressur\u2705 \u00dej\u00f6ppur\u2705 D\u00edselhitara<\/p>\n<p data-start=\"927\" data-end=\"1146\" data-is-last-node=\"\" data-animate=\"fadeIn\">Me\u00f0 Aspen D f\u00e6r\u00f0u hreinna eldsneyti sem tryggir betri virkni, minni mengun og lengri l\u00edft\u00edma v\u00e9la. Eldsneyti\u00f0 gefur einnig <strong data-start=\"1050\" data-end=\"1082\">jafnari og skilvirkari bruna<\/strong>, sem skilar s\u00e9r \u00ed minni \u00fatbl\u00e6stri og hreinni v\u00e9l til lengri t\u00edma.<\/p>\n<div class=\"et_pb_module et_pb_image et_pb_image_1\">\n<div class=\"et_pb_module et_pb_text et_pb_text_12 et_pb_text_align_center et_pb_bg_layout_light\">\n<div class=\"et_pb_text_inner\"><\/div>\n<\/div>\n<div class=\"et_pb_module et_pb_image et_pb_image_1\"><\/div>\n<\/div>\n","protected":false},"featured_media":2220,"template":"","meta":[],"product_brand":[],"product_cat":[97],"product_tag":[],"class_list":{"0":"post-2219","1":"product","2":"type-product","3":"status-publish","4":"has-post-thumbnail","6":"product_cat-aspenfuel","8":"first","9":"instock","10":"taxable","11":"shipping-taxable","12":"purchasable","13":"product-type-simple"},"yoast_head":"<!-- This site is optimized with the Yoast SEO plugin v26.6 - https:\/\/yoast.com\/wordpress\/plugins\/seo\/ -->\n<title>ASPEN D D\u00edsel | Diapro<\/title>\n<meta name=\"description\" content=\"Aspen D er s\u00e9r\u00fer\u00f3a\u00f0 d\u00edsel sem samanstendur af allt a\u00f0 100% endurn\u00fdjanlegu eldsneyti. Nafni\u00f0 Aspen D stendur fyrir d\u00edsel, og eldsneyti\u00f0 er hanna\u00f0 fyrir notendur sem vilja vernda b\u00e6\u00f0i f\u00f3lk, v\u00e9lar og umhverfi\u00f0.\" \/>\n<meta name=\"robots\" content=\"index, follow, max-snippet:-1, max-image-preview:large, max-video-preview:-1\" \/>\n<link rel=\"canonical\" href=\"https:\/\/www.diapro.is\/vara\/aspen-d\/\" \/>\n<meta property=\"og:locale\" content=\"en_US\" \/>\n<meta property=\"og:type\" content=\"article\" \/>\n<meta property=\"og:title\" content=\"ASPEN D D\u00edsel | Diapro\" \/>\n<meta property=\"og:description\" content=\"Aspen D er s\u00e9r\u00fer\u00f3a\u00f0 d\u00edsel sem samanstendur af allt a\u00f0 100% endurn\u00fdjanlegu eldsneyti. Nafni\u00f0 Aspen D stendur fyrir d\u00edsel, og eldsneyti\u00f0 er hanna\u00f0 fyrir notendur sem vilja vernda b\u00e6\u00f0i f\u00f3lk, v\u00e9lar og umhverfi\u00f0.\" \/>\n<meta property=\"og:url\" content=\"https:\/\/www.diapro.is\/vara\/aspen-d\/\" \/>\n<meta property=\"og:site_name\" content=\"Diapro\" \/>\n<meta property=\"article:modified_time\" content=\"2025-02-19T16:47:03+00:00\" \/>\n<meta property=\"og:image\" content=\"https:\/\/www.diapro.is\/wp-content\/uploads\/2025\/02\/AspenD-Can-5ltr-EU_mockup_white_cap.jpg\" \/>\n\t<meta property=\"og:image:width\" content=\"1180\" \/>\n\t<meta property=\"og:image:height\" content=\"1456\" \/>\n\t<meta property=\"og:image:type\" content=\"image\/jpeg\" \/>\n<meta name=\"twitter:card\" content=\"summary_large_image\" \/>\n<meta name=\"twitter:label1\" content=\"Est. reading time\" \/>\n\t<meta name=\"twitter:data1\" content=\"1 minute\" \/>\n<script type=\"application\/ld+json\" class=\"yoast-schema-graph\">{\"@context\":\"https:\/\/schema.org\",\"@graph\":[{\"@type\":\"WebPage\",\"@id\":\"https:\/\/www.diapro.is\/vara\/aspen-d\/\",\"url\":\"https:\/\/www.diapro.is\/vara\/aspen-d\/\",\"name\":\"ASPEN D D\u00edsel | Diapro\",\"isPartOf\":{\"@id\":\"https:\/\/www.diapro.is\/#website\"},\"primaryImageOfPage\":{\"@id\":\"https:\/\/www.diapro.is\/vara\/aspen-d\/#primaryimage\"},\"image\":{\"@id\":\"https:\/\/www.diapro.is\/vara\/aspen-d\/#primaryimage\"},\"thumbnailUrl\":\"https:\/\/www.diapro.is\/wp-content\/uploads\/2025\/02\/AspenD-Can-5ltr-EU_mockup_white_cap.jpg\",\"datePublished\":\"2025-02-19T16:30:09+00:00\",\"dateModified\":\"2025-02-19T16:47:03+00:00\",\"description\":\"Aspen D er s\u00e9r\u00fer\u00f3a\u00f0 d\u00edsel sem samanstendur af allt a\u00f0 100% endurn\u00fdjanlegu eldsneyti. Nafni\u00f0 Aspen D stendur fyrir d\u00edsel, og eldsneyti\u00f0 er hanna\u00f0 fyrir notendur sem vilja vernda b\u00e6\u00f0i f\u00f3lk, v\u00e9lar og umhverfi\u00f0.\",\"breadcrumb\":{\"@id\":\"https:\/\/www.diapro.is\/vara\/aspen-d\/#breadcrumb\"},\"inLanguage\":\"en-US\",\"potentialAction\":[{\"@type\":\"ReadAction\",\"target\":[\"https:\/\/www.diapro.is\/vara\/aspen-d\/\"]}]},{\"@type\":\"ImageObject\",\"inLanguage\":\"en-US\",\"@id\":\"https:\/\/www.diapro.is\/vara\/aspen-d\/#primaryimage\",\"url\":\"https:\/\/www.diapro.is\/wp-content\/uploads\/2025\/02\/AspenD-Can-5ltr-EU_mockup_white_cap.jpg\",\"contentUrl\":\"https:\/\/www.diapro.is\/wp-content\/uploads\/2025\/02\/AspenD-Can-5ltr-EU_mockup_white_cap.jpg\",\"width\":1180,\"height\":1456},{\"@type\":\"BreadcrumbList\",\"@id\":\"https:\/\/www.diapro.is\/vara\/aspen-d\/#breadcrumb\",\"itemListElement\":[{\"@type\":\"ListItem\",\"position\":1,\"name\":\"Home\",\"item\":\"https:\/\/www.diapro.is\/en\/\"},{\"@type\":\"ListItem\",\"position\":2,\"name\":\"Shop\",\"item\":\"https:\/\/www.diapro.is\/en\/\"},{\"@type\":\"ListItem\",\"position\":3,\"name\":\"ASPEN D D\u00edsel\"}]},{\"@type\":\"WebSite\",\"@id\":\"https:\/\/www.diapro.is\/#website\",\"url\":\"https:\/\/www.diapro.is\/\",\"name\":\"Diapro\",\"description\":\"Diapro\",\"publisher\":{\"@id\":\"https:\/\/www.diapro.is\/#organization\"},\"potentialAction\":[{\"@type\":\"SearchAction\",\"target\":{\"@type\":\"EntryPoint\",\"urlTemplate\":\"https:\/\/www.diapro.is\/?s={search_term_string}\"},\"query-input\":{\"@type\":\"PropertyValueSpecification\",\"valueRequired\":true,\"valueName\":\"search_term_string\"}}],\"inLanguage\":\"en-US\"},{\"@type\":\"Organization\",\"@id\":\"https:\/\/www.diapro.is\/#organization\",\"name\":\"Diapro\",\"url\":\"https:\/\/www.diapro.is\/\",\"logo\":{\"@type\":\"ImageObject\",\"inLanguage\":\"en-US\",\"@id\":\"https:\/\/www.diapro.is\/#\/schema\/logo\/image\/\",\"url\":\"https:\/\/www.diapro.is\/wp-content\/uploads\/2021\/09\/BORSmal_Logo.png\",\"contentUrl\":\"https:\/\/www.diapro.is\/wp-content\/uploads\/2021\/09\/BORSmal_Logo.png\",\"width\":100,\"height\":100,\"caption\":\"Diapro\"},\"image\":{\"@id\":\"https:\/\/www.diapro.is\/#\/schema\/logo\/image\/\"}}]}<\/script>\n<!-- \/ Yoast SEO plugin. -->","yoast_head_json":{"title":"ASPEN D D\u00edsel | Diapro","description":"Aspen D er s\u00e9r\u00fer\u00f3a\u00f0 d\u00edsel sem samanstendur af allt a\u00f0 100% endurn\u00fdjanlegu eldsneyti. Nafni\u00f0 Aspen D stendur fyrir d\u00edsel, og eldsneyti\u00f0 er hanna\u00f0 fyrir notendur sem vilja vernda b\u00e6\u00f0i f\u00f3lk, v\u00e9lar og umhverfi\u00f0.","robots":{"index":"index","follow":"follow","max-snippet":"max-snippet:-1","max-image-preview":"max-image-preview:large","max-video-preview":"max-video-preview:-1"},"canonical":"https:\/\/www.diapro.is\/vara\/aspen-d\/","og_locale":"en_US","og_type":"article","og_title":"ASPEN D D\u00edsel | Diapro","og_description":"Aspen D er s\u00e9r\u00fer\u00f3a\u00f0 d\u00edsel sem samanstendur af allt a\u00f0 100% endurn\u00fdjanlegu eldsneyti. Nafni\u00f0 Aspen D stendur fyrir d\u00edsel, og eldsneyti\u00f0 er hanna\u00f0 fyrir notendur sem vilja vernda b\u00e6\u00f0i f\u00f3lk, v\u00e9lar og umhverfi\u00f0.","og_url":"https:\/\/www.diapro.is\/vara\/aspen-d\/","og_site_name":"Diapro","article_modified_time":"2025-02-19T16:47:03+00:00","og_image":[{"width":1180,"height":1456,"url":"https:\/\/www.diapro.is\/wp-content\/uploads\/2025\/02\/AspenD-Can-5ltr-EU_mockup_white_cap.jpg","type":"image\/jpeg"}],"twitter_card":"summary_large_image","twitter_misc":{"Est. reading time":"1 minute"},"schema":{"@context":"https:\/\/schema.org","@graph":[{"@type":"WebPage","@id":"https:\/\/www.diapro.is\/vara\/aspen-d\/","url":"https:\/\/www.diapro.is\/vara\/aspen-d\/","name":"ASPEN D D\u00edsel | Diapro","isPartOf":{"@id":"https:\/\/www.diapro.is\/#website"},"primaryImageOfPage":{"@id":"https:\/\/www.diapro.is\/vara\/aspen-d\/#primaryimage"},"image":{"@id":"https:\/\/www.diapro.is\/vara\/aspen-d\/#primaryimage"},"thumbnailUrl":"https:\/\/www.diapro.is\/wp-content\/uploads\/2025\/02\/AspenD-Can-5ltr-EU_mockup_white_cap.jpg","datePublished":"2025-02-19T16:30:09+00:00","dateModified":"2025-02-19T16:47:03+00:00","description":"Aspen D er s\u00e9r\u00fer\u00f3a\u00f0 d\u00edsel sem samanstendur af allt a\u00f0 100% endurn\u00fdjanlegu eldsneyti. Nafni\u00f0 Aspen D stendur fyrir d\u00edsel, og eldsneyti\u00f0 er hanna\u00f0 fyrir notendur sem vilja vernda b\u00e6\u00f0i f\u00f3lk, v\u00e9lar og umhverfi\u00f0.","breadcrumb":{"@id":"https:\/\/www.diapro.is\/vara\/aspen-d\/#breadcrumb"},"inLanguage":"en-US","potentialAction":[{"@type":"ReadAction","target":["https:\/\/www.diapro.is\/vara\/aspen-d\/"]}]},{"@type":"ImageObject","inLanguage":"en-US","@id":"https:\/\/www.diapro.is\/vara\/aspen-d\/#primaryimage","url":"https:\/\/www.diapro.is\/wp-content\/uploads\/2025\/02\/AspenD-Can-5ltr-EU_mockup_white_cap.jpg","contentUrl":"https:\/\/www.diapro.is\/wp-content\/uploads\/2025\/02\/AspenD-Can-5ltr-EU_mockup_white_cap.jpg","width":1180,"height":1456},{"@type":"BreadcrumbList","@id":"https:\/\/www.diapro.is\/vara\/aspen-d\/#breadcrumb","itemListElement":[{"@type":"ListItem","position":1,"name":"Home","item":"https:\/\/www.diapro.is\/en\/"},{"@type":"ListItem","position":2,"name":"Shop","item":"https:\/\/www.diapro.is\/en\/"},{"@type":"ListItem","position":3,"name":"ASPEN D D\u00edsel"}]},{"@type":"WebSite","@id":"https:\/\/www.diapro.is\/#website","url":"https:\/\/www.diapro.is\/","name":"Diapro","description":"Diapro","publisher":{"@id":"https:\/\/www.diapro.is\/#organization"},"potentialAction":[{"@type":"SearchAction","target":{"@type":"EntryPoint","urlTemplate":"https:\/\/www.diapro.is\/?s={search_term_string}"},"query-input":{"@type":"PropertyValueSpecification","valueRequired":true,"valueName":"search_term_string"}}],"inLanguage":"en-US"},{"@type":"Organization","@id":"https:\/\/www.diapro.is\/#organization","name":"Diapro","url":"https:\/\/www.diapro.is\/","logo":{"@type":"ImageObject","inLanguage":"en-US","@id":"https:\/\/www.diapro.is\/#\/schema\/logo\/image\/","url":"https:\/\/www.diapro.is\/wp-content\/uploads\/2021\/09\/BORSmal_Logo.png","contentUrl":"https:\/\/www.diapro.is\/wp-content\/uploads\/2021\/09\/BORSmal_Logo.png","width":100,"height":100,"caption":"Diapro"},"image":{"@id":"https:\/\/www.diapro.is\/#\/schema\/logo\/image\/"}}]}},"_links":{"self":[{"href":"https:\/\/www.diapro.is\/en\/wp-json\/wp\/v2\/product\/2219","targetHints":{"allow":["GET"]}}],"collection":[{"href":"https:\/\/www.diapro.is\/en\/wp-json\/wp\/v2\/product"}],"about":[{"href":"https:\/\/www.diapro.is\/en\/wp-json\/wp\/v2\/types\/product"}],"wp:featuredmedia":[{"embeddable":true,"href":"https:\/\/www.diapro.is\/en\/wp-json\/wp\/v2\/media\/2220"}],"wp:attachment":[{"href":"https:\/\/www.diapro.is\/en\/wp-json\/wp\/v2\/media?parent=2219"}],"wp:term":[{"taxonomy":"product_brand","embeddable":true,"href":"https:\/\/www.diapro.is\/en\/wp-json\/wp\/v2\/product_brand?post=2219"},{"taxonomy":"product_cat","embeddable":true,"href":"https:\/\/www.diapro.is\/en\/wp-json\/wp\/v2\/product_cat?post=2219"},{"taxonomy":"product_tag","embeddable":true,"href":"https:\/\/www.diapro.is\/en\/wp-json\/wp\/v2\/product_tag?post=2219"}],"curies":[{"name":"wp","href":"https:\/\/api.w.org\/{rel}","templated":true}]}}