{"id":2167,"date":"2024-09-06T16:00:11","date_gmt":"2024-09-06T16:00:11","guid":{"rendered":"https:\/\/www.diapro.is\/?post_type=product&#038;p=2167"},"modified":"2025-02-19T13:01:21","modified_gmt":"2025-02-19T13:01:21","slug":"sogplattar","status":"publish","type":"product","link":"https:\/\/www.diapro.is\/en\/product\/sogplattar\/","title":{"rendered":"Sogplattar (XS,S,L,XL)"},"content":{"rendered":"<p><strong>Var\u00fa\u00f0!<\/strong><\/p>\n<ul>\n<li>Aldrei nota sogplatta til a\u00f0 bora \u00ed \u00f3st\u00f6\u00f0uga sta\u00f0i eins og \u00e1 l\u00f3\u00f0r\u00e9ttum veggjum og \u00e1 lofti.<\/li>\n<li>Aldrei standa \u00e1 sogplattanum me\u00f0an \u00e1 notkun stendur.<\/li>\n<li>Nota\u00f0u r\u00e9tt starfandi vacuum d\u00e6lu sem getur vi\u00f0haldi\u00f0 \u00ferystingi \u00e1 bilinu -0,08 til -0,1 MPa. (-0,8 til -1 bar, -60 til -75 cmHg, e\u00f0a -23 til -29 inHg).<\/li>\n<\/ul>\n<p>T\u00e6knil\u00fdsingar og \u00fatlit v\u00f6runnar geta breyst \u00e1n fyrirvara.<\/p>\n<p>&nbsp;<\/p>\n","protected":false},"excerpt":{"rendered":"<p><strong>Sogplattar<\/strong><\/p>\n<p>\u00c1n \u00feess a\u00f0 nota bolta gerir sogplattinn \u00fea\u00f0 kleift a\u00f0 festa kjarnaborv\u00e9lar vi\u00f0 steypuyfirbor\u00f0 me\u00f0 vacuum d\u00e6lu.<\/p>\n<p>St\u00e6r\u00f0ir \u00ed bo\u00f0i:<\/p>\n<ul>\n<li>XS fyrir TS-092\/TS-095<\/li>\n<li>S fyrir TS-092\/095\/132\/162\/165<\/li>\n<li>L fyrir TS-092\/095\/132\/162\/165\/182\/252\/255<\/li>\n<li>XL fyrir 402\/403\/405<\/li>\n<\/ul>\n","protected":false},"featured_media":2195,"template":"","meta":[],"product_brand":[],"product_cat":[99],"product_tag":[],"class_list":{"0":"post-2167","1":"product","2":"type-product","3":"status-publish","4":"has-post-thumbnail","6":"product_cat-kjarnaborvelar","8":"first","9":"instock","10":"taxable","11":"shipping-taxable","12":"purchasable","13":"product-type-variable"},"yoast_head":"<!-- This site is optimized with the Yoast SEO plugin v26.6 - https:\/\/yoast.com\/wordpress\/plugins\/seo\/ -->\n<title>Sogplattar (XS,S,L,XL) | Diapro<\/title>\n<meta name=\"description\" content=\"\u00c1n \u00feess a\u00f0 nota bolta gerir sogplattinn \u00fea\u00f0 kleift a\u00f0 festa kjarnaborv\u00e9lar vi\u00f0 steypuyfirbor\u00f0 me\u00f0 vacuum d\u00e6lu.St\u00e6r\u00f0ir \u00ed bo\u00f0i:XS fyrir TS-092\/TS-095S fyrir TS-092\/095\/132\/162\/165L fyrir TS-092\/095\/132\/162\/165\/182\/252\/255XL fyrir 402\/403\/405\" \/>\n<meta name=\"robots\" content=\"index, follow, max-snippet:-1, max-image-preview:large, max-video-preview:-1\" \/>\n<link rel=\"canonical\" href=\"https:\/\/www.diapro.is\/vara\/sogplattar\/\" \/>\n<meta property=\"og:locale\" content=\"en_US\" \/>\n<meta property=\"og:type\" content=\"article\" \/>\n<meta property=\"og:title\" content=\"Sogplattar (XS,S,L,XL) | Diapro\" \/>\n<meta property=\"og:description\" content=\"\u00c1n \u00feess a\u00f0 nota bolta gerir sogplattinn \u00fea\u00f0 kleift a\u00f0 festa kjarnaborv\u00e9lar vi\u00f0 steypuyfirbor\u00f0 me\u00f0 vacuum d\u00e6lu.St\u00e6r\u00f0ir \u00ed bo\u00f0i:XS fyrir TS-092\/TS-095S fyrir TS-092\/095\/132\/162\/165L fyrir TS-092\/095\/132\/162\/165\/182\/252\/255XL fyrir 402\/403\/405\" \/>\n<meta property=\"og:url\" content=\"https:\/\/www.diapro.is\/vara\/sogplattar\/\" \/>\n<meta property=\"og:site_name\" content=\"Diapro\" \/>\n<meta property=\"article:modified_time\" content=\"2025-02-19T13:01:21+00:00\" \/>\n<meta property=\"og:image\" content=\"https:\/\/www.diapro.is\/wp-content\/uploads\/2024\/09\/Sogplattar_shibuya-2.jpg\" \/>\n\t<meta property=\"og:image:width\" content=\"800\" \/>\n\t<meta property=\"og:image:height\" content=\"800\" \/>\n\t<meta property=\"og:image:type\" content=\"image\/jpeg\" \/>\n<meta name=\"twitter:card\" content=\"summary_large_image\" \/>\n<meta name=\"twitter:label1\" content=\"Est. reading time\" \/>\n\t<meta name=\"twitter:data1\" content=\"1 minute\" \/>\n<script type=\"application\/ld+json\" class=\"yoast-schema-graph\">{\"@context\":\"https:\/\/schema.org\",\"@graph\":[{\"@type\":\"WebPage\",\"@id\":\"https:\/\/www.diapro.is\/vara\/sogplattar\/\",\"url\":\"https:\/\/www.diapro.is\/vara\/sogplattar\/\",\"name\":\"Sogplattar (XS,S,L,XL) | Diapro\",\"isPartOf\":{\"@id\":\"https:\/\/www.diapro.is\/#website\"},\"primaryImageOfPage\":{\"@id\":\"https:\/\/www.diapro.is\/vara\/sogplattar\/#primaryimage\"},\"image\":{\"@id\":\"https:\/\/www.diapro.is\/vara\/sogplattar\/#primaryimage\"},\"thumbnailUrl\":\"https:\/\/www.diapro.is\/wp-content\/uploads\/2024\/09\/Sogplattar_shibuya-2.jpg\",\"datePublished\":\"2024-09-06T16:00:11+00:00\",\"dateModified\":\"2025-02-19T13:01:21+00:00\",\"description\":\"\u00c1n \u00feess a\u00f0 nota bolta gerir sogplattinn \u00fea\u00f0 kleift a\u00f0 festa kjarnaborv\u00e9lar vi\u00f0 steypuyfirbor\u00f0 me\u00f0 vacuum d\u00e6lu.St\u00e6r\u00f0ir \u00ed bo\u00f0i:XS fyrir TS-092\/TS-095S fyrir TS-092\/095\/132\/162\/165L fyrir TS-092\/095\/132\/162\/165\/182\/252\/255XL fyrir 402\/403\/405\",\"breadcrumb\":{\"@id\":\"https:\/\/www.diapro.is\/vara\/sogplattar\/#breadcrumb\"},\"inLanguage\":\"en-US\",\"potentialAction\":[{\"@type\":\"ReadAction\",\"target\":[\"https:\/\/www.diapro.is\/vara\/sogplattar\/\"]}]},{\"@type\":\"ImageObject\",\"inLanguage\":\"en-US\",\"@id\":\"https:\/\/www.diapro.is\/vara\/sogplattar\/#primaryimage\",\"url\":\"https:\/\/www.diapro.is\/wp-content\/uploads\/2024\/09\/Sogplattar_shibuya-2.jpg\",\"contentUrl\":\"https:\/\/www.diapro.is\/wp-content\/uploads\/2024\/09\/Sogplattar_shibuya-2.jpg\",\"width\":800,\"height\":800},{\"@type\":\"BreadcrumbList\",\"@id\":\"https:\/\/www.diapro.is\/vara\/sogplattar\/#breadcrumb\",\"itemListElement\":[{\"@type\":\"ListItem\",\"position\":1,\"name\":\"Home\",\"item\":\"https:\/\/www.diapro.is\/en\/\"},{\"@type\":\"ListItem\",\"position\":2,\"name\":\"Shop\",\"item\":\"https:\/\/www.diapro.is\/en\/\"},{\"@type\":\"ListItem\",\"position\":3,\"name\":\"Sogplattar (XS,S,L,XL)\"}]},{\"@type\":\"WebSite\",\"@id\":\"https:\/\/www.diapro.is\/#website\",\"url\":\"https:\/\/www.diapro.is\/\",\"name\":\"Diapro\",\"description\":\"Diapro\",\"publisher\":{\"@id\":\"https:\/\/www.diapro.is\/#organization\"},\"potentialAction\":[{\"@type\":\"SearchAction\",\"target\":{\"@type\":\"EntryPoint\",\"urlTemplate\":\"https:\/\/www.diapro.is\/?s={search_term_string}\"},\"query-input\":{\"@type\":\"PropertyValueSpecification\",\"valueRequired\":true,\"valueName\":\"search_term_string\"}}],\"inLanguage\":\"en-US\"},{\"@type\":\"Organization\",\"@id\":\"https:\/\/www.diapro.is\/#organization\",\"name\":\"Diapro\",\"url\":\"https:\/\/www.diapro.is\/\",\"logo\":{\"@type\":\"ImageObject\",\"inLanguage\":\"en-US\",\"@id\":\"https:\/\/www.diapro.is\/#\/schema\/logo\/image\/\",\"url\":\"https:\/\/www.diapro.is\/wp-content\/uploads\/2021\/09\/BORSmal_Logo.png\",\"contentUrl\":\"https:\/\/www.diapro.is\/wp-content\/uploads\/2021\/09\/BORSmal_Logo.png\",\"width\":100,\"height\":100,\"caption\":\"Diapro\"},\"image\":{\"@id\":\"https:\/\/www.diapro.is\/#\/schema\/logo\/image\/\"}}]}<\/script>\n<!-- \/ Yoast SEO plugin. -->","yoast_head_json":{"title":"Sogplattar (XS,S,L,XL) | Diapro","description":"\u00c1n \u00feess a\u00f0 nota bolta gerir sogplattinn \u00fea\u00f0 kleift a\u00f0 festa kjarnaborv\u00e9lar vi\u00f0 steypuyfirbor\u00f0 me\u00f0 vacuum d\u00e6lu.St\u00e6r\u00f0ir \u00ed bo\u00f0i:XS fyrir TS-092\/TS-095S fyrir TS-092\/095\/132\/162\/165L fyrir TS-092\/095\/132\/162\/165\/182\/252\/255XL fyrir 402\/403\/405","robots":{"index":"index","follow":"follow","max-snippet":"max-snippet:-1","max-image-preview":"max-image-preview:large","max-video-preview":"max-video-preview:-1"},"canonical":"https:\/\/www.diapro.is\/vara\/sogplattar\/","og_locale":"en_US","og_type":"article","og_title":"Sogplattar (XS,S,L,XL) | Diapro","og_description":"\u00c1n \u00feess a\u00f0 nota bolta gerir sogplattinn \u00fea\u00f0 kleift a\u00f0 festa kjarnaborv\u00e9lar vi\u00f0 steypuyfirbor\u00f0 me\u00f0 vacuum d\u00e6lu.St\u00e6r\u00f0ir \u00ed bo\u00f0i:XS fyrir TS-092\/TS-095S fyrir TS-092\/095\/132\/162\/165L fyrir TS-092\/095\/132\/162\/165\/182\/252\/255XL fyrir 402\/403\/405","og_url":"https:\/\/www.diapro.is\/vara\/sogplattar\/","og_site_name":"Diapro","article_modified_time":"2025-02-19T13:01:21+00:00","og_image":[{"width":800,"height":800,"url":"https:\/\/www.diapro.is\/wp-content\/uploads\/2024\/09\/Sogplattar_shibuya-2.jpg","type":"image\/jpeg"}],"twitter_card":"summary_large_image","twitter_misc":{"Est. reading time":"1 minute"},"schema":{"@context":"https:\/\/schema.org","@graph":[{"@type":"WebPage","@id":"https:\/\/www.diapro.is\/vara\/sogplattar\/","url":"https:\/\/www.diapro.is\/vara\/sogplattar\/","name":"Sogplattar (XS,S,L,XL) | Diapro","isPartOf":{"@id":"https:\/\/www.diapro.is\/#website"},"primaryImageOfPage":{"@id":"https:\/\/www.diapro.is\/vara\/sogplattar\/#primaryimage"},"image":{"@id":"https:\/\/www.diapro.is\/vara\/sogplattar\/#primaryimage"},"thumbnailUrl":"https:\/\/www.diapro.is\/wp-content\/uploads\/2024\/09\/Sogplattar_shibuya-2.jpg","datePublished":"2024-09-06T16:00:11+00:00","dateModified":"2025-02-19T13:01:21+00:00","description":"\u00c1n \u00feess a\u00f0 nota bolta gerir sogplattinn \u00fea\u00f0 kleift a\u00f0 festa kjarnaborv\u00e9lar vi\u00f0 steypuyfirbor\u00f0 me\u00f0 vacuum d\u00e6lu.St\u00e6r\u00f0ir \u00ed bo\u00f0i:XS fyrir TS-092\/TS-095S fyrir TS-092\/095\/132\/162\/165L fyrir TS-092\/095\/132\/162\/165\/182\/252\/255XL fyrir 402\/403\/405","breadcrumb":{"@id":"https:\/\/www.diapro.is\/vara\/sogplattar\/#breadcrumb"},"inLanguage":"en-US","potentialAction":[{"@type":"ReadAction","target":["https:\/\/www.diapro.is\/vara\/sogplattar\/"]}]},{"@type":"ImageObject","inLanguage":"en-US","@id":"https:\/\/www.diapro.is\/vara\/sogplattar\/#primaryimage","url":"https:\/\/www.diapro.is\/wp-content\/uploads\/2024\/09\/Sogplattar_shibuya-2.jpg","contentUrl":"https:\/\/www.diapro.is\/wp-content\/uploads\/2024\/09\/Sogplattar_shibuya-2.jpg","width":800,"height":800},{"@type":"BreadcrumbList","@id":"https:\/\/www.diapro.is\/vara\/sogplattar\/#breadcrumb","itemListElement":[{"@type":"ListItem","position":1,"name":"Home","item":"https:\/\/www.diapro.is\/en\/"},{"@type":"ListItem","position":2,"name":"Shop","item":"https:\/\/www.diapro.is\/en\/"},{"@type":"ListItem","position":3,"name":"Sogplattar (XS,S,L,XL)"}]},{"@type":"WebSite","@id":"https:\/\/www.diapro.is\/#website","url":"https:\/\/www.diapro.is\/","name":"Diapro","description":"Diapro","publisher":{"@id":"https:\/\/www.diapro.is\/#organization"},"potentialAction":[{"@type":"SearchAction","target":{"@type":"EntryPoint","urlTemplate":"https:\/\/www.diapro.is\/?s={search_term_string}"},"query-input":{"@type":"PropertyValueSpecification","valueRequired":true,"valueName":"search_term_string"}}],"inLanguage":"en-US"},{"@type":"Organization","@id":"https:\/\/www.diapro.is\/#organization","name":"Diapro","url":"https:\/\/www.diapro.is\/","logo":{"@type":"ImageObject","inLanguage":"en-US","@id":"https:\/\/www.diapro.is\/#\/schema\/logo\/image\/","url":"https:\/\/www.diapro.is\/wp-content\/uploads\/2021\/09\/BORSmal_Logo.png","contentUrl":"https:\/\/www.diapro.is\/wp-content\/uploads\/2021\/09\/BORSmal_Logo.png","width":100,"height":100,"caption":"Diapro"},"image":{"@id":"https:\/\/www.diapro.is\/#\/schema\/logo\/image\/"}}]}},"_links":{"self":[{"href":"https:\/\/www.diapro.is\/en\/wp-json\/wp\/v2\/product\/2167","targetHints":{"allow":["GET"]}}],"collection":[{"href":"https:\/\/www.diapro.is\/en\/wp-json\/wp\/v2\/product"}],"about":[{"href":"https:\/\/www.diapro.is\/en\/wp-json\/wp\/v2\/types\/product"}],"wp:featuredmedia":[{"embeddable":true,"href":"https:\/\/www.diapro.is\/en\/wp-json\/wp\/v2\/media\/2195"}],"wp:attachment":[{"href":"https:\/\/www.diapro.is\/en\/wp-json\/wp\/v2\/media?parent=2167"}],"wp:term":[{"taxonomy":"product_brand","embeddable":true,"href":"https:\/\/www.diapro.is\/en\/wp-json\/wp\/v2\/product_brand?post=2167"},{"taxonomy":"product_cat","embeddable":true,"href":"https:\/\/www.diapro.is\/en\/wp-json\/wp\/v2\/product_cat?post=2167"},{"taxonomy":"product_tag","embeddable":true,"href":"https:\/\/www.diapro.is\/en\/wp-json\/wp\/v2\/product_tag?post=2167"}],"curies":[{"name":"wp","href":"https:\/\/api.w.org\/{rel}","templated":true}]}}