{"id":2079,"date":"2022-03-14T12:43:14","date_gmt":"2022-03-14T12:43:14","guid":{"rendered":"https:\/\/www.diapro.is\/?post_type=product&#038;p=2079"},"modified":"2025-02-19T16:29:45","modified_gmt":"2025-02-19T16:29:45","slug":"aspen-4","status":"publish","type":"product","link":"https:\/\/www.diapro.is\/en\/product\/aspen-4\/","title":{"rendered":"ASPEN 4 Fj\u00f3rgengis bens\u00edn"},"content":{"rendered":"<p class=\"lead\" data-animate=\"fadeIn\">Aspen 4 er f\u00e1anlegt \u00ed <strong data-start=\"22\" data-end=\"45\">1L, 5L, 25L og 200L<\/strong> einingum.<\/p>\n<div class=\"et_pb_module et_pb_image et_pb_image_1\"><\/div>\n","protected":false},"excerpt":{"rendered":"<p data-start=\"67\" data-end=\"267\" data-animate=\"fadeInUp\">Aspen 4 er s\u00e9r\u00fer\u00f3a\u00f0 alkylat bens\u00edn \u00e1n ol\u00edu, hanna\u00f0 fyrir fj\u00f3rgengis v\u00e9lar. \u00dea\u00f0 hentar fullkomlega fyrir sl\u00e1ttuv\u00e9lar, jar\u00f0vinnuv\u00e9lar, snj\u00f3bl\u00e1sara, b\u00e1ta og a\u00f0rar v\u00e9lar sem keyra \u00e1 hreinu\/\u00f3bl\u00f6ndu\u00f0u bens\u00edni.<\/p>\n<p data-start=\"269\" data-end=\"648\" data-animate=\"fadeInUp\">Hef\u00f0bundi\u00f0 bens\u00edn inniheldur etan\u00f3l sem dregur \u00ed sig raka og getur valdi\u00f0 v\u00e9larbilunum. Aspen 4 er \u00e1n etan\u00f3ls, sem gerir \u00fea\u00f0 s\u00e9rstaklega hentugt fyrir notkun \u00ed sj\u00e1varumhverfi og v\u00e9lar sem \u00feurfa st\u00f6\u00f0ugt \u00e1rei\u00f0anlegt eldsneyti. Ef \u00fea\u00f0 er nota\u00f0 \u00ed tv\u00edgengis utanbor\u00f0sm\u00f3tora, er einfalt a\u00f0 blanda \u00fev\u00ed vi\u00f0 utanbor\u00f0sol\u00edu \u2013 til a\u00f0 minnka umhverfis\u00e1hrif er m\u00e6lt me\u00f0 l\u00edfbrj\u00f3tanlegri ol\u00edu.<\/p>\n<p data-start=\"650\" data-end=\"1007\" data-animate=\"fadeInUp\">Aspen 4 hefur veri\u00f0 \u00fer\u00f3a\u00f0 \u00ed samstarfi vi\u00f0 fagf\u00f3lk me\u00f0 \u00e1herslu \u00e1 sem minnst umhverfisf\u00f3tspor og betra vinnuumhverfi. Eldsneyti\u00f0 er n\u00e1nast laust vi\u00f0 ska\u00f0leg efni eins og bensen, ar\u00f3mat\u00edsk kolvetni og \u00f3lef\u00edn, sem geta haft alvarleg \u00e1hrif \u00e1 heilsu notenda. \u00deetta tryggir hreinni \u00fatbl\u00e1stur, hreinni v\u00e9l og minni upps\u00f6fnun kols \u00ed brunah\u00f3lfi og kerti v\u00e9larinnar.<\/p>\n<p data-start=\"1009\" data-end=\"1302\" data-is-last-node=\"\" data-animate=\"fadeInUp\">Aspen 4 m\u00e1 geyma \u00ed langan t\u00edma \u00e1n \u00feess a\u00f0 \u00fea\u00f0 tapi g\u00e6\u00f0um, sem tryggir au\u00f0velda r\u00e6singar jafnvel eftir langan st\u00f6\u00f0vunart\u00edma. Me\u00f0 Aspen 4 vinnur v\u00e9lin betur, \u00e1 skilvirkari h\u00e1tt og hefur lengri endingart\u00edma. Notkun \u00feess getur einnig minnka\u00f0 myndun \u00f3sons vi\u00f0 j\u00f6r\u00f0u (svifryksmengun) um allt a\u00f0 40%.<\/p>\n<div class=\"et_pb_module et_pb_text et_pb_text_12 et_pb_text_align_center et_pb_bg_layout_light\">\n<div class=\"et_pb_text_inner\"><\/div>\n<\/div>\n<div class=\"et_pb_module et_pb_image et_pb_image_1\">\n<div class=\"et_pb_module et_pb_text et_pb_text_12 et_pb_text_align_center et_pb_bg_layout_light\">\n<div class=\"et_pb_text_inner\"><\/div>\n<\/div>\n<div class=\"et_pb_module et_pb_image et_pb_image_1\"><\/div>\n<\/div>\n","protected":false},"featured_media":2214,"template":"","meta":[],"product_brand":[],"product_cat":[97],"product_tag":[],"class_list":{"0":"post-2079","1":"product","2":"type-product","3":"status-publish","4":"has-post-thumbnail","6":"product_cat-aspenfuel","8":"first","9":"instock","10":"taxable","11":"shipping-taxable","12":"purchasable","13":"product-type-simple"},"yoast_head":"<!-- This site is optimized with the Yoast SEO plugin v26.6 - https:\/\/yoast.com\/wordpress\/plugins\/seo\/ -->\n<title>ASPEN 4 Fj\u00f3rgengis bens\u00edn | Diapro<\/title>\n<meta name=\"description\" content=\"Aspen 4 er s\u00e9r\u00fer\u00f3a\u00f0 alkylat bens\u00edn \u00e1n ol\u00edu, hanna\u00f0 fyrir fj\u00f3rgengis v\u00e9lar. \u00dea\u00f0 hentar fullkomlega fyrir sl\u00e1ttuv\u00e9lar, jar\u00f0vinnuv\u00e9lar, snj\u00f3bl\u00e1sara, b\u00e1ta og a\u00f0rar v\u00e9lar sem keyra \u00e1 hreinu\/\u00f3bl\u00f6ndu\u00f0u bens\u00edni.\" \/>\n<meta name=\"robots\" content=\"index, follow, max-snippet:-1, max-image-preview:large, max-video-preview:-1\" \/>\n<link rel=\"canonical\" href=\"https:\/\/www.diapro.is\/vara\/aspen-4\/\" \/>\n<meta property=\"og:locale\" content=\"en_US\" \/>\n<meta property=\"og:type\" content=\"article\" \/>\n<meta property=\"og:title\" content=\"ASPEN 4 Fj\u00f3rgengis bens\u00edn | Diapro\" \/>\n<meta property=\"og:description\" content=\"Aspen 4 er s\u00e9r\u00fer\u00f3a\u00f0 alkylat bens\u00edn \u00e1n ol\u00edu, hanna\u00f0 fyrir fj\u00f3rgengis v\u00e9lar. \u00dea\u00f0 hentar fullkomlega fyrir sl\u00e1ttuv\u00e9lar, jar\u00f0vinnuv\u00e9lar, snj\u00f3bl\u00e1sara, b\u00e1ta og a\u00f0rar v\u00e9lar sem keyra \u00e1 hreinu\/\u00f3bl\u00f6ndu\u00f0u bens\u00edni.\" \/>\n<meta property=\"og:url\" content=\"https:\/\/www.diapro.is\/vara\/aspen-4\/\" \/>\n<meta property=\"og:site_name\" content=\"Diapro\" \/>\n<meta property=\"article:modified_time\" content=\"2025-02-19T16:29:45+00:00\" \/>\n<meta property=\"og:image\" content=\"https:\/\/www.diapro.is\/wp-content\/uploads\/2022\/03\/Aspen4-Can-5ltr-EU_mockup_white_cap.jpg\" \/>\n\t<meta property=\"og:image:width\" content=\"1180\" \/>\n\t<meta property=\"og:image:height\" content=\"1456\" \/>\n\t<meta property=\"og:image:type\" content=\"image\/jpeg\" \/>\n<meta name=\"twitter:card\" content=\"summary_large_image\" \/>\n<meta name=\"twitter:label1\" content=\"Est. reading time\" \/>\n\t<meta name=\"twitter:data1\" content=\"1 minute\" \/>\n<script type=\"application\/ld+json\" class=\"yoast-schema-graph\">{\"@context\":\"https:\/\/schema.org\",\"@graph\":[{\"@type\":\"WebPage\",\"@id\":\"https:\/\/www.diapro.is\/vara\/aspen-4\/\",\"url\":\"https:\/\/www.diapro.is\/vara\/aspen-4\/\",\"name\":\"ASPEN 4 Fj\u00f3rgengis bens\u00edn | Diapro\",\"isPartOf\":{\"@id\":\"https:\/\/www.diapro.is\/#website\"},\"primaryImageOfPage\":{\"@id\":\"https:\/\/www.diapro.is\/vara\/aspen-4\/#primaryimage\"},\"image\":{\"@id\":\"https:\/\/www.diapro.is\/vara\/aspen-4\/#primaryimage\"},\"thumbnailUrl\":\"https:\/\/www.diapro.is\/wp-content\/uploads\/2022\/03\/Aspen4-Can-5ltr-EU_mockup_white_cap.jpg\",\"datePublished\":\"2022-03-14T12:43:14+00:00\",\"dateModified\":\"2025-02-19T16:29:45+00:00\",\"description\":\"Aspen 4 er s\u00e9r\u00fer\u00f3a\u00f0 alkylat bens\u00edn \u00e1n ol\u00edu, hanna\u00f0 fyrir fj\u00f3rgengis v\u00e9lar. \u00dea\u00f0 hentar fullkomlega fyrir sl\u00e1ttuv\u00e9lar, jar\u00f0vinnuv\u00e9lar, snj\u00f3bl\u00e1sara, b\u00e1ta og a\u00f0rar v\u00e9lar sem keyra \u00e1 hreinu\/\u00f3bl\u00f6ndu\u00f0u bens\u00edni.\",\"breadcrumb\":{\"@id\":\"https:\/\/www.diapro.is\/vara\/aspen-4\/#breadcrumb\"},\"inLanguage\":\"en-US\",\"potentialAction\":[{\"@type\":\"ReadAction\",\"target\":[\"https:\/\/www.diapro.is\/vara\/aspen-4\/\"]}]},{\"@type\":\"ImageObject\",\"inLanguage\":\"en-US\",\"@id\":\"https:\/\/www.diapro.is\/vara\/aspen-4\/#primaryimage\",\"url\":\"https:\/\/www.diapro.is\/wp-content\/uploads\/2022\/03\/Aspen4-Can-5ltr-EU_mockup_white_cap.jpg\",\"contentUrl\":\"https:\/\/www.diapro.is\/wp-content\/uploads\/2022\/03\/Aspen4-Can-5ltr-EU_mockup_white_cap.jpg\",\"width\":1180,\"height\":1456},{\"@type\":\"BreadcrumbList\",\"@id\":\"https:\/\/www.diapro.is\/vara\/aspen-4\/#breadcrumb\",\"itemListElement\":[{\"@type\":\"ListItem\",\"position\":1,\"name\":\"Home\",\"item\":\"https:\/\/www.diapro.is\/en\/\"},{\"@type\":\"ListItem\",\"position\":2,\"name\":\"Shop\",\"item\":\"https:\/\/www.diapro.is\/en\/\"},{\"@type\":\"ListItem\",\"position\":3,\"name\":\"ASPEN 4 Fj\u00f3rgengis bens\u00edn\"}]},{\"@type\":\"WebSite\",\"@id\":\"https:\/\/www.diapro.is\/#website\",\"url\":\"https:\/\/www.diapro.is\/\",\"name\":\"Diapro\",\"description\":\"Diapro\",\"publisher\":{\"@id\":\"https:\/\/www.diapro.is\/#organization\"},\"potentialAction\":[{\"@type\":\"SearchAction\",\"target\":{\"@type\":\"EntryPoint\",\"urlTemplate\":\"https:\/\/www.diapro.is\/?s={search_term_string}\"},\"query-input\":{\"@type\":\"PropertyValueSpecification\",\"valueRequired\":true,\"valueName\":\"search_term_string\"}}],\"inLanguage\":\"en-US\"},{\"@type\":\"Organization\",\"@id\":\"https:\/\/www.diapro.is\/#organization\",\"name\":\"Diapro\",\"url\":\"https:\/\/www.diapro.is\/\",\"logo\":{\"@type\":\"ImageObject\",\"inLanguage\":\"en-US\",\"@id\":\"https:\/\/www.diapro.is\/#\/schema\/logo\/image\/\",\"url\":\"https:\/\/www.diapro.is\/wp-content\/uploads\/2021\/09\/BORSmal_Logo.png\",\"contentUrl\":\"https:\/\/www.diapro.is\/wp-content\/uploads\/2021\/09\/BORSmal_Logo.png\",\"width\":100,\"height\":100,\"caption\":\"Diapro\"},\"image\":{\"@id\":\"https:\/\/www.diapro.is\/#\/schema\/logo\/image\/\"}}]}<\/script>\n<!-- \/ Yoast SEO plugin. -->","yoast_head_json":{"title":"ASPEN 4 Fj\u00f3rgengis bens\u00edn | Diapro","description":"Aspen 4 er s\u00e9r\u00fer\u00f3a\u00f0 alkylat bens\u00edn \u00e1n ol\u00edu, hanna\u00f0 fyrir fj\u00f3rgengis v\u00e9lar. \u00dea\u00f0 hentar fullkomlega fyrir sl\u00e1ttuv\u00e9lar, jar\u00f0vinnuv\u00e9lar, snj\u00f3bl\u00e1sara, b\u00e1ta og a\u00f0rar v\u00e9lar sem keyra \u00e1 hreinu\/\u00f3bl\u00f6ndu\u00f0u bens\u00edni.","robots":{"index":"index","follow":"follow","max-snippet":"max-snippet:-1","max-image-preview":"max-image-preview:large","max-video-preview":"max-video-preview:-1"},"canonical":"https:\/\/www.diapro.is\/vara\/aspen-4\/","og_locale":"en_US","og_type":"article","og_title":"ASPEN 4 Fj\u00f3rgengis bens\u00edn | Diapro","og_description":"Aspen 4 er s\u00e9r\u00fer\u00f3a\u00f0 alkylat bens\u00edn \u00e1n ol\u00edu, hanna\u00f0 fyrir fj\u00f3rgengis v\u00e9lar. \u00dea\u00f0 hentar fullkomlega fyrir sl\u00e1ttuv\u00e9lar, jar\u00f0vinnuv\u00e9lar, snj\u00f3bl\u00e1sara, b\u00e1ta og a\u00f0rar v\u00e9lar sem keyra \u00e1 hreinu\/\u00f3bl\u00f6ndu\u00f0u bens\u00edni.","og_url":"https:\/\/www.diapro.is\/vara\/aspen-4\/","og_site_name":"Diapro","article_modified_time":"2025-02-19T16:29:45+00:00","og_image":[{"width":1180,"height":1456,"url":"https:\/\/www.diapro.is\/wp-content\/uploads\/2022\/03\/Aspen4-Can-5ltr-EU_mockup_white_cap.jpg","type":"image\/jpeg"}],"twitter_card":"summary_large_image","twitter_misc":{"Est. reading time":"1 minute"},"schema":{"@context":"https:\/\/schema.org","@graph":[{"@type":"WebPage","@id":"https:\/\/www.diapro.is\/vara\/aspen-4\/","url":"https:\/\/www.diapro.is\/vara\/aspen-4\/","name":"ASPEN 4 Fj\u00f3rgengis bens\u00edn | Diapro","isPartOf":{"@id":"https:\/\/www.diapro.is\/#website"},"primaryImageOfPage":{"@id":"https:\/\/www.diapro.is\/vara\/aspen-4\/#primaryimage"},"image":{"@id":"https:\/\/www.diapro.is\/vara\/aspen-4\/#primaryimage"},"thumbnailUrl":"https:\/\/www.diapro.is\/wp-content\/uploads\/2022\/03\/Aspen4-Can-5ltr-EU_mockup_white_cap.jpg","datePublished":"2022-03-14T12:43:14+00:00","dateModified":"2025-02-19T16:29:45+00:00","description":"Aspen 4 er s\u00e9r\u00fer\u00f3a\u00f0 alkylat bens\u00edn \u00e1n ol\u00edu, hanna\u00f0 fyrir fj\u00f3rgengis v\u00e9lar. \u00dea\u00f0 hentar fullkomlega fyrir sl\u00e1ttuv\u00e9lar, jar\u00f0vinnuv\u00e9lar, snj\u00f3bl\u00e1sara, b\u00e1ta og a\u00f0rar v\u00e9lar sem keyra \u00e1 hreinu\/\u00f3bl\u00f6ndu\u00f0u bens\u00edni.","breadcrumb":{"@id":"https:\/\/www.diapro.is\/vara\/aspen-4\/#breadcrumb"},"inLanguage":"en-US","potentialAction":[{"@type":"ReadAction","target":["https:\/\/www.diapro.is\/vara\/aspen-4\/"]}]},{"@type":"ImageObject","inLanguage":"en-US","@id":"https:\/\/www.diapro.is\/vara\/aspen-4\/#primaryimage","url":"https:\/\/www.diapro.is\/wp-content\/uploads\/2022\/03\/Aspen4-Can-5ltr-EU_mockup_white_cap.jpg","contentUrl":"https:\/\/www.diapro.is\/wp-content\/uploads\/2022\/03\/Aspen4-Can-5ltr-EU_mockup_white_cap.jpg","width":1180,"height":1456},{"@type":"BreadcrumbList","@id":"https:\/\/www.diapro.is\/vara\/aspen-4\/#breadcrumb","itemListElement":[{"@type":"ListItem","position":1,"name":"Home","item":"https:\/\/www.diapro.is\/en\/"},{"@type":"ListItem","position":2,"name":"Shop","item":"https:\/\/www.diapro.is\/en\/"},{"@type":"ListItem","position":3,"name":"ASPEN 4 Fj\u00f3rgengis bens\u00edn"}]},{"@type":"WebSite","@id":"https:\/\/www.diapro.is\/#website","url":"https:\/\/www.diapro.is\/","name":"Diapro","description":"Diapro","publisher":{"@id":"https:\/\/www.diapro.is\/#organization"},"potentialAction":[{"@type":"SearchAction","target":{"@type":"EntryPoint","urlTemplate":"https:\/\/www.diapro.is\/?s={search_term_string}"},"query-input":{"@type":"PropertyValueSpecification","valueRequired":true,"valueName":"search_term_string"}}],"inLanguage":"en-US"},{"@type":"Organization","@id":"https:\/\/www.diapro.is\/#organization","name":"Diapro","url":"https:\/\/www.diapro.is\/","logo":{"@type":"ImageObject","inLanguage":"en-US","@id":"https:\/\/www.diapro.is\/#\/schema\/logo\/image\/","url":"https:\/\/www.diapro.is\/wp-content\/uploads\/2021\/09\/BORSmal_Logo.png","contentUrl":"https:\/\/www.diapro.is\/wp-content\/uploads\/2021\/09\/BORSmal_Logo.png","width":100,"height":100,"caption":"Diapro"},"image":{"@id":"https:\/\/www.diapro.is\/#\/schema\/logo\/image\/"}}]}},"_links":{"self":[{"href":"https:\/\/www.diapro.is\/en\/wp-json\/wp\/v2\/product\/2079","targetHints":{"allow":["GET"]}}],"collection":[{"href":"https:\/\/www.diapro.is\/en\/wp-json\/wp\/v2\/product"}],"about":[{"href":"https:\/\/www.diapro.is\/en\/wp-json\/wp\/v2\/types\/product"}],"wp:featuredmedia":[{"embeddable":true,"href":"https:\/\/www.diapro.is\/en\/wp-json\/wp\/v2\/media\/2214"}],"wp:attachment":[{"href":"https:\/\/www.diapro.is\/en\/wp-json\/wp\/v2\/media?parent=2079"}],"wp:term":[{"taxonomy":"product_brand","embeddable":true,"href":"https:\/\/www.diapro.is\/en\/wp-json\/wp\/v2\/product_brand?post=2079"},{"taxonomy":"product_cat","embeddable":true,"href":"https:\/\/www.diapro.is\/en\/wp-json\/wp\/v2\/product_cat?post=2079"},{"taxonomy":"product_tag","embeddable":true,"href":"https:\/\/www.diapro.is\/en\/wp-json\/wp\/v2\/product_tag?post=2079"}],"curies":[{"name":"wp","href":"https:\/\/api.w.org\/{rel}","templated":true}]}}