{"id":2074,"date":"2022-03-14T12:28:45","date_gmt":"2022-03-14T12:28:45","guid":{"rendered":"https:\/\/www.diapro.is\/?post_type=product&#038;p=2074"},"modified":"2025-02-19T16:27:54","modified_gmt":"2025-02-19T16:27:54","slug":"aspen-2","status":"publish","type":"product","link":"https:\/\/www.diapro.is\/en\/product\/aspen-2\/","title":{"rendered":"Aspen 2 Tv\u00edgengis bens\u00edn"},"content":{"rendered":"<p class=\"lead\" data-line-height=\"l\" data-animate=\"fadeIn\">Aspen 2 f\u00e6st \u00ed 1L, 5L, 25L og 200L einingum<\/p>\n","protected":false},"excerpt":{"rendered":"<h3 data-start=\"0\" data-end=\"50\" data-animate=\"fadeInUp\"><strong data-start=\"0\" data-end=\"48\">Aspen 2 \u2013 H\u00e1g\u00e6\u00f0a tilb\u00fai\u00f0 tv\u00edgengis bens\u00edn<\/strong><\/h3>\n<p data-start=\"52\" data-end=\"340\" data-animate=\"fadeInUp\">Aspen 2 er alkylat bens\u00edn fyrir tv\u00edgengis v\u00e9lar, forblanda\u00f0 \u00ed hlutfallinu 50:1 me\u00f0 h\u00e1g\u00e6\u00f0a, l\u00edfbrj\u00f3tanlegri og fullsyntet\u00edskri tv\u00edgengis ol\u00edu. \u00dea\u00f0 er fullkomi\u00f0 fyrir t.d. Ke\u00f0jusagir, sl\u00e1tturorfa, Steinsagir, Runnaklippur, Bl\u00e1sara o.s.f.v<\/p>\n<p data-start=\"342\" data-end=\"841\" data-animate=\"fadeInUp\">\u00deetta eldsneyti hefur veri\u00f0 \u00fer\u00f3a\u00f0 \u00ed n\u00e1nu samstarfi vi\u00f0 fagf\u00f3lk og er hanna\u00f0 me\u00f0 l\u00e1gmarks umhverfis\u00e1hrif og betra vinnuumhverfi \u00ed huga. Aspen 2 er n\u00e1nast laust vi\u00f0 ska\u00f0leg efni eins og bensen, ar\u00f3mat\u00edsk kolvetni og \u00f3lef\u00edn, sem geta valdi\u00f0 alvarlegum heilsufarsvandam\u00e1lum. \u00dea\u00f0 minnkar mengandi \u00fatbl\u00e1stur og heldur v\u00e9linni hreinni, sem dregur \u00far s\u00f3tmyndun og kols\u00f6fnun. \u00deetta tryggir jafnari og skilvirkari virkni v\u00e9larinnar, au\u00f0veldari r\u00e6singu og lengri geymslu\u00feol \u00e1n \u00feess a\u00f0 g\u00e6\u00f0i bens\u00ednsins minnki.<\/p>\n<p data-start=\"843\" data-end=\"1164\" data-is-last-node=\"\" data-animate=\"fadeInUp\">Ol\u00edan \u00ed Aspen 2 er valin og \u00fer\u00f3u\u00f0 me\u00f0 framt\u00ed\u00f0ina \u00ed huga. H\u00fan er fullsyntet\u00edsk, inniheldur allt a\u00f0 60% endurn\u00fdjanlegt efni, er laus vi\u00f0 \u00f6sku og leysiefni, og veitir einstaklega hreina v\u00e9l me\u00f0 h\u00e1marks smureiginleikum vi\u00f0 allar a\u00f0st\u00e6\u00f0ur. Me\u00f0 Aspen 2 vinnur v\u00e9lin \u00fe\u00edn betur, er au\u00f0veldari \u00ed gang og hefur lengri endingart\u00edma.<\/p>\n","protected":false},"featured_media":2208,"template":"","meta":[],"product_brand":[],"product_cat":[97],"product_tag":[],"class_list":{"0":"post-2074","1":"product","2":"type-product","3":"status-publish","4":"has-post-thumbnail","6":"product_cat-aspenfuel","8":"first","9":"instock","10":"taxable","11":"shipping-taxable","12":"purchasable","13":"product-type-simple"},"yoast_head":"<!-- This site is optimized with the Yoast SEO plugin v26.6 - https:\/\/yoast.com\/wordpress\/plugins\/seo\/ -->\n<title>Aspen 2 Tv\u00edgengis bens\u00edn | Diapro<\/title>\n<meta name=\"description\" content=\"Aspen 2 \u2013 H\u00e1g\u00e6\u00f0a tilb\u00fai\u00f0 tv\u00edgengis bens\u00edn Aspen 2 er alkylat bens\u00edn fyrir tv\u00edgengis v\u00e9lar, forblanda\u00f0 \u00ed hlutfallinu 50:1 me\u00f0 h\u00e1g\u00e6\u00f0a, l\u00edfbrj\u00f3tanlegri og fullsyntet\u00edskri tv\u00edgengis ol\u00edu. \u00dea\u00f0 er fullkomi\u00f0 fyrir t.d. Ke\u00f0jusagir, sl\u00e1tturorfa, Steinsagir, Runnaklippur, Bl\u00e1sara o.s.f.v \u00deetta eldsneyti hefur veri\u00f0 \u00fer\u00f3a\u00f0 \u00ed n\u00e1nu samstarfi vi\u00f0 fagf\u00f3lk og er hanna\u00f0 me\u00f0 l\u00e1gmarks umhverfis\u00e1hrif og betra vinnuumhverfi \u00ed huga. Aspen 2 er n\u00e1nast laust vi\u00f0 ska\u00f0leg efni eins og bensen, ar\u00f3mat\u00edsk kolvetni og \u00f3lef\u00edn, sem geta valdi\u00f0 alvarlegum heilsufarsvandam\u00e1lum. \u00dea\u00f0 minnkar mengandi \u00fatbl\u00e1stur og heldur v\u00e9linni hreinni, sem dregur \u00far s\u00f3tmyndun og kols\u00f6fnun. \u00deetta tryggir jafnari og skilvirkari virkni v\u00e9larinnar, au\u00f0veldari r\u00e6singu og lengri geymslu\u00feol \u00e1n \u00feess a\u00f0 g\u00e6\u00f0i bens\u00ednsins minnki. Ol\u00edan \u00ed Aspen 2 er valin og \u00fer\u00f3u\u00f0 me\u00f0 framt\u00ed\u00f0ina \u00ed huga. H\u00fan er fullsyntet\u00edsk, inniheldur allt a\u00f0 60% endurn\u00fdjanlegt efni, er laus vi\u00f0 \u00f6sku og leysiefni, og veitir einstaklega hreina v\u00e9l me\u00f0 h\u00e1marks smureiginleikum vi\u00f0 allar a\u00f0st\u00e6\u00f0ur. Me\u00f0 Aspen 2 vinnur v\u00e9lin \u00fe\u00edn betur, er au\u00f0veldari \u00ed gang og hefur lengri endingart\u00edma.\" \/>\n<meta name=\"robots\" content=\"index, follow, max-snippet:-1, max-image-preview:large, max-video-preview:-1\" \/>\n<link rel=\"canonical\" href=\"https:\/\/www.diapro.is\/vara\/aspen-2\/\" \/>\n<meta property=\"og:locale\" content=\"en_US\" \/>\n<meta property=\"og:type\" content=\"article\" \/>\n<meta property=\"og:title\" content=\"Aspen 2 Tv\u00edgengis bens\u00edn | Diapro\" \/>\n<meta property=\"og:description\" content=\"Aspen 2 \u2013 H\u00e1g\u00e6\u00f0a tilb\u00fai\u00f0 tv\u00edgengis bens\u00edn Aspen 2 er alkylat bens\u00edn fyrir tv\u00edgengis v\u00e9lar, forblanda\u00f0 \u00ed hlutfallinu 50:1 me\u00f0 h\u00e1g\u00e6\u00f0a, l\u00edfbrj\u00f3tanlegri og fullsyntet\u00edskri tv\u00edgengis ol\u00edu. \u00dea\u00f0 er fullkomi\u00f0 fyrir t.d. Ke\u00f0jusagir, sl\u00e1tturorfa, Steinsagir, Runnaklippur, Bl\u00e1sara o.s.f.v \u00deetta eldsneyti hefur veri\u00f0 \u00fer\u00f3a\u00f0 \u00ed n\u00e1nu samstarfi vi\u00f0 fagf\u00f3lk og er hanna\u00f0 me\u00f0 l\u00e1gmarks umhverfis\u00e1hrif og betra vinnuumhverfi \u00ed huga. Aspen 2 er n\u00e1nast laust vi\u00f0 ska\u00f0leg efni eins og bensen, ar\u00f3mat\u00edsk kolvetni og \u00f3lef\u00edn, sem geta valdi\u00f0 alvarlegum heilsufarsvandam\u00e1lum. \u00dea\u00f0 minnkar mengandi \u00fatbl\u00e1stur og heldur v\u00e9linni hreinni, sem dregur \u00far s\u00f3tmyndun og kols\u00f6fnun. \u00deetta tryggir jafnari og skilvirkari virkni v\u00e9larinnar, au\u00f0veldari r\u00e6singu og lengri geymslu\u00feol \u00e1n \u00feess a\u00f0 g\u00e6\u00f0i bens\u00ednsins minnki. Ol\u00edan \u00ed Aspen 2 er valin og \u00fer\u00f3u\u00f0 me\u00f0 framt\u00ed\u00f0ina \u00ed huga. H\u00fan er fullsyntet\u00edsk, inniheldur allt a\u00f0 60% endurn\u00fdjanlegt efni, er laus vi\u00f0 \u00f6sku og leysiefni, og veitir einstaklega hreina v\u00e9l me\u00f0 h\u00e1marks smureiginleikum vi\u00f0 allar a\u00f0st\u00e6\u00f0ur. Me\u00f0 Aspen 2 vinnur v\u00e9lin \u00fe\u00edn betur, er au\u00f0veldari \u00ed gang og hefur lengri endingart\u00edma.\" \/>\n<meta property=\"og:url\" content=\"https:\/\/www.diapro.is\/vara\/aspen-2\/\" \/>\n<meta property=\"og:site_name\" content=\"Diapro\" \/>\n<meta property=\"article:modified_time\" content=\"2025-02-19T16:27:54+00:00\" \/>\n<meta property=\"og:image\" content=\"https:\/\/www.diapro.is\/wp-content\/uploads\/2022\/03\/Aspen2-Can-5ltr-EU_mockup_white_cap.jpg\" \/>\n\t<meta property=\"og:image:width\" content=\"1180\" \/>\n\t<meta property=\"og:image:height\" content=\"1456\" \/>\n\t<meta property=\"og:image:type\" content=\"image\/jpeg\" \/>\n<meta name=\"twitter:card\" content=\"summary_large_image\" \/>\n<meta name=\"twitter:label1\" content=\"Est. reading time\" \/>\n\t<meta name=\"twitter:data1\" content=\"1 minute\" \/>\n<script type=\"application\/ld+json\" class=\"yoast-schema-graph\">{\"@context\":\"https:\/\/schema.org\",\"@graph\":[{\"@type\":\"WebPage\",\"@id\":\"https:\/\/www.diapro.is\/vara\/aspen-2\/\",\"url\":\"https:\/\/www.diapro.is\/vara\/aspen-2\/\",\"name\":\"Aspen 2 Tv\u00edgengis bens\u00edn | Diapro\",\"isPartOf\":{\"@id\":\"https:\/\/www.diapro.is\/#website\"},\"primaryImageOfPage\":{\"@id\":\"https:\/\/www.diapro.is\/vara\/aspen-2\/#primaryimage\"},\"image\":{\"@id\":\"https:\/\/www.diapro.is\/vara\/aspen-2\/#primaryimage\"},\"thumbnailUrl\":\"https:\/\/www.diapro.is\/wp-content\/uploads\/2022\/03\/Aspen2-Can-5ltr-EU_mockup_white_cap.jpg\",\"datePublished\":\"2022-03-14T12:28:45+00:00\",\"dateModified\":\"2025-02-19T16:27:54+00:00\",\"description\":\"Aspen 2 \u2013 H\u00e1g\u00e6\u00f0a tilb\u00fai\u00f0 tv\u00edgengis bens\u00edn Aspen 2 er alkylat bens\u00edn fyrir tv\u00edgengis v\u00e9lar, forblanda\u00f0 \u00ed hlutfallinu 50:1 me\u00f0 h\u00e1g\u00e6\u00f0a, l\u00edfbrj\u00f3tanlegri og fullsyntet\u00edskri tv\u00edgengis ol\u00edu. \u00dea\u00f0 er fullkomi\u00f0 fyrir t.d. Ke\u00f0jusagir, sl\u00e1tturorfa, Steinsagir, Runnaklippur, Bl\u00e1sara o.s.f.v \u00deetta eldsneyti hefur veri\u00f0 \u00fer\u00f3a\u00f0 \u00ed n\u00e1nu samstarfi vi\u00f0 fagf\u00f3lk og er hanna\u00f0 me\u00f0 l\u00e1gmarks umhverfis\u00e1hrif og betra vinnuumhverfi \u00ed huga. Aspen 2 er n\u00e1nast laust vi\u00f0 ska\u00f0leg efni eins og bensen, ar\u00f3mat\u00edsk kolvetni og \u00f3lef\u00edn, sem geta valdi\u00f0 alvarlegum heilsufarsvandam\u00e1lum. \u00dea\u00f0 minnkar mengandi \u00fatbl\u00e1stur og heldur v\u00e9linni hreinni, sem dregur \u00far s\u00f3tmyndun og kols\u00f6fnun. \u00deetta tryggir jafnari og skilvirkari virkni v\u00e9larinnar, au\u00f0veldari r\u00e6singu og lengri geymslu\u00feol \u00e1n \u00feess a\u00f0 g\u00e6\u00f0i bens\u00ednsins minnki. Ol\u00edan \u00ed Aspen 2 er valin og \u00fer\u00f3u\u00f0 me\u00f0 framt\u00ed\u00f0ina \u00ed huga. H\u00fan er fullsyntet\u00edsk, inniheldur allt a\u00f0 60% endurn\u00fdjanlegt efni, er laus vi\u00f0 \u00f6sku og leysiefni, og veitir einstaklega hreina v\u00e9l me\u00f0 h\u00e1marks smureiginleikum vi\u00f0 allar a\u00f0st\u00e6\u00f0ur. Me\u00f0 Aspen 2 vinnur v\u00e9lin \u00fe\u00edn betur, er au\u00f0veldari \u00ed gang og hefur lengri endingart\u00edma.\",\"breadcrumb\":{\"@id\":\"https:\/\/www.diapro.is\/vara\/aspen-2\/#breadcrumb\"},\"inLanguage\":\"en-US\",\"potentialAction\":[{\"@type\":\"ReadAction\",\"target\":[\"https:\/\/www.diapro.is\/vara\/aspen-2\/\"]}]},{\"@type\":\"ImageObject\",\"inLanguage\":\"en-US\",\"@id\":\"https:\/\/www.diapro.is\/vara\/aspen-2\/#primaryimage\",\"url\":\"https:\/\/www.diapro.is\/wp-content\/uploads\/2022\/03\/Aspen2-Can-5ltr-EU_mockup_white_cap.jpg\",\"contentUrl\":\"https:\/\/www.diapro.is\/wp-content\/uploads\/2022\/03\/Aspen2-Can-5ltr-EU_mockup_white_cap.jpg\",\"width\":1180,\"height\":1456},{\"@type\":\"BreadcrumbList\",\"@id\":\"https:\/\/www.diapro.is\/vara\/aspen-2\/#breadcrumb\",\"itemListElement\":[{\"@type\":\"ListItem\",\"position\":1,\"name\":\"Home\",\"item\":\"https:\/\/www.diapro.is\/en\/\"},{\"@type\":\"ListItem\",\"position\":2,\"name\":\"Shop\",\"item\":\"https:\/\/www.diapro.is\/en\/\"},{\"@type\":\"ListItem\",\"position\":3,\"name\":\"Aspen 2 Tv\u00edgengis bens\u00edn\"}]},{\"@type\":\"WebSite\",\"@id\":\"https:\/\/www.diapro.is\/#website\",\"url\":\"https:\/\/www.diapro.is\/\",\"name\":\"Diapro\",\"description\":\"Diapro\",\"publisher\":{\"@id\":\"https:\/\/www.diapro.is\/#organization\"},\"potentialAction\":[{\"@type\":\"SearchAction\",\"target\":{\"@type\":\"EntryPoint\",\"urlTemplate\":\"https:\/\/www.diapro.is\/?s={search_term_string}\"},\"query-input\":{\"@type\":\"PropertyValueSpecification\",\"valueRequired\":true,\"valueName\":\"search_term_string\"}}],\"inLanguage\":\"en-US\"},{\"@type\":\"Organization\",\"@id\":\"https:\/\/www.diapro.is\/#organization\",\"name\":\"Diapro\",\"url\":\"https:\/\/www.diapro.is\/\",\"logo\":{\"@type\":\"ImageObject\",\"inLanguage\":\"en-US\",\"@id\":\"https:\/\/www.diapro.is\/#\/schema\/logo\/image\/\",\"url\":\"https:\/\/www.diapro.is\/wp-content\/uploads\/2021\/09\/BORSmal_Logo.png\",\"contentUrl\":\"https:\/\/www.diapro.is\/wp-content\/uploads\/2021\/09\/BORSmal_Logo.png\",\"width\":100,\"height\":100,\"caption\":\"Diapro\"},\"image\":{\"@id\":\"https:\/\/www.diapro.is\/#\/schema\/logo\/image\/\"}}]}<\/script>\n<!-- \/ Yoast SEO plugin. -->","yoast_head_json":{"title":"Aspen 2 Tv\u00edgengis bens\u00edn | Diapro","description":"Aspen 2 \u2013 H\u00e1g\u00e6\u00f0a tilb\u00fai\u00f0 tv\u00edgengis bens\u00edn Aspen 2 er alkylat bens\u00edn fyrir tv\u00edgengis v\u00e9lar, forblanda\u00f0 \u00ed hlutfallinu 50:1 me\u00f0 h\u00e1g\u00e6\u00f0a, l\u00edfbrj\u00f3tanlegri og fullsyntet\u00edskri tv\u00edgengis ol\u00edu. \u00dea\u00f0 er fullkomi\u00f0 fyrir t.d. Ke\u00f0jusagir, sl\u00e1tturorfa, Steinsagir, Runnaklippur, Bl\u00e1sara o.s.f.v \u00deetta eldsneyti hefur veri\u00f0 \u00fer\u00f3a\u00f0 \u00ed n\u00e1nu samstarfi vi\u00f0 fagf\u00f3lk og er hanna\u00f0 me\u00f0 l\u00e1gmarks umhverfis\u00e1hrif og betra vinnuumhverfi \u00ed huga. Aspen 2 er n\u00e1nast laust vi\u00f0 ska\u00f0leg efni eins og bensen, ar\u00f3mat\u00edsk kolvetni og \u00f3lef\u00edn, sem geta valdi\u00f0 alvarlegum heilsufarsvandam\u00e1lum. \u00dea\u00f0 minnkar mengandi \u00fatbl\u00e1stur og heldur v\u00e9linni hreinni, sem dregur \u00far s\u00f3tmyndun og kols\u00f6fnun. \u00deetta tryggir jafnari og skilvirkari virkni v\u00e9larinnar, au\u00f0veldari r\u00e6singu og lengri geymslu\u00feol \u00e1n \u00feess a\u00f0 g\u00e6\u00f0i bens\u00ednsins minnki. Ol\u00edan \u00ed Aspen 2 er valin og \u00fer\u00f3u\u00f0 me\u00f0 framt\u00ed\u00f0ina \u00ed huga. H\u00fan er fullsyntet\u00edsk, inniheldur allt a\u00f0 60% endurn\u00fdjanlegt efni, er laus vi\u00f0 \u00f6sku og leysiefni, og veitir einstaklega hreina v\u00e9l me\u00f0 h\u00e1marks smureiginleikum vi\u00f0 allar a\u00f0st\u00e6\u00f0ur. Me\u00f0 Aspen 2 vinnur v\u00e9lin \u00fe\u00edn betur, er au\u00f0veldari \u00ed gang og hefur lengri endingart\u00edma.","robots":{"index":"index","follow":"follow","max-snippet":"max-snippet:-1","max-image-preview":"max-image-preview:large","max-video-preview":"max-video-preview:-1"},"canonical":"https:\/\/www.diapro.is\/vara\/aspen-2\/","og_locale":"en_US","og_type":"article","og_title":"Aspen 2 Tv\u00edgengis bens\u00edn | Diapro","og_description":"Aspen 2 \u2013 H\u00e1g\u00e6\u00f0a tilb\u00fai\u00f0 tv\u00edgengis bens\u00edn Aspen 2 er alkylat bens\u00edn fyrir tv\u00edgengis v\u00e9lar, forblanda\u00f0 \u00ed hlutfallinu 50:1 me\u00f0 h\u00e1g\u00e6\u00f0a, l\u00edfbrj\u00f3tanlegri og fullsyntet\u00edskri tv\u00edgengis ol\u00edu. \u00dea\u00f0 er fullkomi\u00f0 fyrir t.d. Ke\u00f0jusagir, sl\u00e1tturorfa, Steinsagir, Runnaklippur, Bl\u00e1sara o.s.f.v \u00deetta eldsneyti hefur veri\u00f0 \u00fer\u00f3a\u00f0 \u00ed n\u00e1nu samstarfi vi\u00f0 fagf\u00f3lk og er hanna\u00f0 me\u00f0 l\u00e1gmarks umhverfis\u00e1hrif og betra vinnuumhverfi \u00ed huga. Aspen 2 er n\u00e1nast laust vi\u00f0 ska\u00f0leg efni eins og bensen, ar\u00f3mat\u00edsk kolvetni og \u00f3lef\u00edn, sem geta valdi\u00f0 alvarlegum heilsufarsvandam\u00e1lum. \u00dea\u00f0 minnkar mengandi \u00fatbl\u00e1stur og heldur v\u00e9linni hreinni, sem dregur \u00far s\u00f3tmyndun og kols\u00f6fnun. \u00deetta tryggir jafnari og skilvirkari virkni v\u00e9larinnar, au\u00f0veldari r\u00e6singu og lengri geymslu\u00feol \u00e1n \u00feess a\u00f0 g\u00e6\u00f0i bens\u00ednsins minnki. Ol\u00edan \u00ed Aspen 2 er valin og \u00fer\u00f3u\u00f0 me\u00f0 framt\u00ed\u00f0ina \u00ed huga. H\u00fan er fullsyntet\u00edsk, inniheldur allt a\u00f0 60% endurn\u00fdjanlegt efni, er laus vi\u00f0 \u00f6sku og leysiefni, og veitir einstaklega hreina v\u00e9l me\u00f0 h\u00e1marks smureiginleikum vi\u00f0 allar a\u00f0st\u00e6\u00f0ur. Me\u00f0 Aspen 2 vinnur v\u00e9lin \u00fe\u00edn betur, er au\u00f0veldari \u00ed gang og hefur lengri endingart\u00edma.","og_url":"https:\/\/www.diapro.is\/vara\/aspen-2\/","og_site_name":"Diapro","article_modified_time":"2025-02-19T16:27:54+00:00","og_image":[{"width":1180,"height":1456,"url":"https:\/\/www.diapro.is\/wp-content\/uploads\/2022\/03\/Aspen2-Can-5ltr-EU_mockup_white_cap.jpg","type":"image\/jpeg"}],"twitter_card":"summary_large_image","twitter_misc":{"Est. reading time":"1 minute"},"schema":{"@context":"https:\/\/schema.org","@graph":[{"@type":"WebPage","@id":"https:\/\/www.diapro.is\/vara\/aspen-2\/","url":"https:\/\/www.diapro.is\/vara\/aspen-2\/","name":"Aspen 2 Tv\u00edgengis bens\u00edn | Diapro","isPartOf":{"@id":"https:\/\/www.diapro.is\/#website"},"primaryImageOfPage":{"@id":"https:\/\/www.diapro.is\/vara\/aspen-2\/#primaryimage"},"image":{"@id":"https:\/\/www.diapro.is\/vara\/aspen-2\/#primaryimage"},"thumbnailUrl":"https:\/\/www.diapro.is\/wp-content\/uploads\/2022\/03\/Aspen2-Can-5ltr-EU_mockup_white_cap.jpg","datePublished":"2022-03-14T12:28:45+00:00","dateModified":"2025-02-19T16:27:54+00:00","description":"Aspen 2 \u2013 H\u00e1g\u00e6\u00f0a tilb\u00fai\u00f0 tv\u00edgengis bens\u00edn Aspen 2 er alkylat bens\u00edn fyrir tv\u00edgengis v\u00e9lar, forblanda\u00f0 \u00ed hlutfallinu 50:1 me\u00f0 h\u00e1g\u00e6\u00f0a, l\u00edfbrj\u00f3tanlegri og fullsyntet\u00edskri tv\u00edgengis ol\u00edu. \u00dea\u00f0 er fullkomi\u00f0 fyrir t.d. Ke\u00f0jusagir, sl\u00e1tturorfa, Steinsagir, Runnaklippur, Bl\u00e1sara o.s.f.v \u00deetta eldsneyti hefur veri\u00f0 \u00fer\u00f3a\u00f0 \u00ed n\u00e1nu samstarfi vi\u00f0 fagf\u00f3lk og er hanna\u00f0 me\u00f0 l\u00e1gmarks umhverfis\u00e1hrif og betra vinnuumhverfi \u00ed huga. Aspen 2 er n\u00e1nast laust vi\u00f0 ska\u00f0leg efni eins og bensen, ar\u00f3mat\u00edsk kolvetni og \u00f3lef\u00edn, sem geta valdi\u00f0 alvarlegum heilsufarsvandam\u00e1lum. \u00dea\u00f0 minnkar mengandi \u00fatbl\u00e1stur og heldur v\u00e9linni hreinni, sem dregur \u00far s\u00f3tmyndun og kols\u00f6fnun. \u00deetta tryggir jafnari og skilvirkari virkni v\u00e9larinnar, au\u00f0veldari r\u00e6singu og lengri geymslu\u00feol \u00e1n \u00feess a\u00f0 g\u00e6\u00f0i bens\u00ednsins minnki. Ol\u00edan \u00ed Aspen 2 er valin og \u00fer\u00f3u\u00f0 me\u00f0 framt\u00ed\u00f0ina \u00ed huga. H\u00fan er fullsyntet\u00edsk, inniheldur allt a\u00f0 60% endurn\u00fdjanlegt efni, er laus vi\u00f0 \u00f6sku og leysiefni, og veitir einstaklega hreina v\u00e9l me\u00f0 h\u00e1marks smureiginleikum vi\u00f0 allar a\u00f0st\u00e6\u00f0ur. Me\u00f0 Aspen 2 vinnur v\u00e9lin \u00fe\u00edn betur, er au\u00f0veldari \u00ed gang og hefur lengri endingart\u00edma.","breadcrumb":{"@id":"https:\/\/www.diapro.is\/vara\/aspen-2\/#breadcrumb"},"inLanguage":"en-US","potentialAction":[{"@type":"ReadAction","target":["https:\/\/www.diapro.is\/vara\/aspen-2\/"]}]},{"@type":"ImageObject","inLanguage":"en-US","@id":"https:\/\/www.diapro.is\/vara\/aspen-2\/#primaryimage","url":"https:\/\/www.diapro.is\/wp-content\/uploads\/2022\/03\/Aspen2-Can-5ltr-EU_mockup_white_cap.jpg","contentUrl":"https:\/\/www.diapro.is\/wp-content\/uploads\/2022\/03\/Aspen2-Can-5ltr-EU_mockup_white_cap.jpg","width":1180,"height":1456},{"@type":"BreadcrumbList","@id":"https:\/\/www.diapro.is\/vara\/aspen-2\/#breadcrumb","itemListElement":[{"@type":"ListItem","position":1,"name":"Home","item":"https:\/\/www.diapro.is\/en\/"},{"@type":"ListItem","position":2,"name":"Shop","item":"https:\/\/www.diapro.is\/en\/"},{"@type":"ListItem","position":3,"name":"Aspen 2 Tv\u00edgengis bens\u00edn"}]},{"@type":"WebSite","@id":"https:\/\/www.diapro.is\/#website","url":"https:\/\/www.diapro.is\/","name":"Diapro","description":"Diapro","publisher":{"@id":"https:\/\/www.diapro.is\/#organization"},"potentialAction":[{"@type":"SearchAction","target":{"@type":"EntryPoint","urlTemplate":"https:\/\/www.diapro.is\/?s={search_term_string}"},"query-input":{"@type":"PropertyValueSpecification","valueRequired":true,"valueName":"search_term_string"}}],"inLanguage":"en-US"},{"@type":"Organization","@id":"https:\/\/www.diapro.is\/#organization","name":"Diapro","url":"https:\/\/www.diapro.is\/","logo":{"@type":"ImageObject","inLanguage":"en-US","@id":"https:\/\/www.diapro.is\/#\/schema\/logo\/image\/","url":"https:\/\/www.diapro.is\/wp-content\/uploads\/2021\/09\/BORSmal_Logo.png","contentUrl":"https:\/\/www.diapro.is\/wp-content\/uploads\/2021\/09\/BORSmal_Logo.png","width":100,"height":100,"caption":"Diapro"},"image":{"@id":"https:\/\/www.diapro.is\/#\/schema\/logo\/image\/"}}]}},"_links":{"self":[{"href":"https:\/\/www.diapro.is\/en\/wp-json\/wp\/v2\/product\/2074","targetHints":{"allow":["GET"]}}],"collection":[{"href":"https:\/\/www.diapro.is\/en\/wp-json\/wp\/v2\/product"}],"about":[{"href":"https:\/\/www.diapro.is\/en\/wp-json\/wp\/v2\/types\/product"}],"wp:featuredmedia":[{"embeddable":true,"href":"https:\/\/www.diapro.is\/en\/wp-json\/wp\/v2\/media\/2208"}],"wp:attachment":[{"href":"https:\/\/www.diapro.is\/en\/wp-json\/wp\/v2\/media?parent=2074"}],"wp:term":[{"taxonomy":"product_brand","embeddable":true,"href":"https:\/\/www.diapro.is\/en\/wp-json\/wp\/v2\/product_brand?post=2074"},{"taxonomy":"product_cat","embeddable":true,"href":"https:\/\/www.diapro.is\/en\/wp-json\/wp\/v2\/product_cat?post=2074"},{"taxonomy":"product_tag","embeddable":true,"href":"https:\/\/www.diapro.is\/en\/wp-json\/wp\/v2\/product_tag?post=2074"}],"curies":[{"name":"wp","href":"https:\/\/api.w.org\/{rel}","templated":true}]}}