{"id":2070,"date":"2022-03-14T11:26:58","date_gmt":"2022-03-14T11:26:58","guid":{"rendered":"https:\/\/www.diapro.is\/?post_type=product&#038;p=2070"},"modified":"2024-09-11T14:59:08","modified_gmt":"2024-09-11T14:59:08","slug":"board-trolley","status":"publish","type":"product","link":"https:\/\/www.diapro.is\/en\/product\/board-trolley\/","title":{"rendered":"Pl\u00f6tuvagninn"},"content":{"rendered":"<p><strong style=\"font-size: 14.4px;\">Scope of use<\/strong><\/p>\n<div class=\"flickup-container\">\n<div class=\"flickup-outer\">\n<div class=\"flickup\">\n<div class=\"flickup-content\">\n<p>The Board Trolley is versatile and can transport board, doors and packs of metal stud with ease. It can be used on a variety of jobs, from housebuilding to larger commercial projects. It\u2019s two large front wheels and rear castors give great maneuverability. One of the castors is braked to allow safe loading of the trolley.<\/p>\n<p>&nbsp;<\/p>\n<div class=\"flickup-container\">\n<div class=\"flickup-outer\">\n<div class=\"flickup\">\n<p><span class=\"toggle-flickup action-button\">Technical specification<\/span><\/p>\n<div class=\"flickup-content\">\n<table>\n<tbody>\n<tr>\n<td>Articel number:<\/td>\n<td>11700<\/td>\n<td><\/td>\n<\/tr>\n<tr>\n<td>Max load:<\/td>\n<td>350 kg<\/td>\n<td><\/td>\n<\/tr>\n<tr>\n<td>Length:<\/td>\n<td>1130 mm<\/td>\n<td><\/td>\n<\/tr>\n<tr>\n<td>Height:<\/td>\n<td>1180 mm<\/td>\n<td><\/td>\n<\/tr>\n<tr>\n<td>Weight:<\/td>\n<td>40 kg<\/td>\n<td><\/td>\n<\/tr>\n<tr>\n<td>SRA-code:<\/td>\n<td>161122<\/td>\n<td><\/td>\n<\/tr>\n<tr>\n<td>Total width<\/td>\n<td>640 mm<\/td>\n<td><\/td>\n<\/tr>\n<tr>\n<td>Width, load:<\/td>\n<td>220 mm<\/td>\n<\/tr>\n<\/tbody>\n<\/table>\n<\/div>\n<\/div>\n<\/div>\n<\/div>\n<\/div>\n<\/div>\n<\/div>\n<\/div>\n","protected":false},"excerpt":{"rendered":"<p>Pl\u00f6tuvagninn er fj\u00f6lnota vagn til \u00feess a\u00f0 flytja pl\u00f6tur,gler og allt \u00fea\u00f0 sem \u00fe\u00e9r dettur \u00ed hug. Me\u00f0 bur\u00f0argetu upp\u00e1 350kg Pl\u00f6tuvagninn er nau\u00f0syn \u00e1 \u00f6llum byggingarsv\u00e6\u00f0um.<\/p>\n<p>-Fjarl\u00e6ganleg handri\u00f0<\/p>\n<p>-Fyllt dekk<\/p>\n<p>-350Kg Bur\u00f0argeta<\/p>\n<p>-F\u00e1ranlega au\u00f0veldur \u00ed notkun.<\/p>\n","protected":false},"featured_media":2071,"template":"","meta":[],"product_brand":[],"product_cat":[75],"product_tag":[],"class_list":{"0":"post-2070","1":"product","2":"type-product","3":"status-publish","4":"has-post-thumbnail","6":"product_cat-oflokkad","8":"first","9":"onbackorder","10":"taxable","11":"shipping-taxable","12":"purchasable","13":"product-type-simple"},"yoast_head":"<!-- This site is optimized with the Yoast SEO plugin v26.6 - https:\/\/yoast.com\/wordpress\/plugins\/seo\/ -->\n<title>Pl\u00f6tuvagninn | Diapro<\/title>\n<meta name=\"description\" content=\"Pl\u00f6tuvagninn er fj\u00f6lnota vagn til \u00feess a\u00f0 flytja pl\u00f6tur,gler og allt \u00fea\u00f0 sem \u00fe\u00e9r dettur \u00ed hug. Me\u00f0 bur\u00f0argetu upp\u00e1 350kg Pl\u00f6tuvagninn er nau\u00f0syn \u00e1 \u00f6llum byggingarsv\u00e6\u00f0um.  -Fjarl\u00e6ganleg handri\u00f0  -Fyllt dekk  -350Kg Bur\u00f0argeta  -F\u00e1ranlega au\u00f0veldur \u00ed notkun.\" \/>\n<meta name=\"robots\" content=\"index, follow, max-snippet:-1, max-image-preview:large, max-video-preview:-1\" \/>\n<link rel=\"canonical\" href=\"https:\/\/www.diapro.is\/vara\/board-trolley\/\" \/>\n<meta property=\"og:locale\" content=\"en_US\" \/>\n<meta property=\"og:type\" content=\"article\" \/>\n<meta property=\"og:title\" content=\"Pl\u00f6tuvagninn | Diapro\" \/>\n<meta property=\"og:description\" content=\"Pl\u00f6tuvagninn er fj\u00f6lnota vagn til \u00feess a\u00f0 flytja pl\u00f6tur,gler og allt \u00fea\u00f0 sem \u00fe\u00e9r dettur \u00ed hug. Me\u00f0 bur\u00f0argetu upp\u00e1 350kg Pl\u00f6tuvagninn er nau\u00f0syn \u00e1 \u00f6llum byggingarsv\u00e6\u00f0um.  -Fjarl\u00e6ganleg handri\u00f0  -Fyllt dekk  -350Kg Bur\u00f0argeta  -F\u00e1ranlega au\u00f0veldur \u00ed notkun.\" \/>\n<meta property=\"og:url\" content=\"https:\/\/www.diapro.is\/vara\/board-trolley\/\" \/>\n<meta property=\"og:site_name\" content=\"Diapro\" \/>\n<meta property=\"article:modified_time\" content=\"2024-09-11T14:59:08+00:00\" \/>\n<meta property=\"og:image\" content=\"https:\/\/www.diapro.is\/wp-content\/uploads\/2022\/03\/starke-arvid-produkt-skivvagn-mini-1.png\" \/>\n\t<meta property=\"og:image:width\" content=\"832\" \/>\n\t<meta property=\"og:image:height\" content=\"440\" \/>\n\t<meta property=\"og:image:type\" content=\"image\/png\" \/>\n<meta name=\"twitter:card\" content=\"summary_large_image\" \/>\n<script type=\"application\/ld+json\" class=\"yoast-schema-graph\">{\"@context\":\"https:\/\/schema.org\",\"@graph\":[{\"@type\":\"WebPage\",\"@id\":\"https:\/\/www.diapro.is\/vara\/board-trolley\/\",\"url\":\"https:\/\/www.diapro.is\/vara\/board-trolley\/\",\"name\":\"Pl\u00f6tuvagninn | Diapro\",\"isPartOf\":{\"@id\":\"https:\/\/www.diapro.is\/#website\"},\"primaryImageOfPage\":{\"@id\":\"https:\/\/www.diapro.is\/vara\/board-trolley\/#primaryimage\"},\"image\":{\"@id\":\"https:\/\/www.diapro.is\/vara\/board-trolley\/#primaryimage\"},\"thumbnailUrl\":\"https:\/\/www.diapro.is\/wp-content\/uploads\/2022\/03\/starke-arvid-produkt-skivvagn-mini-1.png\",\"datePublished\":\"2022-03-14T11:26:58+00:00\",\"dateModified\":\"2024-09-11T14:59:08+00:00\",\"description\":\"Pl\u00f6tuvagninn er fj\u00f6lnota vagn til \u00feess a\u00f0 flytja pl\u00f6tur,gler og allt \u00fea\u00f0 sem \u00fe\u00e9r dettur \u00ed hug. Me\u00f0 bur\u00f0argetu upp\u00e1 350kg Pl\u00f6tuvagninn er nau\u00f0syn \u00e1 \u00f6llum byggingarsv\u00e6\u00f0um. -Fjarl\u00e6ganleg handri\u00f0 -Fyllt dekk -350Kg Bur\u00f0argeta -F\u00e1ranlega au\u00f0veldur \u00ed notkun.\",\"breadcrumb\":{\"@id\":\"https:\/\/www.diapro.is\/vara\/board-trolley\/#breadcrumb\"},\"inLanguage\":\"en-US\",\"potentialAction\":[{\"@type\":\"ReadAction\",\"target\":[\"https:\/\/www.diapro.is\/vara\/board-trolley\/\"]}]},{\"@type\":\"ImageObject\",\"inLanguage\":\"en-US\",\"@id\":\"https:\/\/www.diapro.is\/vara\/board-trolley\/#primaryimage\",\"url\":\"https:\/\/www.diapro.is\/wp-content\/uploads\/2022\/03\/starke-arvid-produkt-skivvagn-mini-1.png\",\"contentUrl\":\"https:\/\/www.diapro.is\/wp-content\/uploads\/2022\/03\/starke-arvid-produkt-skivvagn-mini-1.png\",\"width\":832,\"height\":440},{\"@type\":\"BreadcrumbList\",\"@id\":\"https:\/\/www.diapro.is\/vara\/board-trolley\/#breadcrumb\",\"itemListElement\":[{\"@type\":\"ListItem\",\"position\":1,\"name\":\"Home\",\"item\":\"https:\/\/www.diapro.is\/en\/\"},{\"@type\":\"ListItem\",\"position\":2,\"name\":\"Shop\",\"item\":\"https:\/\/www.diapro.is\/en\/\"},{\"@type\":\"ListItem\",\"position\":3,\"name\":\"Pl\u00f6tuvagninn\"}]},{\"@type\":\"WebSite\",\"@id\":\"https:\/\/www.diapro.is\/#website\",\"url\":\"https:\/\/www.diapro.is\/\",\"name\":\"Diapro\",\"description\":\"Diapro\",\"publisher\":{\"@id\":\"https:\/\/www.diapro.is\/#organization\"},\"potentialAction\":[{\"@type\":\"SearchAction\",\"target\":{\"@type\":\"EntryPoint\",\"urlTemplate\":\"https:\/\/www.diapro.is\/?s={search_term_string}\"},\"query-input\":{\"@type\":\"PropertyValueSpecification\",\"valueRequired\":true,\"valueName\":\"search_term_string\"}}],\"inLanguage\":\"en-US\"},{\"@type\":\"Organization\",\"@id\":\"https:\/\/www.diapro.is\/#organization\",\"name\":\"Diapro\",\"url\":\"https:\/\/www.diapro.is\/\",\"logo\":{\"@type\":\"ImageObject\",\"inLanguage\":\"en-US\",\"@id\":\"https:\/\/www.diapro.is\/#\/schema\/logo\/image\/\",\"url\":\"https:\/\/www.diapro.is\/wp-content\/uploads\/2021\/09\/BORSmal_Logo.png\",\"contentUrl\":\"https:\/\/www.diapro.is\/wp-content\/uploads\/2021\/09\/BORSmal_Logo.png\",\"width\":100,\"height\":100,\"caption\":\"Diapro\"},\"image\":{\"@id\":\"https:\/\/www.diapro.is\/#\/schema\/logo\/image\/\"}}]}<\/script>\n<!-- \/ Yoast SEO plugin. -->","yoast_head_json":{"title":"Pl\u00f6tuvagninn | Diapro","description":"Pl\u00f6tuvagninn er fj\u00f6lnota vagn til \u00feess a\u00f0 flytja pl\u00f6tur,gler og allt \u00fea\u00f0 sem \u00fe\u00e9r dettur \u00ed hug. Me\u00f0 bur\u00f0argetu upp\u00e1 350kg Pl\u00f6tuvagninn er nau\u00f0syn \u00e1 \u00f6llum byggingarsv\u00e6\u00f0um.  -Fjarl\u00e6ganleg handri\u00f0  -Fyllt dekk  -350Kg Bur\u00f0argeta  -F\u00e1ranlega au\u00f0veldur \u00ed notkun.","robots":{"index":"index","follow":"follow","max-snippet":"max-snippet:-1","max-image-preview":"max-image-preview:large","max-video-preview":"max-video-preview:-1"},"canonical":"https:\/\/www.diapro.is\/vara\/board-trolley\/","og_locale":"en_US","og_type":"article","og_title":"Pl\u00f6tuvagninn | Diapro","og_description":"Pl\u00f6tuvagninn er fj\u00f6lnota vagn til \u00feess a\u00f0 flytja pl\u00f6tur,gler og allt \u00fea\u00f0 sem \u00fe\u00e9r dettur \u00ed hug. Me\u00f0 bur\u00f0argetu upp\u00e1 350kg Pl\u00f6tuvagninn er nau\u00f0syn \u00e1 \u00f6llum byggingarsv\u00e6\u00f0um.  -Fjarl\u00e6ganleg handri\u00f0  -Fyllt dekk  -350Kg Bur\u00f0argeta  -F\u00e1ranlega au\u00f0veldur \u00ed notkun.","og_url":"https:\/\/www.diapro.is\/vara\/board-trolley\/","og_site_name":"Diapro","article_modified_time":"2024-09-11T14:59:08+00:00","og_image":[{"width":832,"height":440,"url":"https:\/\/www.diapro.is\/wp-content\/uploads\/2022\/03\/starke-arvid-produkt-skivvagn-mini-1.png","type":"image\/png"}],"twitter_card":"summary_large_image","schema":{"@context":"https:\/\/schema.org","@graph":[{"@type":"WebPage","@id":"https:\/\/www.diapro.is\/vara\/board-trolley\/","url":"https:\/\/www.diapro.is\/vara\/board-trolley\/","name":"Pl\u00f6tuvagninn | Diapro","isPartOf":{"@id":"https:\/\/www.diapro.is\/#website"},"primaryImageOfPage":{"@id":"https:\/\/www.diapro.is\/vara\/board-trolley\/#primaryimage"},"image":{"@id":"https:\/\/www.diapro.is\/vara\/board-trolley\/#primaryimage"},"thumbnailUrl":"https:\/\/www.diapro.is\/wp-content\/uploads\/2022\/03\/starke-arvid-produkt-skivvagn-mini-1.png","datePublished":"2022-03-14T11:26:58+00:00","dateModified":"2024-09-11T14:59:08+00:00","description":"Pl\u00f6tuvagninn er fj\u00f6lnota vagn til \u00feess a\u00f0 flytja pl\u00f6tur,gler og allt \u00fea\u00f0 sem \u00fe\u00e9r dettur \u00ed hug. Me\u00f0 bur\u00f0argetu upp\u00e1 350kg Pl\u00f6tuvagninn er nau\u00f0syn \u00e1 \u00f6llum byggingarsv\u00e6\u00f0um. -Fjarl\u00e6ganleg handri\u00f0 -Fyllt dekk -350Kg Bur\u00f0argeta -F\u00e1ranlega au\u00f0veldur \u00ed notkun.","breadcrumb":{"@id":"https:\/\/www.diapro.is\/vara\/board-trolley\/#breadcrumb"},"inLanguage":"en-US","potentialAction":[{"@type":"ReadAction","target":["https:\/\/www.diapro.is\/vara\/board-trolley\/"]}]},{"@type":"ImageObject","inLanguage":"en-US","@id":"https:\/\/www.diapro.is\/vara\/board-trolley\/#primaryimage","url":"https:\/\/www.diapro.is\/wp-content\/uploads\/2022\/03\/starke-arvid-produkt-skivvagn-mini-1.png","contentUrl":"https:\/\/www.diapro.is\/wp-content\/uploads\/2022\/03\/starke-arvid-produkt-skivvagn-mini-1.png","width":832,"height":440},{"@type":"BreadcrumbList","@id":"https:\/\/www.diapro.is\/vara\/board-trolley\/#breadcrumb","itemListElement":[{"@type":"ListItem","position":1,"name":"Home","item":"https:\/\/www.diapro.is\/en\/"},{"@type":"ListItem","position":2,"name":"Shop","item":"https:\/\/www.diapro.is\/en\/"},{"@type":"ListItem","position":3,"name":"Pl\u00f6tuvagninn"}]},{"@type":"WebSite","@id":"https:\/\/www.diapro.is\/#website","url":"https:\/\/www.diapro.is\/","name":"Diapro","description":"Diapro","publisher":{"@id":"https:\/\/www.diapro.is\/#organization"},"potentialAction":[{"@type":"SearchAction","target":{"@type":"EntryPoint","urlTemplate":"https:\/\/www.diapro.is\/?s={search_term_string}"},"query-input":{"@type":"PropertyValueSpecification","valueRequired":true,"valueName":"search_term_string"}}],"inLanguage":"en-US"},{"@type":"Organization","@id":"https:\/\/www.diapro.is\/#organization","name":"Diapro","url":"https:\/\/www.diapro.is\/","logo":{"@type":"ImageObject","inLanguage":"en-US","@id":"https:\/\/www.diapro.is\/#\/schema\/logo\/image\/","url":"https:\/\/www.diapro.is\/wp-content\/uploads\/2021\/09\/BORSmal_Logo.png","contentUrl":"https:\/\/www.diapro.is\/wp-content\/uploads\/2021\/09\/BORSmal_Logo.png","width":100,"height":100,"caption":"Diapro"},"image":{"@id":"https:\/\/www.diapro.is\/#\/schema\/logo\/image\/"}}]}},"_links":{"self":[{"href":"https:\/\/www.diapro.is\/en\/wp-json\/wp\/v2\/product\/2070","targetHints":{"allow":["GET"]}}],"collection":[{"href":"https:\/\/www.diapro.is\/en\/wp-json\/wp\/v2\/product"}],"about":[{"href":"https:\/\/www.diapro.is\/en\/wp-json\/wp\/v2\/types\/product"}],"wp:featuredmedia":[{"embeddable":true,"href":"https:\/\/www.diapro.is\/en\/wp-json\/wp\/v2\/media\/2071"}],"wp:attachment":[{"href":"https:\/\/www.diapro.is\/en\/wp-json\/wp\/v2\/media?parent=2070"}],"wp:term":[{"taxonomy":"product_brand","embeddable":true,"href":"https:\/\/www.diapro.is\/en\/wp-json\/wp\/v2\/product_brand?post=2070"},{"taxonomy":"product_cat","embeddable":true,"href":"https:\/\/www.diapro.is\/en\/wp-json\/wp\/v2\/product_cat?post=2070"},{"taxonomy":"product_tag","embeddable":true,"href":"https:\/\/www.diapro.is\/en\/wp-json\/wp\/v2\/product_tag?post=2070"}],"curies":[{"name":"wp","href":"https:\/\/api.w.org\/{rel}","templated":true}]}}