{"id":2067,"date":"2022-03-14T11:17:13","date_gmt":"2022-03-14T11:17:13","guid":{"rendered":"https:\/\/www.diapro.is\/?post_type=product&#038;p=2067"},"modified":"2024-04-05T17:09:13","modified_gmt":"2024-04-05T17:09:13","slug":"site-box-1200","status":"publish","type":"product","link":"https:\/\/www.diapro.is\/en\/product\/site-box-1200\/","title":{"rendered":"Verkf\u00e6ravagninn"},"content":{"rendered":"<h4><em>Keep your tools safely locked away with our Site Box 1200, easily and conveniently bringing them along between jobs.<\/em><\/h4>\n<p>The Site Box\u00a0is easily handled with two sturdy handles and four swivel wheels. When you need to use it as a work bench, there are two lockable wheels to increase stability. With a gas-dampened spring function, the cover becomes weightless both folded up and folded down \u2013 with the advantage of almost completely eliminating the risk of crushing.<\/p>\n<p><strong>Scope of use<\/strong><br \/>\nA Site Box is the optimal way to access important tools in a smooth and efficient manner. Time is unnecessarily wasted every day looking for the right tools when they are needed. Organise your tools so that you always find the right one on the first try.<\/p>\n<p><span class=\"toggle-flickup action-button\">Technical specification<\/span><\/p>\n<div class=\"flickup-content\">\n<table>\n<tbody>\n<tr>\n<td>Artikel nr:<\/td>\n<td>36100<\/td>\n<td><\/td>\n<\/tr>\n<tr>\n<td>H\u00e1marks \u00e1lag:<\/td>\n<td>500 kg<\/td>\n<td><\/td>\n<\/tr>\n<tr>\n<td>Breidd:<\/td>\n<td>650 mm<\/td>\n<td><\/td>\n<\/tr>\n<tr>\n<td>Lengd:<\/td>\n<td>1000 mm<\/td>\n<td><\/td>\n<\/tr>\n<tr>\n<td>\u00deyngd:<\/td>\n<td>115 kg<\/td>\n<td><\/td>\n<\/tr>\n<tr>\n<td>SRA-kod:<\/td>\n<td>161223<\/td>\n<td><\/td>\n<\/tr>\n<tr>\n<td>H\u00e6\u00f0 m\/ hj\u00f3lum:<\/td>\n<td>1000 mm<\/td>\n<td><\/td>\n<\/tr>\n<tr>\n<td>Tillval:<\/td>\n<td>Lyft\u00f6glor<\/td>\n<td><\/td>\n<\/tr>\n<tr>\n<td>R\u00fdmd:<\/td>\n<td>450 l<\/td>\n<\/tr>\n<\/tbody>\n<\/table>\n<\/div>\n","protected":false},"excerpt":{"rendered":"<p>Haf\u00f0u \u00f6ll verkf\u00e6rin \u00e1 einum sta\u00f0. Virkilega vel hanna\u00f0ur og sterklega bygg\u00f0ur verkf\u00e6ravagn sem au\u00f0veldar \u00fe\u00e9r vinnuna.<\/p>\n<ul>\n<li>L\u00e6sanlegur<\/li>\n<li>Bur\u00f0argeta 500kg<\/li>\n<li>Handfang<\/li>\n<li>L\u00e6sanleg hj\u00f3l<\/li>\n<li>Gas demparar \u00e1 loki<\/li>\n<\/ul>\n<div class=\"flickup-container\">\n<div class=\"flickup-outer\">\n<div class=\"flickup\"><\/div>\n<\/div>\n<\/div>\n","protected":false},"featured_media":2068,"template":"","meta":[],"product_brand":[],"product_cat":[75],"product_tag":[],"class_list":{"0":"post-2067","1":"product","2":"type-product","3":"status-publish","4":"has-post-thumbnail","6":"product_cat-oflokkad","8":"first","9":"onbackorder","10":"taxable","11":"shipping-taxable","12":"purchasable","13":"product-type-simple"},"yoast_head":"<!-- This site is optimized with the Yoast SEO plugin v26.6 - https:\/\/yoast.com\/wordpress\/plugins\/seo\/ -->\n<title>Verkf\u00e6ravagninn | Diapro<\/title>\n<meta name=\"description\" content=\"Haf\u00f0u \u00f6ll verkf\u00e6rin \u00e1 einum sta\u00f0. Virkilega vel hanna\u00f0ur og sterklega bygg\u00f0ur verkf\u00e6ravagn sem au\u00f0veldar \u00fe\u00e9r vinnuna.   L\u00e6sanlegur  Bur\u00f0argeta 500kg  Handfang  L\u00e6sanleg hj\u00f3l  Gas demparar \u00e1 loki\" \/>\n<meta name=\"robots\" content=\"index, follow, max-snippet:-1, max-image-preview:large, max-video-preview:-1\" \/>\n<link rel=\"canonical\" href=\"https:\/\/www.diapro.is\/vara\/site-box-1200\/\" \/>\n<meta property=\"og:locale\" content=\"en_US\" \/>\n<meta property=\"og:type\" content=\"article\" \/>\n<meta property=\"og:title\" content=\"Verkf\u00e6ravagninn | Diapro\" \/>\n<meta property=\"og:description\" content=\"Haf\u00f0u \u00f6ll verkf\u00e6rin \u00e1 einum sta\u00f0. Virkilega vel hanna\u00f0ur og sterklega bygg\u00f0ur verkf\u00e6ravagn sem au\u00f0veldar \u00fe\u00e9r vinnuna.   L\u00e6sanlegur  Bur\u00f0argeta 500kg  Handfang  L\u00e6sanleg hj\u00f3l  Gas demparar \u00e1 loki\" \/>\n<meta property=\"og:url\" content=\"https:\/\/www.diapro.is\/vara\/site-box-1200\/\" \/>\n<meta property=\"og:site_name\" content=\"Diapro\" \/>\n<meta property=\"article:modified_time\" content=\"2024-04-05T17:09:13+00:00\" \/>\n<meta property=\"og:image\" content=\"https:\/\/www.diapro.is\/wp-content\/uploads\/2022\/03\/Sitebox1200.png\" \/>\n\t<meta property=\"og:image:width\" content=\"832\" \/>\n\t<meta property=\"og:image:height\" content=\"440\" \/>\n\t<meta property=\"og:image:type\" content=\"image\/png\" \/>\n<meta name=\"twitter:card\" content=\"summary_large_image\" \/>\n<meta name=\"twitter:label1\" content=\"Est. reading time\" \/>\n\t<meta name=\"twitter:data1\" content=\"1 minute\" \/>\n<script type=\"application\/ld+json\" class=\"yoast-schema-graph\">{\"@context\":\"https:\/\/schema.org\",\"@graph\":[{\"@type\":\"WebPage\",\"@id\":\"https:\/\/www.diapro.is\/vara\/site-box-1200\/\",\"url\":\"https:\/\/www.diapro.is\/vara\/site-box-1200\/\",\"name\":\"Verkf\u00e6ravagninn | Diapro\",\"isPartOf\":{\"@id\":\"https:\/\/www.diapro.is\/#website\"},\"primaryImageOfPage\":{\"@id\":\"https:\/\/www.diapro.is\/vara\/site-box-1200\/#primaryimage\"},\"image\":{\"@id\":\"https:\/\/www.diapro.is\/vara\/site-box-1200\/#primaryimage\"},\"thumbnailUrl\":\"https:\/\/www.diapro.is\/wp-content\/uploads\/2022\/03\/Sitebox1200.png\",\"datePublished\":\"2022-03-14T11:17:13+00:00\",\"dateModified\":\"2024-04-05T17:09:13+00:00\",\"description\":\"Haf\u00f0u \u00f6ll verkf\u00e6rin \u00e1 einum sta\u00f0. Virkilega vel hanna\u00f0ur og sterklega bygg\u00f0ur verkf\u00e6ravagn sem au\u00f0veldar \u00fe\u00e9r vinnuna. L\u00e6sanlegur Bur\u00f0argeta 500kg Handfang L\u00e6sanleg hj\u00f3l Gas demparar \u00e1 loki\",\"breadcrumb\":{\"@id\":\"https:\/\/www.diapro.is\/vara\/site-box-1200\/#breadcrumb\"},\"inLanguage\":\"en-US\",\"potentialAction\":[{\"@type\":\"ReadAction\",\"target\":[\"https:\/\/www.diapro.is\/vara\/site-box-1200\/\"]}]},{\"@type\":\"ImageObject\",\"inLanguage\":\"en-US\",\"@id\":\"https:\/\/www.diapro.is\/vara\/site-box-1200\/#primaryimage\",\"url\":\"https:\/\/www.diapro.is\/wp-content\/uploads\/2022\/03\/Sitebox1200.png\",\"contentUrl\":\"https:\/\/www.diapro.is\/wp-content\/uploads\/2022\/03\/Sitebox1200.png\",\"width\":832,\"height\":440},{\"@type\":\"BreadcrumbList\",\"@id\":\"https:\/\/www.diapro.is\/vara\/site-box-1200\/#breadcrumb\",\"itemListElement\":[{\"@type\":\"ListItem\",\"position\":1,\"name\":\"Home\",\"item\":\"https:\/\/www.diapro.is\/en\/\"},{\"@type\":\"ListItem\",\"position\":2,\"name\":\"Shop\",\"item\":\"https:\/\/www.diapro.is\/en\/\"},{\"@type\":\"ListItem\",\"position\":3,\"name\":\"Verkf\u00e6ravagninn\"}]},{\"@type\":\"WebSite\",\"@id\":\"https:\/\/www.diapro.is\/#website\",\"url\":\"https:\/\/www.diapro.is\/\",\"name\":\"Diapro\",\"description\":\"Diapro\",\"publisher\":{\"@id\":\"https:\/\/www.diapro.is\/#organization\"},\"potentialAction\":[{\"@type\":\"SearchAction\",\"target\":{\"@type\":\"EntryPoint\",\"urlTemplate\":\"https:\/\/www.diapro.is\/?s={search_term_string}\"},\"query-input\":{\"@type\":\"PropertyValueSpecification\",\"valueRequired\":true,\"valueName\":\"search_term_string\"}}],\"inLanguage\":\"en-US\"},{\"@type\":\"Organization\",\"@id\":\"https:\/\/www.diapro.is\/#organization\",\"name\":\"Diapro\",\"url\":\"https:\/\/www.diapro.is\/\",\"logo\":{\"@type\":\"ImageObject\",\"inLanguage\":\"en-US\",\"@id\":\"https:\/\/www.diapro.is\/#\/schema\/logo\/image\/\",\"url\":\"https:\/\/www.diapro.is\/wp-content\/uploads\/2021\/09\/BORSmal_Logo.png\",\"contentUrl\":\"https:\/\/www.diapro.is\/wp-content\/uploads\/2021\/09\/BORSmal_Logo.png\",\"width\":100,\"height\":100,\"caption\":\"Diapro\"},\"image\":{\"@id\":\"https:\/\/www.diapro.is\/#\/schema\/logo\/image\/\"}}]}<\/script>\n<!-- \/ Yoast SEO plugin. -->","yoast_head_json":{"title":"Verkf\u00e6ravagninn | Diapro","description":"Haf\u00f0u \u00f6ll verkf\u00e6rin \u00e1 einum sta\u00f0. Virkilega vel hanna\u00f0ur og sterklega bygg\u00f0ur verkf\u00e6ravagn sem au\u00f0veldar \u00fe\u00e9r vinnuna.   L\u00e6sanlegur  Bur\u00f0argeta 500kg  Handfang  L\u00e6sanleg hj\u00f3l  Gas demparar \u00e1 loki","robots":{"index":"index","follow":"follow","max-snippet":"max-snippet:-1","max-image-preview":"max-image-preview:large","max-video-preview":"max-video-preview:-1"},"canonical":"https:\/\/www.diapro.is\/vara\/site-box-1200\/","og_locale":"en_US","og_type":"article","og_title":"Verkf\u00e6ravagninn | Diapro","og_description":"Haf\u00f0u \u00f6ll verkf\u00e6rin \u00e1 einum sta\u00f0. Virkilega vel hanna\u00f0ur og sterklega bygg\u00f0ur verkf\u00e6ravagn sem au\u00f0veldar \u00fe\u00e9r vinnuna.   L\u00e6sanlegur  Bur\u00f0argeta 500kg  Handfang  L\u00e6sanleg hj\u00f3l  Gas demparar \u00e1 loki","og_url":"https:\/\/www.diapro.is\/vara\/site-box-1200\/","og_site_name":"Diapro","article_modified_time":"2024-04-05T17:09:13+00:00","og_image":[{"width":832,"height":440,"url":"https:\/\/www.diapro.is\/wp-content\/uploads\/2022\/03\/Sitebox1200.png","type":"image\/png"}],"twitter_card":"summary_large_image","twitter_misc":{"Est. reading time":"1 minute"},"schema":{"@context":"https:\/\/schema.org","@graph":[{"@type":"WebPage","@id":"https:\/\/www.diapro.is\/vara\/site-box-1200\/","url":"https:\/\/www.diapro.is\/vara\/site-box-1200\/","name":"Verkf\u00e6ravagninn | Diapro","isPartOf":{"@id":"https:\/\/www.diapro.is\/#website"},"primaryImageOfPage":{"@id":"https:\/\/www.diapro.is\/vara\/site-box-1200\/#primaryimage"},"image":{"@id":"https:\/\/www.diapro.is\/vara\/site-box-1200\/#primaryimage"},"thumbnailUrl":"https:\/\/www.diapro.is\/wp-content\/uploads\/2022\/03\/Sitebox1200.png","datePublished":"2022-03-14T11:17:13+00:00","dateModified":"2024-04-05T17:09:13+00:00","description":"Haf\u00f0u \u00f6ll verkf\u00e6rin \u00e1 einum sta\u00f0. Virkilega vel hanna\u00f0ur og sterklega bygg\u00f0ur verkf\u00e6ravagn sem au\u00f0veldar \u00fe\u00e9r vinnuna. L\u00e6sanlegur Bur\u00f0argeta 500kg Handfang L\u00e6sanleg hj\u00f3l Gas demparar \u00e1 loki","breadcrumb":{"@id":"https:\/\/www.diapro.is\/vara\/site-box-1200\/#breadcrumb"},"inLanguage":"en-US","potentialAction":[{"@type":"ReadAction","target":["https:\/\/www.diapro.is\/vara\/site-box-1200\/"]}]},{"@type":"ImageObject","inLanguage":"en-US","@id":"https:\/\/www.diapro.is\/vara\/site-box-1200\/#primaryimage","url":"https:\/\/www.diapro.is\/wp-content\/uploads\/2022\/03\/Sitebox1200.png","contentUrl":"https:\/\/www.diapro.is\/wp-content\/uploads\/2022\/03\/Sitebox1200.png","width":832,"height":440},{"@type":"BreadcrumbList","@id":"https:\/\/www.diapro.is\/vara\/site-box-1200\/#breadcrumb","itemListElement":[{"@type":"ListItem","position":1,"name":"Home","item":"https:\/\/www.diapro.is\/en\/"},{"@type":"ListItem","position":2,"name":"Shop","item":"https:\/\/www.diapro.is\/en\/"},{"@type":"ListItem","position":3,"name":"Verkf\u00e6ravagninn"}]},{"@type":"WebSite","@id":"https:\/\/www.diapro.is\/#website","url":"https:\/\/www.diapro.is\/","name":"Diapro","description":"Diapro","publisher":{"@id":"https:\/\/www.diapro.is\/#organization"},"potentialAction":[{"@type":"SearchAction","target":{"@type":"EntryPoint","urlTemplate":"https:\/\/www.diapro.is\/?s={search_term_string}"},"query-input":{"@type":"PropertyValueSpecification","valueRequired":true,"valueName":"search_term_string"}}],"inLanguage":"en-US"},{"@type":"Organization","@id":"https:\/\/www.diapro.is\/#organization","name":"Diapro","url":"https:\/\/www.diapro.is\/","logo":{"@type":"ImageObject","inLanguage":"en-US","@id":"https:\/\/www.diapro.is\/#\/schema\/logo\/image\/","url":"https:\/\/www.diapro.is\/wp-content\/uploads\/2021\/09\/BORSmal_Logo.png","contentUrl":"https:\/\/www.diapro.is\/wp-content\/uploads\/2021\/09\/BORSmal_Logo.png","width":100,"height":100,"caption":"Diapro"},"image":{"@id":"https:\/\/www.diapro.is\/#\/schema\/logo\/image\/"}}]}},"_links":{"self":[{"href":"https:\/\/www.diapro.is\/en\/wp-json\/wp\/v2\/product\/2067","targetHints":{"allow":["GET"]}}],"collection":[{"href":"https:\/\/www.diapro.is\/en\/wp-json\/wp\/v2\/product"}],"about":[{"href":"https:\/\/www.diapro.is\/en\/wp-json\/wp\/v2\/types\/product"}],"wp:featuredmedia":[{"embeddable":true,"href":"https:\/\/www.diapro.is\/en\/wp-json\/wp\/v2\/media\/2068"}],"wp:attachment":[{"href":"https:\/\/www.diapro.is\/en\/wp-json\/wp\/v2\/media?parent=2067"}],"wp:term":[{"taxonomy":"product_brand","embeddable":true,"href":"https:\/\/www.diapro.is\/en\/wp-json\/wp\/v2\/product_brand?post=2067"},{"taxonomy":"product_cat","embeddable":true,"href":"https:\/\/www.diapro.is\/en\/wp-json\/wp\/v2\/product_cat?post=2067"},{"taxonomy":"product_tag","embeddable":true,"href":"https:\/\/www.diapro.is\/en\/wp-json\/wp\/v2\/product_tag?post=2067"}],"curies":[{"name":"wp","href":"https:\/\/api.w.org\/{rel}","templated":true}]}}