{"id":2049,"date":"2022-03-14T10:44:48","date_gmt":"2022-03-14T10:44:48","guid":{"rendered":"https:\/\/www.diapro.is\/?post_type=product&#038;p=2049"},"modified":"2024-09-11T14:55:00","modified_gmt":"2024-09-11T14:55:00","slug":"dc-50-w","status":"publish","type":"product","link":"https:\/\/www.diapro.is\/en\/product\/dc-50-w\/","title":{"rendered":"DC 50 &#8211; W Vatnssuga"},"content":{"rendered":"<p>When working with concrete coring, large quantities of water have to be used and this water gets very dirty. Using liquids extractors to effectively extract the water avoids the working area being wet and dirty.<\/p>\n<p>In our liquids extractors\/wet-vacs, de-watering of slurry is integrated into the unit and clean water is pumped out of the drain hose. The slurry solids are collected in a filter bag for ease of handling and disposal.<\/p>\n<p>The Dustcontrol w-line wet-vacs are easily dissambled for cleaning and de-contamination. This is an important detail on units requiring frequent cleaning. Robust construction helps these units resist the knocks of everyday use.<\/p>\n","protected":false},"excerpt":{"rendered":"<p>Vatnssuga sem s\u00edar vatni\u00f0 sem fer \u00ed gegnum hana og d\u00e6lir h\u00fan \u00fev\u00ed einnig \u00fat.<\/p>\n","protected":false},"featured_media":2051,"template":"","meta":[],"product_brand":[],"product_cat":[95],"product_tag":[],"class_list":{"0":"post-2049","1":"product","2":"type-product","3":"status-publish","4":"has-post-thumbnail","6":"product_cat-dustcontrol-vorur","8":"first","9":"instock","10":"taxable","11":"shipping-taxable","12":"purchasable","13":"product-type-simple"},"yoast_head":"<!-- This site is optimized with the Yoast SEO plugin v26.6 - https:\/\/yoast.com\/wordpress\/plugins\/seo\/ -->\n<title>DC 50 - W Vatnssuga | Diapro<\/title>\n<meta name=\"description\" content=\"Vatnssuga sem s\u00edar vatni\u00f0 sem fer \u00ed gegnum hana og d\u00e6lir h\u00fan \u00fev\u00ed einnig \u00fat.\" \/>\n<meta name=\"robots\" content=\"index, follow, max-snippet:-1, max-image-preview:large, max-video-preview:-1\" \/>\n<link rel=\"canonical\" href=\"https:\/\/www.diapro.is\/vara\/dc-50-w\/\" \/>\n<meta property=\"og:locale\" content=\"en_US\" \/>\n<meta property=\"og:type\" content=\"article\" \/>\n<meta property=\"og:title\" content=\"DC 50 - W Vatnssuga | Diapro\" \/>\n<meta property=\"og:description\" content=\"Vatnssuga sem s\u00edar vatni\u00f0 sem fer \u00ed gegnum hana og d\u00e6lir h\u00fan \u00fev\u00ed einnig \u00fat.\" \/>\n<meta property=\"og:url\" content=\"https:\/\/www.diapro.is\/vara\/dc-50-w\/\" \/>\n<meta property=\"og:site_name\" content=\"Diapro\" \/>\n<meta property=\"article:modified_time\" content=\"2024-09-11T14:55:00+00:00\" \/>\n<meta property=\"og:image\" content=\"https:\/\/www.diapro.is\/wp-content\/uploads\/2022\/03\/DC-50-w.jpg\" \/>\n\t<meta property=\"og:image:width\" content=\"800\" \/>\n\t<meta property=\"og:image:height\" content=\"800\" \/>\n\t<meta property=\"og:image:type\" content=\"image\/jpeg\" \/>\n<meta name=\"twitter:card\" content=\"summary_large_image\" \/>\n<meta name=\"twitter:label1\" content=\"Est. reading time\" \/>\n\t<meta name=\"twitter:data1\" content=\"1 minute\" \/>\n<script type=\"application\/ld+json\" class=\"yoast-schema-graph\">{\"@context\":\"https:\/\/schema.org\",\"@graph\":[{\"@type\":\"WebPage\",\"@id\":\"https:\/\/www.diapro.is\/vara\/dc-50-w\/\",\"url\":\"https:\/\/www.diapro.is\/vara\/dc-50-w\/\",\"name\":\"DC 50 - W Vatnssuga | Diapro\",\"isPartOf\":{\"@id\":\"https:\/\/www.diapro.is\/#website\"},\"primaryImageOfPage\":{\"@id\":\"https:\/\/www.diapro.is\/vara\/dc-50-w\/#primaryimage\"},\"image\":{\"@id\":\"https:\/\/www.diapro.is\/vara\/dc-50-w\/#primaryimage\"},\"thumbnailUrl\":\"https:\/\/www.diapro.is\/wp-content\/uploads\/2022\/03\/DC-50-w.jpg\",\"datePublished\":\"2022-03-14T10:44:48+00:00\",\"dateModified\":\"2024-09-11T14:55:00+00:00\",\"description\":\"Vatnssuga sem s\u00edar vatni\u00f0 sem fer \u00ed gegnum hana og d\u00e6lir h\u00fan \u00fev\u00ed einnig \u00fat.\",\"breadcrumb\":{\"@id\":\"https:\/\/www.diapro.is\/vara\/dc-50-w\/#breadcrumb\"},\"inLanguage\":\"en-US\",\"potentialAction\":[{\"@type\":\"ReadAction\",\"target\":[\"https:\/\/www.diapro.is\/vara\/dc-50-w\/\"]}]},{\"@type\":\"ImageObject\",\"inLanguage\":\"en-US\",\"@id\":\"https:\/\/www.diapro.is\/vara\/dc-50-w\/#primaryimage\",\"url\":\"https:\/\/www.diapro.is\/wp-content\/uploads\/2022\/03\/DC-50-w.jpg\",\"contentUrl\":\"https:\/\/www.diapro.is\/wp-content\/uploads\/2022\/03\/DC-50-w.jpg\",\"width\":800,\"height\":800},{\"@type\":\"BreadcrumbList\",\"@id\":\"https:\/\/www.diapro.is\/vara\/dc-50-w\/#breadcrumb\",\"itemListElement\":[{\"@type\":\"ListItem\",\"position\":1,\"name\":\"Home\",\"item\":\"https:\/\/www.diapro.is\/en\/\"},{\"@type\":\"ListItem\",\"position\":2,\"name\":\"Shop\",\"item\":\"https:\/\/www.diapro.is\/en\/\"},{\"@type\":\"ListItem\",\"position\":3,\"name\":\"DC 50 &#8211; W Vatnssuga\"}]},{\"@type\":\"WebSite\",\"@id\":\"https:\/\/www.diapro.is\/#website\",\"url\":\"https:\/\/www.diapro.is\/\",\"name\":\"Diapro\",\"description\":\"Diapro\",\"publisher\":{\"@id\":\"https:\/\/www.diapro.is\/#organization\"},\"potentialAction\":[{\"@type\":\"SearchAction\",\"target\":{\"@type\":\"EntryPoint\",\"urlTemplate\":\"https:\/\/www.diapro.is\/?s={search_term_string}\"},\"query-input\":{\"@type\":\"PropertyValueSpecification\",\"valueRequired\":true,\"valueName\":\"search_term_string\"}}],\"inLanguage\":\"en-US\"},{\"@type\":\"Organization\",\"@id\":\"https:\/\/www.diapro.is\/#organization\",\"name\":\"Diapro\",\"url\":\"https:\/\/www.diapro.is\/\",\"logo\":{\"@type\":\"ImageObject\",\"inLanguage\":\"en-US\",\"@id\":\"https:\/\/www.diapro.is\/#\/schema\/logo\/image\/\",\"url\":\"https:\/\/www.diapro.is\/wp-content\/uploads\/2021\/09\/BORSmal_Logo.png\",\"contentUrl\":\"https:\/\/www.diapro.is\/wp-content\/uploads\/2021\/09\/BORSmal_Logo.png\",\"width\":100,\"height\":100,\"caption\":\"Diapro\"},\"image\":{\"@id\":\"https:\/\/www.diapro.is\/#\/schema\/logo\/image\/\"}}]}<\/script>\n<!-- \/ Yoast SEO plugin. -->","yoast_head_json":{"title":"DC 50 - W Vatnssuga | Diapro","description":"Vatnssuga sem s\u00edar vatni\u00f0 sem fer \u00ed gegnum hana og d\u00e6lir h\u00fan \u00fev\u00ed einnig \u00fat.","robots":{"index":"index","follow":"follow","max-snippet":"max-snippet:-1","max-image-preview":"max-image-preview:large","max-video-preview":"max-video-preview:-1"},"canonical":"https:\/\/www.diapro.is\/vara\/dc-50-w\/","og_locale":"en_US","og_type":"article","og_title":"DC 50 - W Vatnssuga | Diapro","og_description":"Vatnssuga sem s\u00edar vatni\u00f0 sem fer \u00ed gegnum hana og d\u00e6lir h\u00fan \u00fev\u00ed einnig \u00fat.","og_url":"https:\/\/www.diapro.is\/vara\/dc-50-w\/","og_site_name":"Diapro","article_modified_time":"2024-09-11T14:55:00+00:00","og_image":[{"width":800,"height":800,"url":"https:\/\/www.diapro.is\/wp-content\/uploads\/2022\/03\/DC-50-w.jpg","type":"image\/jpeg"}],"twitter_card":"summary_large_image","twitter_misc":{"Est. reading time":"1 minute"},"schema":{"@context":"https:\/\/schema.org","@graph":[{"@type":"WebPage","@id":"https:\/\/www.diapro.is\/vara\/dc-50-w\/","url":"https:\/\/www.diapro.is\/vara\/dc-50-w\/","name":"DC 50 - W Vatnssuga | Diapro","isPartOf":{"@id":"https:\/\/www.diapro.is\/#website"},"primaryImageOfPage":{"@id":"https:\/\/www.diapro.is\/vara\/dc-50-w\/#primaryimage"},"image":{"@id":"https:\/\/www.diapro.is\/vara\/dc-50-w\/#primaryimage"},"thumbnailUrl":"https:\/\/www.diapro.is\/wp-content\/uploads\/2022\/03\/DC-50-w.jpg","datePublished":"2022-03-14T10:44:48+00:00","dateModified":"2024-09-11T14:55:00+00:00","description":"Vatnssuga sem s\u00edar vatni\u00f0 sem fer \u00ed gegnum hana og d\u00e6lir h\u00fan \u00fev\u00ed einnig \u00fat.","breadcrumb":{"@id":"https:\/\/www.diapro.is\/vara\/dc-50-w\/#breadcrumb"},"inLanguage":"en-US","potentialAction":[{"@type":"ReadAction","target":["https:\/\/www.diapro.is\/vara\/dc-50-w\/"]}]},{"@type":"ImageObject","inLanguage":"en-US","@id":"https:\/\/www.diapro.is\/vara\/dc-50-w\/#primaryimage","url":"https:\/\/www.diapro.is\/wp-content\/uploads\/2022\/03\/DC-50-w.jpg","contentUrl":"https:\/\/www.diapro.is\/wp-content\/uploads\/2022\/03\/DC-50-w.jpg","width":800,"height":800},{"@type":"BreadcrumbList","@id":"https:\/\/www.diapro.is\/vara\/dc-50-w\/#breadcrumb","itemListElement":[{"@type":"ListItem","position":1,"name":"Home","item":"https:\/\/www.diapro.is\/en\/"},{"@type":"ListItem","position":2,"name":"Shop","item":"https:\/\/www.diapro.is\/en\/"},{"@type":"ListItem","position":3,"name":"DC 50 &#8211; W Vatnssuga"}]},{"@type":"WebSite","@id":"https:\/\/www.diapro.is\/#website","url":"https:\/\/www.diapro.is\/","name":"Diapro","description":"Diapro","publisher":{"@id":"https:\/\/www.diapro.is\/#organization"},"potentialAction":[{"@type":"SearchAction","target":{"@type":"EntryPoint","urlTemplate":"https:\/\/www.diapro.is\/?s={search_term_string}"},"query-input":{"@type":"PropertyValueSpecification","valueRequired":true,"valueName":"search_term_string"}}],"inLanguage":"en-US"},{"@type":"Organization","@id":"https:\/\/www.diapro.is\/#organization","name":"Diapro","url":"https:\/\/www.diapro.is\/","logo":{"@type":"ImageObject","inLanguage":"en-US","@id":"https:\/\/www.diapro.is\/#\/schema\/logo\/image\/","url":"https:\/\/www.diapro.is\/wp-content\/uploads\/2021\/09\/BORSmal_Logo.png","contentUrl":"https:\/\/www.diapro.is\/wp-content\/uploads\/2021\/09\/BORSmal_Logo.png","width":100,"height":100,"caption":"Diapro"},"image":{"@id":"https:\/\/www.diapro.is\/#\/schema\/logo\/image\/"}}]}},"_links":{"self":[{"href":"https:\/\/www.diapro.is\/en\/wp-json\/wp\/v2\/product\/2049","targetHints":{"allow":["GET"]}}],"collection":[{"href":"https:\/\/www.diapro.is\/en\/wp-json\/wp\/v2\/product"}],"about":[{"href":"https:\/\/www.diapro.is\/en\/wp-json\/wp\/v2\/types\/product"}],"wp:featuredmedia":[{"embeddable":true,"href":"https:\/\/www.diapro.is\/en\/wp-json\/wp\/v2\/media\/2051"}],"wp:attachment":[{"href":"https:\/\/www.diapro.is\/en\/wp-json\/wp\/v2\/media?parent=2049"}],"wp:term":[{"taxonomy":"product_brand","embeddable":true,"href":"https:\/\/www.diapro.is\/en\/wp-json\/wp\/v2\/product_brand?post=2049"},{"taxonomy":"product_cat","embeddable":true,"href":"https:\/\/www.diapro.is\/en\/wp-json\/wp\/v2\/product_cat?post=2049"},{"taxonomy":"product_tag","embeddable":true,"href":"https:\/\/www.diapro.is\/en\/wp-json\/wp\/v2\/product_tag?post=2049"}],"curies":[{"name":"wp","href":"https:\/\/api.w.org\/{rel}","templated":true}]}}